{"id":982,"date":"2014-05-30T08:42:12","date_gmt":"2014-05-30T08:42:12","guid":{"rendered":"http:\/\/www.grand-hotel-de-normandie.com\/new\/home-page\/"},"modified":"2024-01-15T10:06:47","modified_gmt":"2024-01-15T09:06:47","slug":"grand-hotel-de-normandie","status":"publish","type":"page","link":"https:\/\/www.grand-hotel-de-normandie.com\/en\/","title":{"rendered":"Hotel"},"content":{"rendered":"\t<div class=\"pixcode  pixcode--grid  grid\" >\n\t\t\t<div class=\"grid__item six-twelfths palm-one-whole\" >\n\t\t\n<h3><\/h3>\n<h3 style=\"text-align: center;\">Our history<\/h3>\n<p style=\"text-align: center;\">Every road brings you to Le Grand Hotel de Normandie !<\/p>\n<p style=\"text-align: center;\"><a id=\"open-histoire\" class=\"pixcode  pixcode--btn  btn  toggle pixcode pixcode--btn btn btn--text\" href=\"history\/?lang=en\/\" >More details<\/a>\n<div id=\"histoire\" style=\"display: none; text-align: center;\">Tous les chemins m\u00e8nent au Grand h\u00f4tel de Normandie\u00a0!<br \/>\nAu quartier de l&#8217;Op\u00e9ra id\u00e9alement situ\u00e9 au centre de Paris entre les Champs \u00c9lys\u00e9e et le quartier de Montmartre.<br \/>\nLe quartier du shopping avec les Galeries Lafayette et les Grands Magasins du Printemps Haussmann en moins de 5 minutes \u00e0 pied<br \/>\nLe quartier des Th\u00e9atres, \u00e0 proximit\u00e9 des salles majeures de la capitale tel que: Mogador, Casino de Paris, L&#8217;Olympia, Grand REX, Palais Garnier, Th\u00e9atre de la Madeleine &#8230;<br \/>\nLe mus\u00e9 du Louvre ne se trouvant qu&#8217;\u00e0 2 km., la place de la Concorde, le Jardin des Tuileries, le Moulin Rouge \u00e0 seulement 10 minutes\u00a0!\u00a0; L&#8217;Op\u00e9ra Garnier est situ\u00e9 \u00e0 moins de 8 minutes de marche ainsi que la Place de la Madeleine<\/div>\n\t<\/div>\n\n\t<div class=\"grid__item three-twelfths palm-one-whole\" >\n\t\t\n<img loading=\"lazy\" decoding=\"async\" class=\"alignnone wp-image-627 size-full\" src=\"http:\/\/www.grand-hotel-de-normandie.com\/new\/wp-content\/uploads\/2014\/05\/home-histoire.jpg\" alt=\"\" width=\"307\" height=\"420\" srcset=\"https:\/\/www.grand-hotel-de-normandie.com\/wp-content\/uploads\/2014\/05\/home-histoire.jpg 307w, https:\/\/www.grand-hotel-de-normandie.com\/wp-content\/uploads\/2014\/05\/home-histoire-219x300.jpg 219w\" sizes=\"auto, (max-width: 307px) 100vw, 307px\" \/><br \/>\n\t<\/div>\n\n\t<div class=\"grid__item three-twelfths palm-one-whole\" >\n\t\t\n<p style=\"text-align: center;\"><img loading=\"lazy\" decoding=\"async\" class=\"attachment-medium alignnone wp-image-629 size-full\" src=\"http:\/\/www.grand-hotel-de-normandie.com\/new\/wp-content\/uploads\/2014\/05\/home-histoire-2.jpg\" alt=\"\" width=\"307\" height=\"420\" srcset=\"https:\/\/www.grand-hotel-de-normandie.com\/wp-content\/uploads\/2014\/05\/home-histoire-2.jpg 307w, https:\/\/www.grand-hotel-de-normandie.com\/wp-content\/uploads\/2014\/05\/home-histoire-2-219x300.jpg 219w\" sizes=\"auto, (max-width: 307px) 100vw, 307px\" \/><\/p>\n\t<\/div>\n\t<\/div>\n\n","protected":false},"excerpt":{"rendered":"","protected":false},"author":1,"featured_media":1251,"parent":0,"menu_order":0,"comment_status":"closed","ping_status":"closed","template":"","meta":{"footnotes":""},"class_list":["post-982","page","type-page","status-publish","has-post-thumbnail","hentry"],"yoast_head":"<!-- This site is optimized with the Yoast SEO plugin v25.9 - https:\/\/yoast.com\/wordpress\/plugins\/seo\/ -->\n<title>LE GRAND HOTEL DE NORMANDIE - SITE OFFICIEL<\/title>\n<meta name=\"description\" content=\"LE GRAND HOTEL DE NORMANDIE - SITE OFFICIEL - HOTEL OPERA PARIS 9. Online reservation.\" \/>\n<meta name=\"robots\" content=\"index, follow, max-snippet:-1, max-image-preview:large, max-video-preview:-1\" \/>\n<meta property=\"og:locale\" content=\"en_US\" \/>\n<meta property=\"og:type\" content=\"article\" \/>\n<meta property=\"og:title\" content=\"LE GRAND HOTEL DE NORMANDIE - SITE OFFICIEL\" \/>\n<meta property=\"og:description\" content=\"LE GRAND HOTEL DE NORMANDIE - SITE OFFICIEL - HOTEL OPERA PARIS 9. Online reservation.\" \/>\n<meta property=\"og:url\" content=\"https:\/\/www.grand-hotel-de-normandie.com\/en\/\" \/>\n<meta property=\"og:site_name\" content=\"Grand H\u00f4tel de Normandie ****\" \/>\n<meta property=\"article:modified_time\" content=\"2024-01-15T09:06:47+00:00\" \/>\n<meta property=\"og:image\" content=\"https:\/\/www.grand-hotel-de-normandie.com\/wp-content\/uploads\/2014\/05\/fotolia_126108484_m.jpg\" \/>\n\t<meta property=\"og:image:width\" content=\"2073\" \/>\n\t<meta property=\"og:image:height\" content=\"917\" \/>\n\t<meta property=\"og:image:type\" content=\"image\/jpeg\" \/>\n<meta name=\"twitter:card\" content=\"summary_large_image\" \/>\n<meta name=\"twitter:label1\" content=\"Est. reading time\" \/>\n\t<meta name=\"twitter:data1\" content=\"2 minutes\" \/>\n<script type=\"application\/ld+json\" class=\"yoast-schema-graph\">{\"@context\":\"https:\/\/schema.org\",\"@graph\":[{\"@type\":\"WebPage\",\"@id\":\"https:\/\/www.grand-hotel-de-normandie.com\/en\/\",\"url\":\"https:\/\/www.grand-hotel-de-normandie.com\/en\/\",\"name\":\"LE GRAND HOTEL DE NORMANDIE - SITE OFFICIEL\",\"isPartOf\":{\"@id\":\"https:\/\/www.grand-hotel-de-normandie.com\/#website\"},\"primaryImageOfPage\":{\"@id\":\"https:\/\/www.grand-hotel-de-normandie.com\/en\/#primaryimage\"},\"image\":{\"@id\":\"https:\/\/www.grand-hotel-de-normandie.com\/en\/#primaryimage\"},\"thumbnailUrl\":\"https:\/\/www.grand-hotel-de-normandie.com\/wp-content\/uploads\/2014\/05\/fotolia_126108484_m.jpg\",\"datePublished\":\"2014-05-30T08:42:12+00:00\",\"dateModified\":\"2024-01-15T09:06:47+00:00\",\"description\":\"LE GRAND HOTEL DE NORMANDIE - SITE OFFICIEL - HOTEL OPERA PARIS 9. Online reservation.\",\"breadcrumb\":{\"@id\":\"https:\/\/www.grand-hotel-de-normandie.com\/en\/#breadcrumb\"},\"inLanguage\":\"en-US\",\"potentialAction\":[{\"@type\":\"ReadAction\",\"target\":[\"https:\/\/www.grand-hotel-de-normandie.com\/en\/\"]}]},{\"@type\":\"ImageObject\",\"inLanguage\":\"en-US\",\"@id\":\"https:\/\/www.grand-hotel-de-normandie.com\/en\/#primaryimage\",\"url\":\"https:\/\/www.grand-hotel-de-normandie.com\/wp-content\/uploads\/2014\/05\/fotolia_126108484_m.jpg\",\"contentUrl\":\"https:\/\/www.grand-hotel-de-normandie.com\/wp-content\/uploads\/2014\/05\/fotolia_126108484_m.jpg\",\"width\":2073,\"height\":917,\"caption\":\"Paris, traffic on the Seine river at sunset, with Eiffel tower in background\"},{\"@type\":\"BreadcrumbList\",\"@id\":\"https:\/\/www.grand-hotel-de-normandie.com\/en\/#breadcrumb\",\"itemListElement\":[{\"@type\":\"ListItem\",\"position\":1,\"name\":\"Accueil\",\"item\":\"https:\/\/www.grand-hotel-de-normandie.com\/en\/\"},{\"@type\":\"ListItem\",\"position\":2,\"name\":\"Hotel\"}]},{\"@type\":\"WebSite\",\"@id\":\"https:\/\/www.grand-hotel-de-normandie.com\/#website\",\"url\":\"https:\/\/www.grand-hotel-de-normandie.com\/\",\"name\":\"Grand H\u00f4tel de Normandie ****\",\"description\":\"\",\"publisher\":{\"@id\":\"https:\/\/www.grand-hotel-de-normandie.com\/#organization\"},\"potentialAction\":[{\"@type\":\"SearchAction\",\"target\":{\"@type\":\"EntryPoint\",\"urlTemplate\":\"https:\/\/www.grand-hotel-de-normandie.com\/?s={search_term_string}\"},\"query-input\":{\"@type\":\"PropertyValueSpecification\",\"valueRequired\":true,\"valueName\":\"search_term_string\"}}],\"inLanguage\":\"en-US\"},{\"@type\":\"Organization\",\"@id\":\"https:\/\/www.grand-hotel-de-normandie.com\/#organization\",\"name\":\"Grand H\u00f4tel de Normandie\",\"url\":\"https:\/\/www.grand-hotel-de-normandie.com\/\",\"logo\":{\"@type\":\"ImageObject\",\"inLanguage\":\"en-US\",\"@id\":\"https:\/\/www.grand-hotel-de-normandie.com\/#\/schema\/logo\/image\/\",\"url\":\"https:\/\/www.grand-hotel-de-normandie.com\/wp-content\/uploads\/2018\/08\/logo.png\",\"contentUrl\":\"https:\/\/www.grand-hotel-de-normandie.com\/wp-content\/uploads\/2018\/08\/logo.png\",\"width\":1200,\"height\":1193,\"caption\":\"Grand H\u00f4tel de Normandie\"},\"image\":{\"@id\":\"https:\/\/www.grand-hotel-de-normandie.com\/#\/schema\/logo\/image\/\"}}]}<\/script>\n<!-- \/ Yoast SEO plugin. -->","yoast_head_json":{"title":"LE GRAND HOTEL DE NORMANDIE - SITE OFFICIEL","description":"LE GRAND HOTEL DE NORMANDIE - SITE OFFICIEL - HOTEL OPERA PARIS 9. Online reservation.","robots":{"index":"index","follow":"follow","max-snippet":"max-snippet:-1","max-image-preview":"max-image-preview:large","max-video-preview":"max-video-preview:-1"},"og_locale":"en_US","og_type":"article","og_title":"LE GRAND HOTEL DE NORMANDIE - SITE OFFICIEL","og_description":"LE GRAND HOTEL DE NORMANDIE - SITE OFFICIEL - HOTEL OPERA PARIS 9. Online reservation.","og_url":"https:\/\/www.grand-hotel-de-normandie.com\/en\/","og_site_name":"Grand H\u00f4tel de Normandie ****","article_modified_time":"2024-01-15T09:06:47+00:00","og_image":[{"width":2073,"height":917,"url":"https:\/\/www.grand-hotel-de-normandie.com\/wp-content\/uploads\/2014\/05\/fotolia_126108484_m.jpg","type":"image\/jpeg"}],"twitter_card":"summary_large_image","twitter_misc":{"Est. reading time":"2 minutes"},"schema":{"@context":"https:\/\/schema.org","@graph":[{"@type":"WebPage","@id":"https:\/\/www.grand-hotel-de-normandie.com\/en\/","url":"https:\/\/www.grand-hotel-de-normandie.com\/en\/","name":"LE GRAND HOTEL DE NORMANDIE - SITE OFFICIEL","isPartOf":{"@id":"https:\/\/www.grand-hotel-de-normandie.com\/#website"},"primaryImageOfPage":{"@id":"https:\/\/www.grand-hotel-de-normandie.com\/en\/#primaryimage"},"image":{"@id":"https:\/\/www.grand-hotel-de-normandie.com\/en\/#primaryimage"},"thumbnailUrl":"https:\/\/www.grand-hotel-de-normandie.com\/wp-content\/uploads\/2014\/05\/fotolia_126108484_m.jpg","datePublished":"2014-05-30T08:42:12+00:00","dateModified":"2024-01-15T09:06:47+00:00","description":"LE GRAND HOTEL DE NORMANDIE - SITE OFFICIEL - HOTEL OPERA PARIS 9. Online reservation.","breadcrumb":{"@id":"https:\/\/www.grand-hotel-de-normandie.com\/en\/#breadcrumb"},"inLanguage":"en-US","potentialAction":[{"@type":"ReadAction","target":["https:\/\/www.grand-hotel-de-normandie.com\/en\/"]}]},{"@type":"ImageObject","inLanguage":"en-US","@id":"https:\/\/www.grand-hotel-de-normandie.com\/en\/#primaryimage","url":"https:\/\/www.grand-hotel-de-normandie.com\/wp-content\/uploads\/2014\/05\/fotolia_126108484_m.jpg","contentUrl":"https:\/\/www.grand-hotel-de-normandie.com\/wp-content\/uploads\/2014\/05\/fotolia_126108484_m.jpg","width":2073,"height":917,"caption":"Paris, traffic on the Seine river at sunset, with Eiffel tower in background"},{"@type":"BreadcrumbList","@id":"https:\/\/www.grand-hotel-de-normandie.com\/en\/#breadcrumb","itemListElement":[{"@type":"ListItem","position":1,"name":"Accueil","item":"https:\/\/www.grand-hotel-de-normandie.com\/en\/"},{"@type":"ListItem","position":2,"name":"Hotel"}]},{"@type":"WebSite","@id":"https:\/\/www.grand-hotel-de-normandie.com\/#website","url":"https:\/\/www.grand-hotel-de-normandie.com\/","name":"Grand H\u00f4tel de Normandie ****","description":"","publisher":{"@id":"https:\/\/www.grand-hotel-de-normandie.com\/#organization"},"potentialAction":[{"@type":"SearchAction","target":{"@type":"EntryPoint","urlTemplate":"https:\/\/www.grand-hotel-de-normandie.com\/?s={search_term_string}"},"query-input":{"@type":"PropertyValueSpecification","valueRequired":true,"valueName":"search_term_string"}}],"inLanguage":"en-US"},{"@type":"Organization","@id":"https:\/\/www.grand-hotel-de-normandie.com\/#organization","name":"Grand H\u00f4tel de Normandie","url":"https:\/\/www.grand-hotel-de-normandie.com\/","logo":{"@type":"ImageObject","inLanguage":"en-US","@id":"https:\/\/www.grand-hotel-de-normandie.com\/#\/schema\/logo\/image\/","url":"https:\/\/www.grand-hotel-de-normandie.com\/wp-content\/uploads\/2018\/08\/logo.png","contentUrl":"https:\/\/www.grand-hotel-de-normandie.com\/wp-content\/uploads\/2018\/08\/logo.png","width":1200,"height":1193,"caption":"Grand H\u00f4tel de Normandie"},"image":{"@id":"https:\/\/www.grand-hotel-de-normandie.com\/#\/schema\/logo\/image\/"}}]}},"_links":{"self":[{"href":"https:\/\/www.grand-hotel-de-normandie.com\/en\/wp-json\/wp\/v2\/pages\/982\/"}],"collection":[{"href":"https:\/\/www.grand-hotel-de-normandie.com\/en\/wp-json\/wp\/v2\/pages\/"}],"about":[{"href":"https:\/\/www.grand-hotel-de-normandie.com\/en\/wp-json\/wp\/v2\/types\/page\/"}],"author":[{"embeddable":true,"href":"https:\/\/www.grand-hotel-de-normandie.com\/en\/wp-json\/wp\/v2\/users\/1\/"}],"replies":[{"embeddable":true,"href":"https:\/\/www.grand-hotel-de-normandie.com\/en\/wp-json\/wp\/v2\/comments\/?post=982"}],"version-history":[{"count":7,"href":"https:\/\/www.grand-hotel-de-normandie.com\/en\/wp-json\/wp\/v2\/pages\/982\/revisions\/"}],"predecessor-version":[{"id":1900,"href":"https:\/\/www.grand-hotel-de-normandie.com\/en\/wp-json\/wp\/v2\/pages\/982\/revisions\/1900\/"}],"wp:featuredmedia":[{"embeddable":true,"href":"https:\/\/www.grand-hotel-de-normandie.com\/en\/wp-json\/wp\/v2\/media\/1251\/"}],"wp:attachment":[{"href":"https:\/\/www.grand-hotel-de-normandie.com\/en\/wp-json\/wp\/v2\/media\/?parent=982"}],"curies":[{"name":"wp","href":"https:\/\/api.w.org\/{rel}","templated":true}]}}