{"id":1776,"date":"2018-03-22T18:20:41","date_gmt":"2018-03-22T17:20:41","guid":{"rendered":"https:\/\/www.grand-hotel-de-normandie.com\/activites-a-proximite-de-lhotel\/"},"modified":"2024-01-15T17:38:30","modified_gmt":"2024-01-15T16:38:30","slug":"actividades-cerca-del-hotel","status":"publish","type":"page","link":"https:\/\/www.grand-hotel-de-normandie.com\/es\/actividades-cerca-del-hotel\/","title":{"rendered":"Actividades cerca del hotel"},"content":{"rendered":"\t<div class=\"pixcode  pixcode--grid  grid\" >\n\t\t\t<div class=\"grid__item six-twelfths palm-one-whole\" >\n\t\t\n<p style=\"text-align: justify;\"><span style=\"font-family: inherit; font-weight: inherit;\">Se puede acceder f\u00e1cilmente a los principales museos, teatros, monumentos y atracciones a pie o en un corto trayecto en metro.<\/span><\/p>\n<p style=\"text-align: justify;\">Estamos a menos de 5 minutos a pie de los grandes almacenes (Galeries Lafayette y Printemps), idealmente ubicados para hacer que sus compras Par\u00eds sean m\u00e1s f\u00e1ciles. Adem\u00e1s nos encontramos en el coraz\u00f3n del \u00e1rea de los teatros y la \u00d3pera.<\/p>\n<p style=\"text-align: center;\">Nuestra lista de actividades a hacer:<\/p>\n<div class=\"pixcode  pixcode--grid  grid\" >\n<div class=\"grid__item six-twelfths palm-one-whole\" >\n<p style=\"text-align: center;\"><a href=\"https:\/\/www.pariscityvision.com\/fr\/paris-opentour-pass-1-jour?a_aid=5aad4e10d890b\" target=\"_blank\" rel=\"noopener noreferrer\">Hop-on Hop-off Bus<\/a><\/p>\n<p><a href=\"https:\/\/www.pariscityvision.com\/fr\/paris-opentour-pass-1-jour?a_aid=5aad4e10d890b\" target=\"_blank\" rel=\"noopener noreferrer\"><img loading=\"lazy\" decoding=\"async\" class=\"aligncenter wp-image-1155 size-medium\" src=\"http:\/\/www.grand-hotel-de-normandie.com\/wp-content\/uploads\/2018\/03\/open-tour-300x225.jpg\" alt=\"\" width=\"300\" height=\"225\" srcset=\"https:\/\/www.grand-hotel-de-normandie.com\/wp-content\/uploads\/2018\/03\/open-tour-300x225.jpg 300w, https:\/\/www.grand-hotel-de-normandie.com\/wp-content\/uploads\/2018\/03\/open-tour-768x576.jpg 768w, https:\/\/www.grand-hotel-de-normandie.com\/wp-content\/uploads\/2018\/03\/open-tour.jpg 1024w, https:\/\/www.grand-hotel-de-normandie.com\/wp-content\/uploads\/2018\/03\/open-tour-900x675.jpg 900w, https:\/\/www.grand-hotel-de-normandie.com\/wp-content\/uploads\/2018\/03\/open-tour-400x300.jpg 400w\" sizes=\"auto, (max-width: 300px) 100vw, 300px\" \/><\/a><\/p><\/div>\n<div class=\"grid__item six-twelfths palm-one-whole\" >\n<p><a href=\"https:\/\/www.pariscityvision.com\/fr\/visite-audioguide-versailles-1-jour?a_aid=5aad4e10d890b\" target=\"_blank\" rel=\"noopener noreferrer\">Autob\u00fas hasta Versalles y visita del castillo.<\/a><a href=\"https:\/\/www.pariscityvision.com\/fr\/visite-audioguide-versailles-1-jour?a_aid=5aad4e10d890b\" target=\"_blank\" rel=\"noopener noreferrer\"><img loading=\"lazy\" decoding=\"async\" class=\"aligncenter wp-image-1170 size-medium\" src=\"http:\/\/www.grand-hotel-de-normandie.com\/wp-content\/uploads\/2018\/03\/vue_aerienne_du_domaine_de_versailles_par_toucanwings_-_creative_commons_by_sa_3.0_-_083-300x225.jpg\" alt=\"\" width=\"300\" height=\"225\" srcset=\"https:\/\/www.grand-hotel-de-normandie.com\/wp-content\/uploads\/2018\/03\/vue_aerienne_du_domaine_de_versailles_par_toucanwings_-_creative_commons_by_sa_3.0_-_083-300x225.jpg 300w, https:\/\/www.grand-hotel-de-normandie.com\/wp-content\/uploads\/2018\/03\/vue_aerienne_du_domaine_de_versailles_par_toucanwings_-_creative_commons_by_sa_3.0_-_083-768x576.jpg 768w, https:\/\/www.grand-hotel-de-normandie.com\/wp-content\/uploads\/2018\/03\/vue_aerienne_du_domaine_de_versailles_par_toucanwings_-_creative_commons_by_sa_3.0_-_083-1024x768.jpg 1024w, https:\/\/www.grand-hotel-de-normandie.com\/wp-content\/uploads\/2018\/03\/vue_aerienne_du_domaine_de_versailles_par_toucanwings_-_creative_commons_by_sa_3.0_-_083.jpg 1200w, https:\/\/www.grand-hotel-de-normandie.com\/wp-content\/uploads\/2018\/03\/vue_aerienne_du_domaine_de_versailles_par_toucanwings_-_creative_commons_by_sa_3.0_-_083-900x675.jpg 900w, https:\/\/www.grand-hotel-de-normandie.com\/wp-content\/uploads\/2018\/03\/vue_aerienne_du_domaine_de_versailles_par_toucanwings_-_creative_commons_by_sa_3.0_-_083-400x300.jpg 400w\" sizes=\"auto, (max-width: 300px) 100vw, 300px\" \/><br \/>\n<\/a><\/p>\n<p>&nbsp;<\/p><\/div>\n<\/p><\/div>\n<p>&nbsp;<\/p>\n<p>&nbsp;<\/p>\n<p>&nbsp;<\/p>\n<div class=\"pixcode  pixcode--grid  grid\" >\n<div class=\"grid__item six-twelfths palm-one-whole\" >\n<p style=\"text-align: center;\"><a href=\"https:\/\/www.pariscityvision.com\/fr\/ticket-tour-eiffel-acces-prioritaire?a_aid=5aad4e10d890b\" target=\"_blank\" rel=\"noopener noreferrer\">Acceso prioritario al segundo piso de la Torre Eiffel.<\/a><\/p>\n<p><a href=\"https:\/\/www.pariscityvision.com\/fr\/ticket-tour-eiffel-acces-prioritaire?a_aid=5aad4e10d890b\"><img loading=\"lazy\" decoding=\"async\" class=\"aligncenter wp-image-1161 size-medium\" src=\"http:\/\/www.grand-hotel-de-normandie.com\/wp-content\/uploads\/2018\/03\/tea-01-eiffel-tower-seine-300x172.jpg\" alt=\"\" width=\"300\" height=\"172\" srcset=\"https:\/\/www.grand-hotel-de-normandie.com\/wp-content\/uploads\/2018\/03\/tea-01-eiffel-tower-seine-300x172.jpg 300w, https:\/\/www.grand-hotel-de-normandie.com\/wp-content\/uploads\/2018\/03\/tea-01-eiffel-tower-seine-400x229.jpg 400w, https:\/\/www.grand-hotel-de-normandie.com\/wp-content\/uploads\/2018\/03\/tea-01-eiffel-tower-seine.jpg 755w\" sizes=\"auto, (max-width: 300px) 100vw, 300px\" \/><\/a><\/p><\/div>\n<div class=\"grid__item six-twelfths palm-one-whole\" >\n<p><a href=\"https:\/\/www.pariscityvision.com\/fr\/dejeuner-tour-eiffel?a_aid=5aad4e10d890b\" target=\"_blank\" rel=\"noopener noreferrer\">Almuerzo en el primer piso de la Torre Eiffel con acceso prioritario.<\/a><\/p>\n<p style=\"text-align: center;\"><a href=\"https:\/\/www.pariscityvision.com\/fr\/dejeuner-tour-eiffel?a_aid=5aad4e10d890b\" target=\"_blank\" rel=\"noopener noreferrer\"><img loading=\"lazy\" decoding=\"async\" class=\"alignnone wp-image-1162 size-medium\" src=\"http:\/\/www.grand-hotel-de-normandie.com\/wp-content\/uploads\/2018\/03\/djte-04-restaurant-eiffel-300x172.jpg\" alt=\"\" width=\"300\" height=\"172\" srcset=\"https:\/\/www.grand-hotel-de-normandie.com\/wp-content\/uploads\/2018\/03\/djte-04-restaurant-eiffel-300x172.jpg 300w, https:\/\/www.grand-hotel-de-normandie.com\/wp-content\/uploads\/2018\/03\/djte-04-restaurant-eiffel-400x229.jpg 400w, https:\/\/www.grand-hotel-de-normandie.com\/wp-content\/uploads\/2018\/03\/djte-04-restaurant-eiffel.jpg 755w\" sizes=\"auto, (max-width: 300px) 100vw, 300px\" \/><br \/>\n<\/a><\/p>\n<p>&nbsp;<\/p><\/div>\n<\/p><\/div>\n<p>&nbsp;<\/p>\n<p>&nbsp;<\/p>\n<p>&nbsp;<\/p>\n<div class=\"pixcode  pixcode--grid  grid\" >\n<div class=\"grid__item six-twelfths palm-one-whole\" >\n<p style=\"text-align: center;\"><a href=\"https:\/\/www.pariscityvision.com\/fr\/tour-illuminations-paris-croisiere?a_aid=5aad4e10d890b\" target=\"_blank\" rel=\"noopener noreferrer\">Recorrido de Par\u00eds y crucero por el Sena a la ca\u00edda del sol.<\/a><a href=\"https:\/\/www.pariscityvision.com\/fr\/tour-illuminations-paris-croisiere?a_aid=5aad4e10d890b\" target=\"_blank\" rel=\"noopener noreferrer\"><img loading=\"lazy\" decoding=\"async\" class=\"alignnone wp-image-1169 size-medium\" src=\"http:\/\/www.grand-hotel-de-normandie.com\/wp-content\/uploads\/2018\/03\/ci-01-night-cruise-300x172.jpg\" alt=\"\" width=\"300\" height=\"172\" srcset=\"https:\/\/www.grand-hotel-de-normandie.com\/wp-content\/uploads\/2018\/03\/ci-01-night-cruise-300x172.jpg 300w, https:\/\/www.grand-hotel-de-normandie.com\/wp-content\/uploads\/2018\/03\/ci-01-night-cruise-400x229.jpg 400w, https:\/\/www.grand-hotel-de-normandie.com\/wp-content\/uploads\/2018\/03\/ci-01-night-cruise.jpg 755w\" sizes=\"auto, (max-width: 300px) 100vw, 300px\" \/><\/a><\/p>\n<\/p><\/div>\n<div class=\"grid__item six-twelfths palm-one-whole\" >\n<p><a href=\"https:\/\/www.pariscityvision.com\/fr\/paris\/musees\/musee-du-louvre?a_aid=5aad4e10d890b\" target=\"_blank\" rel=\"noopener noreferrer\">Visita al Louvre con audiogu\u00eda.<\/a><\/p>\n<p style=\"text-align: center;\"><a href=\"https:\/\/www.pariscityvision.com\/fr\/paris\/musees\/musee-du-louvre?a_aid=5aad4e10d890b\" target=\"_blank\" rel=\"noopener noreferrer\"><img loading=\"lazy\" decoding=\"async\" class=\"alignnone wp-image-1182 size-medium\" src=\"http:\/\/www.grand-hotel-de-normandie.com\/wp-content\/uploads\/2018\/04\/gl-01-joconde-louvre_1_1-300x172.jpg\" alt=\"\" width=\"300\" height=\"172\" srcset=\"https:\/\/www.grand-hotel-de-normandie.com\/wp-content\/uploads\/2018\/04\/gl-01-joconde-louvre_1_1-300x172.jpg 300w, https:\/\/www.grand-hotel-de-normandie.com\/wp-content\/uploads\/2018\/04\/gl-01-joconde-louvre_1_1.jpg 398w\" sizes=\"auto, (max-width: 300px) 100vw, 300px\" \/><\/a><\/p>\n<p>&nbsp;<\/p>\n<p>&nbsp;<\/p><\/div>\n<\/p><\/div>\n<p>&nbsp;<\/p>\n<p>&nbsp;<\/p>\n<p>\u00c9chale un ojo a otras actividades en el sitio de nuestro socio <a href=\"https:\/\/www.pariscityvision.com\/?a_aid=5aad4e10d890b\" target=\"_blank\" rel=\"noopener noreferrer\">City Vision<\/a>.<\/p>\n\t<\/div>\n\n\t<div class=\"grid__item six-twelfths palm-one-whole\" >\n\t\t\n<iframe loading=\"lazy\" style=\"border: 0; height: 550px;\" src=\"https:\/\/www.google.com\/maps\/embed?pb=!1m18!1m12!1m3!1d17653.91925112293!2d2.3042689905117832!3d48.872114023179705!2m3!1f0!2f0!3f0!3m2!1i1024!2i768!4f13.1!3m3!1m2!1s0x47e66e359a8114b3%3A0x9da083e66adb9c07!2s4+Rue+d'Amsterdam%2C+75009+Paris!5e0!3m2!1sfr!2sfr!4v1497329086039\" width=\"100%\" height=\"450\" frameborder=\"0\" allowfullscreen=\"allowfullscreen\"><\/iframe>\t<\/div>\n\t<\/div>\n\n<p>&nbsp;<\/p>\n<p>&nbsp;<\/p>\n<p>&nbsp;<\/p>\n<p>&nbsp;<\/p>\n<p>&nbsp;<\/p>\n<p>&nbsp;<\/p>\n<p>&nbsp;<\/p>\n","protected":false},"excerpt":{"rendered":"<p>&nbsp; &nbsp; &nbsp; &nbsp; &nbsp; &nbsp; &nbsp; &nbsp; \u00c9chale un ojo a otras actividades en el sitio de nuestro socio City Vision. [\/col] [\/row] &nbsp; &nbsp; &nbsp; &nbsp; &nbsp; &nbsp; &nbsp;<\/p>\n","protected":false},"author":1,"featured_media":1778,"parent":0,"menu_order":0,"comment_status":"closed","ping_status":"closed","template":"","meta":{"footnotes":""},"class_list":["post-1776","page","type-page","status-publish","has-post-thumbnail","hentry"],"yoast_head":"<!-- This site is optimized with the Yoast SEO plugin v25.9 - https:\/\/yoast.com\/wordpress\/plugins\/seo\/ -->\n<title>Actividades cerca del hotel - Grand H\u00f4tel de Normandie ****<\/title>\n<meta name=\"description\" content=\"Le Grand H\u00f4tel de Normandie est au coeur de Paris. Par sa position central, vous pouvez acc\u00e8der rapidement a toutes les activit\u00e9s disponible sur Paris.\" \/>\n<meta name=\"robots\" content=\"index, follow, max-snippet:-1, max-image-preview:large, max-video-preview:-1\" \/>\n<meta property=\"og:locale\" content=\"es_ES\" \/>\n<meta property=\"og:type\" content=\"article\" \/>\n<meta property=\"og:title\" content=\"Actividades cerca del hotel - Grand H\u00f4tel de Normandie ****\" \/>\n<meta property=\"og:description\" content=\"Le Grand H\u00f4tel de Normandie est au coeur de Paris. Par sa position central, vous pouvez acc\u00e8der rapidement a toutes les activit\u00e9s disponible sur Paris.\" \/>\n<meta property=\"og:url\" content=\"https:\/\/www.grand-hotel-de-normandie.com\/es\/actividades-cerca-del-hotel\/\" \/>\n<meta property=\"og:site_name\" content=\"Grand H\u00f4tel de Normandie ****\" \/>\n<meta property=\"article:modified_time\" content=\"2024-01-15T16:38:30+00:00\" \/>\n<meta property=\"og:image\" content=\"https:\/\/www.grand-hotel-de-normandie.com\/wp-content\/uploads\/2017\/09\/autour-de-nous-printemps.jpg\" \/>\n\t<meta property=\"og:image:width\" content=\"2000\" \/>\n\t<meta property=\"og:image:height\" content=\"1333\" \/>\n\t<meta property=\"og:image:type\" content=\"image\/jpeg\" \/>\n<meta name=\"twitter:card\" content=\"summary_large_image\" \/>\n<meta name=\"twitter:label1\" content=\"Tiempo de lectura\" \/>\n\t<meta name=\"twitter:data1\" content=\"3 minutos\" \/>\n<script type=\"application\/ld+json\" class=\"yoast-schema-graph\">{\"@context\":\"https:\/\/schema.org\",\"@graph\":[{\"@type\":\"WebPage\",\"@id\":\"https:\/\/www.grand-hotel-de-normandie.com\/es\/actividades-cerca-del-hotel\/\",\"url\":\"https:\/\/www.grand-hotel-de-normandie.com\/es\/actividades-cerca-del-hotel\/\",\"name\":\"Actividades cerca del hotel - Grand H\u00f4tel de Normandie ****\",\"isPartOf\":{\"@id\":\"https:\/\/www.grand-hotel-de-normandie.com\/#website\"},\"primaryImageOfPage\":{\"@id\":\"https:\/\/www.grand-hotel-de-normandie.com\/es\/actividades-cerca-del-hotel\/#primaryimage\"},\"image\":{\"@id\":\"https:\/\/www.grand-hotel-de-normandie.com\/es\/actividades-cerca-del-hotel\/#primaryimage\"},\"thumbnailUrl\":\"https:\/\/www.grand-hotel-de-normandie.com\/wp-content\/uploads\/2017\/09\/autour-de-nous-printemps.jpg\",\"datePublished\":\"2018-03-22T17:20:41+00:00\",\"dateModified\":\"2024-01-15T16:38:30+00:00\",\"description\":\"Le Grand H\u00f4tel de Normandie est au coeur de Paris. Par sa position central, vous pouvez acc\u00e8der rapidement a toutes les activit\u00e9s disponible sur Paris.\",\"breadcrumb\":{\"@id\":\"https:\/\/www.grand-hotel-de-normandie.com\/es\/actividades-cerca-del-hotel\/#breadcrumb\"},\"inLanguage\":\"es\",\"potentialAction\":[{\"@type\":\"ReadAction\",\"target\":[\"https:\/\/www.grand-hotel-de-normandie.com\/es\/actividades-cerca-del-hotel\/\"]}]},{\"@type\":\"ImageObject\",\"inLanguage\":\"es\",\"@id\":\"https:\/\/www.grand-hotel-de-normandie.com\/es\/actividades-cerca-del-hotel\/#primaryimage\",\"url\":\"https:\/\/www.grand-hotel-de-normandie.com\/wp-content\/uploads\/2017\/09\/autour-de-nous-printemps.jpg\",\"contentUrl\":\"https:\/\/www.grand-hotel-de-normandie.com\/wp-content\/uploads\/2017\/09\/autour-de-nous-printemps.jpg\",\"width\":2000,\"height\":1333},{\"@type\":\"BreadcrumbList\",\"@id\":\"https:\/\/www.grand-hotel-de-normandie.com\/es\/actividades-cerca-del-hotel\/#breadcrumb\",\"itemListElement\":[{\"@type\":\"ListItem\",\"position\":1,\"name\":\"Accueil\",\"item\":\"https:\/\/www.grand-hotel-de-normandie.com\/es\/\"},{\"@type\":\"ListItem\",\"position\":2,\"name\":\"Actividades cerca del hotel\"}]},{\"@type\":\"WebSite\",\"@id\":\"https:\/\/www.grand-hotel-de-normandie.com\/#website\",\"url\":\"https:\/\/www.grand-hotel-de-normandie.com\/\",\"name\":\"Grand H\u00f4tel de Normandie ****\",\"description\":\"\",\"publisher\":{\"@id\":\"https:\/\/www.grand-hotel-de-normandie.com\/#organization\"},\"potentialAction\":[{\"@type\":\"SearchAction\",\"target\":{\"@type\":\"EntryPoint\",\"urlTemplate\":\"https:\/\/www.grand-hotel-de-normandie.com\/?s={search_term_string}\"},\"query-input\":{\"@type\":\"PropertyValueSpecification\",\"valueRequired\":true,\"valueName\":\"search_term_string\"}}],\"inLanguage\":\"es\"},{\"@type\":\"Organization\",\"@id\":\"https:\/\/www.grand-hotel-de-normandie.com\/#organization\",\"name\":\"Grand H\u00f4tel de Normandie\",\"url\":\"https:\/\/www.grand-hotel-de-normandie.com\/\",\"logo\":{\"@type\":\"ImageObject\",\"inLanguage\":\"es\",\"@id\":\"https:\/\/www.grand-hotel-de-normandie.com\/#\/schema\/logo\/image\/\",\"url\":\"https:\/\/www.grand-hotel-de-normandie.com\/wp-content\/uploads\/2018\/08\/logo.png\",\"contentUrl\":\"https:\/\/www.grand-hotel-de-normandie.com\/wp-content\/uploads\/2018\/08\/logo.png\",\"width\":1200,\"height\":1193,\"caption\":\"Grand H\u00f4tel de Normandie\"},\"image\":{\"@id\":\"https:\/\/www.grand-hotel-de-normandie.com\/#\/schema\/logo\/image\/\"}}]}<\/script>\n<!-- \/ Yoast SEO plugin. -->","yoast_head_json":{"title":"Actividades cerca del hotel - Grand H\u00f4tel de Normandie ****","description":"Le Grand H\u00f4tel de Normandie est au coeur de Paris. Par sa position central, vous pouvez acc\u00e8der rapidement a toutes les activit\u00e9s disponible sur Paris.","robots":{"index":"index","follow":"follow","max-snippet":"max-snippet:-1","max-image-preview":"max-image-preview:large","max-video-preview":"max-video-preview:-1"},"og_locale":"es_ES","og_type":"article","og_title":"Actividades cerca del hotel - Grand H\u00f4tel de Normandie ****","og_description":"Le Grand H\u00f4tel de Normandie est au coeur de Paris. Par sa position central, vous pouvez acc\u00e8der rapidement a toutes les activit\u00e9s disponible sur Paris.","og_url":"https:\/\/www.grand-hotel-de-normandie.com\/es\/actividades-cerca-del-hotel\/","og_site_name":"Grand H\u00f4tel de Normandie ****","article_modified_time":"2024-01-15T16:38:30+00:00","og_image":[{"width":2000,"height":1333,"url":"https:\/\/www.grand-hotel-de-normandie.com\/wp-content\/uploads\/2017\/09\/autour-de-nous-printemps.jpg","type":"image\/jpeg"}],"twitter_card":"summary_large_image","twitter_misc":{"Tiempo de lectura":"3 minutos"},"schema":{"@context":"https:\/\/schema.org","@graph":[{"@type":"WebPage","@id":"https:\/\/www.grand-hotel-de-normandie.com\/es\/actividades-cerca-del-hotel\/","url":"https:\/\/www.grand-hotel-de-normandie.com\/es\/actividades-cerca-del-hotel\/","name":"Actividades cerca del hotel - Grand H\u00f4tel de Normandie ****","isPartOf":{"@id":"https:\/\/www.grand-hotel-de-normandie.com\/#website"},"primaryImageOfPage":{"@id":"https:\/\/www.grand-hotel-de-normandie.com\/es\/actividades-cerca-del-hotel\/#primaryimage"},"image":{"@id":"https:\/\/www.grand-hotel-de-normandie.com\/es\/actividades-cerca-del-hotel\/#primaryimage"},"thumbnailUrl":"https:\/\/www.grand-hotel-de-normandie.com\/wp-content\/uploads\/2017\/09\/autour-de-nous-printemps.jpg","datePublished":"2018-03-22T17:20:41+00:00","dateModified":"2024-01-15T16:38:30+00:00","description":"Le Grand H\u00f4tel de Normandie est au coeur de Paris. Par sa position central, vous pouvez acc\u00e8der rapidement a toutes les activit\u00e9s disponible sur Paris.","breadcrumb":{"@id":"https:\/\/www.grand-hotel-de-normandie.com\/es\/actividades-cerca-del-hotel\/#breadcrumb"},"inLanguage":"es","potentialAction":[{"@type":"ReadAction","target":["https:\/\/www.grand-hotel-de-normandie.com\/es\/actividades-cerca-del-hotel\/"]}]},{"@type":"ImageObject","inLanguage":"es","@id":"https:\/\/www.grand-hotel-de-normandie.com\/es\/actividades-cerca-del-hotel\/#primaryimage","url":"https:\/\/www.grand-hotel-de-normandie.com\/wp-content\/uploads\/2017\/09\/autour-de-nous-printemps.jpg","contentUrl":"https:\/\/www.grand-hotel-de-normandie.com\/wp-content\/uploads\/2017\/09\/autour-de-nous-printemps.jpg","width":2000,"height":1333},{"@type":"BreadcrumbList","@id":"https:\/\/www.grand-hotel-de-normandie.com\/es\/actividades-cerca-del-hotel\/#breadcrumb","itemListElement":[{"@type":"ListItem","position":1,"name":"Accueil","item":"https:\/\/www.grand-hotel-de-normandie.com\/es\/"},{"@type":"ListItem","position":2,"name":"Actividades cerca del hotel"}]},{"@type":"WebSite","@id":"https:\/\/www.grand-hotel-de-normandie.com\/#website","url":"https:\/\/www.grand-hotel-de-normandie.com\/","name":"Grand H\u00f4tel de Normandie ****","description":"","publisher":{"@id":"https:\/\/www.grand-hotel-de-normandie.com\/#organization"},"potentialAction":[{"@type":"SearchAction","target":{"@type":"EntryPoint","urlTemplate":"https:\/\/www.grand-hotel-de-normandie.com\/?s={search_term_string}"},"query-input":{"@type":"PropertyValueSpecification","valueRequired":true,"valueName":"search_term_string"}}],"inLanguage":"es"},{"@type":"Organization","@id":"https:\/\/www.grand-hotel-de-normandie.com\/#organization","name":"Grand H\u00f4tel de Normandie","url":"https:\/\/www.grand-hotel-de-normandie.com\/","logo":{"@type":"ImageObject","inLanguage":"es","@id":"https:\/\/www.grand-hotel-de-normandie.com\/#\/schema\/logo\/image\/","url":"https:\/\/www.grand-hotel-de-normandie.com\/wp-content\/uploads\/2018\/08\/logo.png","contentUrl":"https:\/\/www.grand-hotel-de-normandie.com\/wp-content\/uploads\/2018\/08\/logo.png","width":1200,"height":1193,"caption":"Grand H\u00f4tel de Normandie"},"image":{"@id":"https:\/\/www.grand-hotel-de-normandie.com\/#\/schema\/logo\/image\/"}}]}},"_links":{"self":[{"href":"https:\/\/www.grand-hotel-de-normandie.com\/es\/wp-json\/wp\/v2\/pages\/1776\/"}],"collection":[{"href":"https:\/\/www.grand-hotel-de-normandie.com\/es\/wp-json\/wp\/v2\/pages\/"}],"about":[{"href":"https:\/\/www.grand-hotel-de-normandie.com\/es\/wp-json\/wp\/v2\/types\/page\/"}],"author":[{"embeddable":true,"href":"https:\/\/www.grand-hotel-de-normandie.com\/es\/wp-json\/wp\/v2\/users\/1\/"}],"replies":[{"embeddable":true,"href":"https:\/\/www.grand-hotel-de-normandie.com\/es\/wp-json\/wp\/v2\/comments\/?post=1776"}],"version-history":[{"count":3,"href":"https:\/\/www.grand-hotel-de-normandie.com\/es\/wp-json\/wp\/v2\/pages\/1776\/revisions\/"}],"predecessor-version":[{"id":1989,"href":"https:\/\/www.grand-hotel-de-normandie.com\/es\/wp-json\/wp\/v2\/pages\/1776\/revisions\/1989\/"}],"wp:featuredmedia":[{"embeddable":true,"href":"https:\/\/www.grand-hotel-de-normandie.com\/es\/wp-json\/wp\/v2\/media\/1778\/"}],"wp:attachment":[{"href":"https:\/\/www.grand-hotel-de-normandie.com\/es\/wp-json\/wp\/v2\/media\/?parent=1776"}],"curies":[{"name":"wp","href":"https:\/\/api.w.org\/{rel}","templated":true}]}}