{"id":1794,"date":"2017-06-13T09:01:49","date_gmt":"2017-06-13T07:01:49","guid":{"rendered":"https:\/\/www.grand-hotel-de-normandie.com\/chambre-superieure\/"},"modified":"2024-01-15T19:25:16","modified_gmt":"2024-01-15T18:25:16","slug":"habitaction-superior","status":"publish","type":"page","link":"https:\/\/www.grand-hotel-de-normandie.com\/es\/habitaction-superior\/","title":{"rendered":"Habitaci\u00f3n superior"},"content":{"rendered":"\t<div class=\"pixcode  pixcode--grid  grid\" >\n\t\t\n<p>&nbsp;<\/p>\n\t<div class=\"island grid__item six-twelfths palm-one-whole\" >\n\t\t\n<h3>HABITACI\u00d3N DOBLE &#8211; SUPERIOR CON BALC\u00d3N<\/h3>\n<p>1 cama Queen size de 160 cm X 200 cm \u2013 para 2 personas \u2013 superficie de 15 m2 a 17 m2<\/p>\n<ul>\n<li>No fumadores<\/li>\n<li>Acceso gratuito a Internet por WIFI y disponible con conexi\u00f3n Ethernet<\/li>\n<li>Aire acondicionado\/calefacci\u00f3n<\/li>\n<li>Insonorizaci\u00f3n, ventana de doble acristalamiento<\/li>\n<li>Caja fuerte<\/li>\n<li>Tel\u00e9fono<\/li>\n<li>Televisor de pantalla plana<\/li>\n<li>Canales internacionales por sat\u00e9lite<\/li>\n<li>Minibar<\/li>\n<li>Hervidor de agua el\u00e9ctrico<\/li>\n<li>M\u00e1quina de caf\u00e9 espresso<\/li>\n<li>Ba\u00f1o privado con ducha o ba\u00f1era<\/li>\n<li>Secador de pelo<\/li>\n<li>Secador de toallas<\/li>\n<li>Art\u00edculos de higiene personal<\/li>\n<li>Cuna gratuita sujeto a reservaci\u00f3n previa (para beb\u00e9s de hasta 2 a\u00f1os)<\/li>\n<li>Habitaciones adaptadas para personas con movilidad reducida sujeto a reservaci\u00f3n previa<\/li>\n<\/ul>\n<p style=\"text-align: center;\"><a class=\"btn-reservation\" href=\"https:\/\/www.secure-hotel-booking.com\/le-grand-hotel-de-normandie\/29HQ\/fr\/dateselection?language=es\" target=\"_blank\" rel=\"noopener\">RESERVAR<\/a><\/p>\n\t<\/div>\n\n\t<div class=\"island grid__item six-twelfths palm-one-whole\" >\n\t\t\n<p>&nbsp;<\/p>\n\n\t\t\t<div class=\"content--gallery-slideshow\">\n\t\t\t\t<div class=\"pixslider  pixslider--gallery-slideshow  js-pixslider\"\n\t\t\t\t     data-arrows\n\t\t\t\t     data-imagescale=\"none\"\n\t\t\t\t     data-slidertransition=\"fade\"\n\t\t\t\t     data-autoheight\n\t\t\t\t     ><div class=\"gallery-item\" itemscope\n\t\t\t\t\t\t     itemtype=\"http:\/\/schema.org\/ImageObject\"\n\t\t\t\t\t\t     data-caption=\"CHAMBRE \"\n\t\t\t\t\t\t     data-description=\"\">\n\t\t\t\t\t\t\t<img decoding=\"async\" src=\"https:\/\/www.grand-hotel-de-normandie.com\/wp-content\/uploads\/2014\/06\/double-superieure-1.jpg\" class=\"attachment-blog-big rsImg\"\n\t\t\t\t\t\t\t     alt=\"CHAMBRE \"\n\t\t\t\t\t\t\t     itemprop=\"contentURL\"  \/>\n\t\t\t\t\t\t<\/div><div class=\"gallery-item\" itemscope\n\t\t\t\t\t\t     itemtype=\"http:\/\/schema.org\/ImageObject\"\n\t\t\t\t\t\t     data-caption=\"CHAMBRE DOUBLE \"\n\t\t\t\t\t\t     data-description=\"\">\n\t\t\t\t\t\t\t<img decoding=\"async\" src=\"https:\/\/www.grand-hotel-de-normandie.com\/wp-content\/uploads\/2014\/06\/double-superieure-2.jpg\" class=\"attachment-blog-big rsImg\"\n\t\t\t\t\t\t\t     alt=\"CHAMBRE DOUBLE \"\n\t\t\t\t\t\t\t     itemprop=\"contentURL\"  \/>\n\t\t\t\t\t\t<\/div><div class=\"gallery-item\" itemscope\n\t\t\t\t\t\t     itemtype=\"http:\/\/schema.org\/ImageObject\"\n\t\t\t\t\t\t     data-caption=\"VUE CHAMBRE DOUBLE SUPERIEURE\"\n\t\t\t\t\t\t     data-description=\"\">\n\t\t\t\t\t\t\t<img decoding=\"async\" src=\"https:\/\/www.grand-hotel-de-normandie.com\/wp-content\/uploads\/2014\/06\/double-superieure-3.jpg\" class=\"attachment-blog-big rsImg\"\n\t\t\t\t\t\t\t     alt=\"VUE CHAMBRE DOUBLE SUPERIEURE\"\n\t\t\t\t\t\t\t     itemprop=\"contentURL\"  \/>\n\t\t\t\t\t\t<\/div><div class=\"gallery-item\" itemscope\n\t\t\t\t\t\t     itemtype=\"http:\/\/schema.org\/ImageObject\"\n\t\t\t\t\t\t     data-caption=\"BALCON CHAMBRE DOUBLE SUP\"\n\t\t\t\t\t\t     data-description=\"\">\n\t\t\t\t\t\t\t<img decoding=\"async\" src=\"https:\/\/www.grand-hotel-de-normandie.com\/wp-content\/uploads\/2014\/06\/double-superieure-5.jpg\" class=\"attachment-blog-big rsImg\"\n\t\t\t\t\t\t\t     alt=\"BALCON CHAMBRE DOUBLE SUP\"\n\t\t\t\t\t\t\t     itemprop=\"contentURL\"  \/>\n\t\t\t\t\t\t<\/div><div class=\"gallery-item\" itemscope\n\t\t\t\t\t\t     itemtype=\"http:\/\/schema.org\/ImageObject\"\n\t\t\t\t\t\t     data-caption=\"VUE CHAMBRE DOUBLE SUPERIEURE\"\n\t\t\t\t\t\t     data-description=\"\">\n\t\t\t\t\t\t\t<img decoding=\"async\" src=\"https:\/\/www.grand-hotel-de-normandie.com\/wp-content\/uploads\/2014\/06\/double-superieure-4.jpg\" class=\"attachment-blog-big rsImg\"\n\t\t\t\t\t\t\t     alt=\"VUE CHAMBRE DOUBLE SUPERIEURE\"\n\t\t\t\t\t\t\t     itemprop=\"contentURL\"  \/>\n\t\t\t\t\t\t<\/div><\/div>\n\t\t<\/div><!-- .content .content--gallery-slideshow -->\n<p>&nbsp;<\/p>\n\t<\/div>\n\t<\/div>\n\n<p>&nbsp;<\/p>\n","protected":false},"excerpt":{"rendered":"<p>&nbsp;<\/p>\n","protected":false},"author":1,"featured_media":1796,"parent":0,"menu_order":0,"comment_status":"closed","ping_status":"closed","template":"","meta":{"footnotes":""},"class_list":["post-1794","page","type-page","status-publish","has-post-thumbnail","hentry"],"yoast_head":"<!-- This site is optimized with the Yoast SEO plugin v25.9 - https:\/\/yoast.com\/wordpress\/plugins\/seo\/ -->\n<title>Habitaci\u00f3n superior - Grand H\u00f4tel de Normandie ****<\/title>\n<meta name=\"robots\" content=\"index, follow, max-snippet:-1, max-image-preview:large, max-video-preview:-1\" \/>\n<meta property=\"og:locale\" content=\"es_ES\" \/>\n<meta property=\"og:type\" content=\"article\" \/>\n<meta property=\"og:title\" content=\"Habitaci\u00f3n superior - Grand H\u00f4tel de Normandie ****\" \/>\n<meta property=\"og:description\" content=\"&nbsp;\" \/>\n<meta property=\"og:url\" content=\"https:\/\/www.grand-hotel-de-normandie.com\/es\/habitaction-superior\/\" \/>\n<meta property=\"og:site_name\" content=\"Grand H\u00f4tel de Normandie ****\" \/>\n<meta property=\"article:modified_time\" content=\"2024-01-15T18:25:16+00:00\" \/>\n<meta property=\"og:image\" content=\"https:\/\/www.grand-hotel-de-normandie.com\/wp-content\/uploads\/2017\/06\/double-sup-1.jpg\" \/>\n\t<meta property=\"og:image:width\" content=\"2000\" \/>\n\t<meta property=\"og:image:height\" content=\"1333\" \/>\n\t<meta property=\"og:image:type\" content=\"image\/jpeg\" \/>\n<meta name=\"twitter:card\" content=\"summary_large_image\" \/>\n<meta name=\"twitter:label1\" content=\"Tiempo de lectura\" \/>\n\t<meta name=\"twitter:data1\" content=\"1 minuto\" \/>\n<script type=\"application\/ld+json\" class=\"yoast-schema-graph\">{\"@context\":\"https:\/\/schema.org\",\"@graph\":[{\"@type\":\"WebPage\",\"@id\":\"https:\/\/www.grand-hotel-de-normandie.com\/es\/habitaction-superior\/\",\"url\":\"https:\/\/www.grand-hotel-de-normandie.com\/es\/habitaction-superior\/\",\"name\":\"Habitaci\u00f3n superior - Grand H\u00f4tel de Normandie ****\",\"isPartOf\":{\"@id\":\"https:\/\/www.grand-hotel-de-normandie.com\/#website\"},\"primaryImageOfPage\":{\"@id\":\"https:\/\/www.grand-hotel-de-normandie.com\/es\/habitaction-superior\/#primaryimage\"},\"image\":{\"@id\":\"https:\/\/www.grand-hotel-de-normandie.com\/es\/habitaction-superior\/#primaryimage\"},\"thumbnailUrl\":\"https:\/\/www.grand-hotel-de-normandie.com\/wp-content\/uploads\/2017\/06\/double-sup-1.jpg\",\"datePublished\":\"2017-06-13T07:01:49+00:00\",\"dateModified\":\"2024-01-15T18:25:16+00:00\",\"breadcrumb\":{\"@id\":\"https:\/\/www.grand-hotel-de-normandie.com\/es\/habitaction-superior\/#breadcrumb\"},\"inLanguage\":\"es\",\"potentialAction\":[{\"@type\":\"ReadAction\",\"target\":[\"https:\/\/www.grand-hotel-de-normandie.com\/es\/habitaction-superior\/\"]}]},{\"@type\":\"ImageObject\",\"inLanguage\":\"es\",\"@id\":\"https:\/\/www.grand-hotel-de-normandie.com\/es\/habitaction-superior\/#primaryimage\",\"url\":\"https:\/\/www.grand-hotel-de-normandie.com\/wp-content\/uploads\/2017\/06\/double-sup-1.jpg\",\"contentUrl\":\"https:\/\/www.grand-hotel-de-normandie.com\/wp-content\/uploads\/2017\/06\/double-sup-1.jpg\",\"width\":2000,\"height\":1333},{\"@type\":\"BreadcrumbList\",\"@id\":\"https:\/\/www.grand-hotel-de-normandie.com\/es\/habitaction-superior\/#breadcrumb\",\"itemListElement\":[{\"@type\":\"ListItem\",\"position\":1,\"name\":\"Accueil\",\"item\":\"https:\/\/www.grand-hotel-de-normandie.com\/es\/\"},{\"@type\":\"ListItem\",\"position\":2,\"name\":\"Habitaci\u00f3n superior\"}]},{\"@type\":\"WebSite\",\"@id\":\"https:\/\/www.grand-hotel-de-normandie.com\/#website\",\"url\":\"https:\/\/www.grand-hotel-de-normandie.com\/\",\"name\":\"Grand H\u00f4tel de Normandie ****\",\"description\":\"\",\"publisher\":{\"@id\":\"https:\/\/www.grand-hotel-de-normandie.com\/#organization\"},\"potentialAction\":[{\"@type\":\"SearchAction\",\"target\":{\"@type\":\"EntryPoint\",\"urlTemplate\":\"https:\/\/www.grand-hotel-de-normandie.com\/?s={search_term_string}\"},\"query-input\":{\"@type\":\"PropertyValueSpecification\",\"valueRequired\":true,\"valueName\":\"search_term_string\"}}],\"inLanguage\":\"es\"},{\"@type\":\"Organization\",\"@id\":\"https:\/\/www.grand-hotel-de-normandie.com\/#organization\",\"name\":\"Grand H\u00f4tel de Normandie\",\"url\":\"https:\/\/www.grand-hotel-de-normandie.com\/\",\"logo\":{\"@type\":\"ImageObject\",\"inLanguage\":\"es\",\"@id\":\"https:\/\/www.grand-hotel-de-normandie.com\/#\/schema\/logo\/image\/\",\"url\":\"https:\/\/www.grand-hotel-de-normandie.com\/wp-content\/uploads\/2018\/08\/logo.png\",\"contentUrl\":\"https:\/\/www.grand-hotel-de-normandie.com\/wp-content\/uploads\/2018\/08\/logo.png\",\"width\":1200,\"height\":1193,\"caption\":\"Grand H\u00f4tel de Normandie\"},\"image\":{\"@id\":\"https:\/\/www.grand-hotel-de-normandie.com\/#\/schema\/logo\/image\/\"}}]}<\/script>\n<!-- \/ Yoast SEO plugin. -->","yoast_head_json":{"title":"Habitaci\u00f3n superior - Grand H\u00f4tel de Normandie ****","robots":{"index":"index","follow":"follow","max-snippet":"max-snippet:-1","max-image-preview":"max-image-preview:large","max-video-preview":"max-video-preview:-1"},"og_locale":"es_ES","og_type":"article","og_title":"Habitaci\u00f3n superior - Grand H\u00f4tel de Normandie ****","og_description":"&nbsp;","og_url":"https:\/\/www.grand-hotel-de-normandie.com\/es\/habitaction-superior\/","og_site_name":"Grand H\u00f4tel de Normandie ****","article_modified_time":"2024-01-15T18:25:16+00:00","og_image":[{"width":2000,"height":1333,"url":"https:\/\/www.grand-hotel-de-normandie.com\/wp-content\/uploads\/2017\/06\/double-sup-1.jpg","type":"image\/jpeg"}],"twitter_card":"summary_large_image","twitter_misc":{"Tiempo de lectura":"1 minuto"},"schema":{"@context":"https:\/\/schema.org","@graph":[{"@type":"WebPage","@id":"https:\/\/www.grand-hotel-de-normandie.com\/es\/habitaction-superior\/","url":"https:\/\/www.grand-hotel-de-normandie.com\/es\/habitaction-superior\/","name":"Habitaci\u00f3n superior - Grand H\u00f4tel de Normandie ****","isPartOf":{"@id":"https:\/\/www.grand-hotel-de-normandie.com\/#website"},"primaryImageOfPage":{"@id":"https:\/\/www.grand-hotel-de-normandie.com\/es\/habitaction-superior\/#primaryimage"},"image":{"@id":"https:\/\/www.grand-hotel-de-normandie.com\/es\/habitaction-superior\/#primaryimage"},"thumbnailUrl":"https:\/\/www.grand-hotel-de-normandie.com\/wp-content\/uploads\/2017\/06\/double-sup-1.jpg","datePublished":"2017-06-13T07:01:49+00:00","dateModified":"2024-01-15T18:25:16+00:00","breadcrumb":{"@id":"https:\/\/www.grand-hotel-de-normandie.com\/es\/habitaction-superior\/#breadcrumb"},"inLanguage":"es","potentialAction":[{"@type":"ReadAction","target":["https:\/\/www.grand-hotel-de-normandie.com\/es\/habitaction-superior\/"]}]},{"@type":"ImageObject","inLanguage":"es","@id":"https:\/\/www.grand-hotel-de-normandie.com\/es\/habitaction-superior\/#primaryimage","url":"https:\/\/www.grand-hotel-de-normandie.com\/wp-content\/uploads\/2017\/06\/double-sup-1.jpg","contentUrl":"https:\/\/www.grand-hotel-de-normandie.com\/wp-content\/uploads\/2017\/06\/double-sup-1.jpg","width":2000,"height":1333},{"@type":"BreadcrumbList","@id":"https:\/\/www.grand-hotel-de-normandie.com\/es\/habitaction-superior\/#breadcrumb","itemListElement":[{"@type":"ListItem","position":1,"name":"Accueil","item":"https:\/\/www.grand-hotel-de-normandie.com\/es\/"},{"@type":"ListItem","position":2,"name":"Habitaci\u00f3n superior"}]},{"@type":"WebSite","@id":"https:\/\/www.grand-hotel-de-normandie.com\/#website","url":"https:\/\/www.grand-hotel-de-normandie.com\/","name":"Grand H\u00f4tel de Normandie ****","description":"","publisher":{"@id":"https:\/\/www.grand-hotel-de-normandie.com\/#organization"},"potentialAction":[{"@type":"SearchAction","target":{"@type":"EntryPoint","urlTemplate":"https:\/\/www.grand-hotel-de-normandie.com\/?s={search_term_string}"},"query-input":{"@type":"PropertyValueSpecification","valueRequired":true,"valueName":"search_term_string"}}],"inLanguage":"es"},{"@type":"Organization","@id":"https:\/\/www.grand-hotel-de-normandie.com\/#organization","name":"Grand H\u00f4tel de Normandie","url":"https:\/\/www.grand-hotel-de-normandie.com\/","logo":{"@type":"ImageObject","inLanguage":"es","@id":"https:\/\/www.grand-hotel-de-normandie.com\/#\/schema\/logo\/image\/","url":"https:\/\/www.grand-hotel-de-normandie.com\/wp-content\/uploads\/2018\/08\/logo.png","contentUrl":"https:\/\/www.grand-hotel-de-normandie.com\/wp-content\/uploads\/2018\/08\/logo.png","width":1200,"height":1193,"caption":"Grand H\u00f4tel de Normandie"},"image":{"@id":"https:\/\/www.grand-hotel-de-normandie.com\/#\/schema\/logo\/image\/"}}]}},"_links":{"self":[{"href":"https:\/\/www.grand-hotel-de-normandie.com\/es\/wp-json\/wp\/v2\/pages\/1794\/"}],"collection":[{"href":"https:\/\/www.grand-hotel-de-normandie.com\/es\/wp-json\/wp\/v2\/pages\/"}],"about":[{"href":"https:\/\/www.grand-hotel-de-normandie.com\/es\/wp-json\/wp\/v2\/types\/page\/"}],"author":[{"embeddable":true,"href":"https:\/\/www.grand-hotel-de-normandie.com\/es\/wp-json\/wp\/v2\/users\/1\/"}],"replies":[{"embeddable":true,"href":"https:\/\/www.grand-hotel-de-normandie.com\/es\/wp-json\/wp\/v2\/comments\/?post=1794"}],"version-history":[{"count":2,"href":"https:\/\/www.grand-hotel-de-normandie.com\/es\/wp-json\/wp\/v2\/pages\/1794\/revisions\/"}],"predecessor-version":[{"id":1995,"href":"https:\/\/www.grand-hotel-de-normandie.com\/es\/wp-json\/wp\/v2\/pages\/1794\/revisions\/1995\/"}],"wp:featuredmedia":[{"embeddable":true,"href":"https:\/\/www.grand-hotel-de-normandie.com\/es\/wp-json\/wp\/v2\/media\/1796\/"}],"wp:attachment":[{"href":"https:\/\/www.grand-hotel-de-normandie.com\/es\/wp-json\/wp\/v2\/media\/?parent=1794"}],"curies":[{"name":"wp","href":"https:\/\/api.w.org\/{rel}","templated":true}]}}