{"id":1799,"date":"2017-06-13T08:58:07","date_gmt":"2017-06-13T06:58:07","guid":{"rendered":"https:\/\/www.grand-hotel-de-normandie.com\/chambre-twin\/"},"modified":"2024-01-15T19:29:48","modified_gmt":"2024-01-15T18:29:48","slug":"habitacion-twin","status":"publish","type":"page","link":"https:\/\/www.grand-hotel-de-normandie.com\/es\/habitacion-twin\/","title":{"rendered":"Habitaci\u00f3n twin"},"content":{"rendered":"\t<div class=\"pixcode  pixcode--grid  grid\" >\n\t\t\t<div class=\"island grid__item six-twelfths palm-one-whole\" >\n\t\t\n<h3>Habitaci\u00f3n TWIN<\/h3>\n<p>2 camas de 90 cm X 200 cm \u2013 2 personas \u2013 de 15,5 m2 a 18,5 m2 <\/p>\n<ul>\n<li>       \t    No fumadores<\/li>\n<li>       \t    Acceso gratuito a Internet por WIFI, adem\u00e1s de internet disponible con conexi\u00f3n Ethernet<\/li>\n<li>       \t    Aire acondicionado\/calefacci\u00f3n<\/li>\n<li>       \t    Insonorizaci\u00f3n, ventana de doble acristalamiento<\/li>\n<li>       \t    Caja fuerte<\/li>\n<li>       \t    Tel\u00e9fono<\/li>\n<li>       \t    Televisor de pantalla plana<\/li>\n<li>       \t    Canales internacionales por sat\u00e9lite<\/li>\n<li>       \t    Minibar<\/li>\n<li>       \t    Hervidor de agua el\u00e9ctrico<\/li>\n<li>       \t    Ba\u00f1o privado con ducha o ba\u00f1era<\/li>\n<li>       \t    Secador de pelo<\/li>\n<li>       \t    Secador de toallas<\/li>\n<li>       \t    Art\u00edculos de higiene personal<\/li>\n<li>       \t    Cuna gratuita sujeto a reservaci\u00f3n previa (para beb\u00e9s de hasta 2 a\u00f1os)<\/li>\n<li>       \t    Habitaciones adaptadas para personas con movilidad reducida sujeto a reservaci\u00f3n previa<\/li>\n<\/ul>\n<p style=\"text-align: center;\"><a href=\"https:\/\/www.secure-hotel-booking.com\/le-grand-hotel-de-normandie\/29HQ\/fr\/dateselection?language=es\" class=\"btn-reservation\" target=\"_blank\" rel=\"noopener\">RESERVAR<\/a><\/p>\n\t<\/div>\n\n\t<div class=\"island grid__item six-twelfths palm-one-whole\" >\n\t\t\n\n\t\t\t<div class=\"content--gallery-slideshow\">\n\t\t\t\t<div class=\"pixslider  pixslider--gallery-slideshow  js-pixslider\"\n\t\t\t\t     data-arrows\n\t\t\t\t     data-imagescale=\"none\"\n\t\t\t\t     data-slidertransition=\"fade\"\n\t\t\t\t     data-autoheight\n\t\t\t\t     ><div class=\"gallery-item\" itemscope\n\t\t\t\t\t\t     itemtype=\"http:\/\/schema.org\/ImageObject\"\n\t\t\t\t\t\t     data-caption=\"\"\n\t\t\t\t\t\t     data-description=\"\">\n\t\t\t\t\t\t\t<img decoding=\"async\" src=\"https:\/\/www.grand-hotel-de-normandie.com\/wp-content\/uploads\/2014\/06\/1-2.jpg\" class=\"attachment-blog-big rsImg\"\n\t\t\t\t\t\t\t     alt=\"\"\n\t\t\t\t\t\t\t     itemprop=\"contentURL\"  \/>\n\t\t\t\t\t\t<\/div><div class=\"gallery-item\" itemscope\n\t\t\t\t\t\t     itemtype=\"http:\/\/schema.org\/ImageObject\"\n\t\t\t\t\t\t     data-caption=\"\"\n\t\t\t\t\t\t     data-description=\"\">\n\t\t\t\t\t\t\t<img decoding=\"async\" src=\"https:\/\/www.grand-hotel-de-normandie.com\/wp-content\/uploads\/2014\/06\/2-2.jpg\" class=\"attachment-blog-big rsImg\"\n\t\t\t\t\t\t\t     alt=\"\"\n\t\t\t\t\t\t\t     itemprop=\"contentURL\"  \/>\n\t\t\t\t\t\t<\/div><div class=\"gallery-item\" itemscope\n\t\t\t\t\t\t     itemtype=\"http:\/\/schema.org\/ImageObject\"\n\t\t\t\t\t\t     data-caption=\"\"\n\t\t\t\t\t\t     data-description=\"\">\n\t\t\t\t\t\t\t<img decoding=\"async\" src=\"https:\/\/www.grand-hotel-de-normandie.com\/wp-content\/uploads\/2014\/06\/3-1.jpg\" class=\"attachment-blog-big rsImg\"\n\t\t\t\t\t\t\t     alt=\"\"\n\t\t\t\t\t\t\t     itemprop=\"contentURL\"  \/>\n\t\t\t\t\t\t<\/div><div class=\"gallery-item\" itemscope\n\t\t\t\t\t\t     itemtype=\"http:\/\/schema.org\/ImageObject\"\n\t\t\t\t\t\t     data-caption=\"\"\n\t\t\t\t\t\t     data-description=\"\">\n\t\t\t\t\t\t\t<img decoding=\"async\" src=\"https:\/\/www.grand-hotel-de-normandie.com\/wp-content\/uploads\/2014\/06\/4-2.jpg\" class=\"attachment-blog-big rsImg\"\n\t\t\t\t\t\t\t     alt=\"\"\n\t\t\t\t\t\t\t     itemprop=\"contentURL\"  \/>\n\t\t\t\t\t\t<\/div><div class=\"gallery-item\" itemscope\n\t\t\t\t\t\t     itemtype=\"http:\/\/schema.org\/ImageObject\"\n\t\t\t\t\t\t     data-caption=\"\"\n\t\t\t\t\t\t     data-description=\"\">\n\t\t\t\t\t\t\t<img decoding=\"async\" src=\"https:\/\/www.grand-hotel-de-normandie.com\/wp-content\/uploads\/2014\/06\/5-1.jpg\" class=\"attachment-blog-big rsImg\"\n\t\t\t\t\t\t\t     alt=\"\"\n\t\t\t\t\t\t\t     itemprop=\"contentURL\"  \/>\n\t\t\t\t\t\t<\/div><div class=\"gallery-item\" itemscope\n\t\t\t\t\t\t     itemtype=\"http:\/\/schema.org\/ImageObject\"\n\t\t\t\t\t\t     data-caption=\"\"\n\t\t\t\t\t\t     data-description=\"\">\n\t\t\t\t\t\t\t<img decoding=\"async\" src=\"https:\/\/www.grand-hotel-de-normandie.com\/wp-content\/uploads\/2014\/06\/6-2.jpg\" class=\"attachment-blog-big rsImg\"\n\t\t\t\t\t\t\t     alt=\"\"\n\t\t\t\t\t\t\t     itemprop=\"contentURL\"  \/>\n\t\t\t\t\t\t<\/div><div class=\"gallery-item\" itemscope\n\t\t\t\t\t\t     itemtype=\"http:\/\/schema.org\/ImageObject\"\n\t\t\t\t\t\t     data-caption=\"\"\n\t\t\t\t\t\t     data-description=\"\">\n\t\t\t\t\t\t\t<img decoding=\"async\" src=\"https:\/\/www.grand-hotel-de-normandie.com\/wp-content\/uploads\/2014\/06\/8-1.jpg\" class=\"attachment-blog-big rsImg\"\n\t\t\t\t\t\t\t     alt=\"\"\n\t\t\t\t\t\t\t     itemprop=\"contentURL\"  \/>\n\t\t\t\t\t\t<\/div><div class=\"gallery-item\" itemscope\n\t\t\t\t\t\t     itemtype=\"http:\/\/schema.org\/ImageObject\"\n\t\t\t\t\t\t     data-caption=\"\"\n\t\t\t\t\t\t     data-description=\"\">\n\t\t\t\t\t\t\t<img decoding=\"async\" src=\"https:\/\/www.grand-hotel-de-normandie.com\/wp-content\/uploads\/2014\/06\/11-1.jpg\" class=\"attachment-blog-big rsImg\"\n\t\t\t\t\t\t\t     alt=\"\"\n\t\t\t\t\t\t\t     itemprop=\"contentURL\"  \/>\n\t\t\t\t\t\t<\/div><div class=\"gallery-item\" itemscope\n\t\t\t\t\t\t     itemtype=\"http:\/\/schema.org\/ImageObject\"\n\t\t\t\t\t\t     data-caption=\"\"\n\t\t\t\t\t\t     data-description=\"\">\n\t\t\t\t\t\t\t<img decoding=\"async\" src=\"https:\/\/www.grand-hotel-de-normandie.com\/wp-content\/uploads\/2014\/06\/12-1.jpg\" class=\"attachment-blog-big rsImg\"\n\t\t\t\t\t\t\t     alt=\"\"\n\t\t\t\t\t\t\t     itemprop=\"contentURL\"  \/>\n\t\t\t\t\t\t<\/div><div class=\"gallery-item\" itemscope\n\t\t\t\t\t\t     itemtype=\"http:\/\/schema.org\/ImageObject\"\n\t\t\t\t\t\t     data-caption=\"\"\n\t\t\t\t\t\t     data-description=\"\">\n\t\t\t\t\t\t\t<img decoding=\"async\" src=\"https:\/\/www.grand-hotel-de-normandie.com\/wp-content\/uploads\/2014\/06\/13-1.jpg\" class=\"attachment-blog-big rsImg\"\n\t\t\t\t\t\t\t     alt=\"\"\n\t\t\t\t\t\t\t     itemprop=\"contentURL\"  \/>\n\t\t\t\t\t\t<\/div><\/div>\n\t\t<\/div><!-- .content .content--gallery-slideshow -->\n\t<\/div>\n\t<\/div>\n\n","protected":false},"excerpt":{"rendered":"","protected":false},"author":1,"featured_media":1800,"parent":0,"menu_order":0,"comment_status":"closed","ping_status":"closed","template":"","meta":{"footnotes":""},"class_list":["post-1799","page","type-page","status-publish","has-post-thumbnail","hentry"],"yoast_head":"<!-- This site is optimized with the Yoast SEO plugin v25.9 - https:\/\/yoast.com\/wordpress\/plugins\/seo\/ -->\n<title>Habitaci\u00f3n twin - Grand H\u00f4tel de Normandie ****<\/title>\n<meta name=\"robots\" content=\"index, follow, max-snippet:-1, max-image-preview:large, max-video-preview:-1\" \/>\n<meta property=\"og:locale\" content=\"es_ES\" \/>\n<meta property=\"og:type\" content=\"article\" \/>\n<meta property=\"og:title\" content=\"Habitaci\u00f3n twin - Grand H\u00f4tel de Normandie ****\" \/>\n<meta property=\"og:url\" content=\"https:\/\/www.grand-hotel-de-normandie.com\/es\/habitacion-twin\/\" \/>\n<meta property=\"og:site_name\" content=\"Grand H\u00f4tel de Normandie ****\" \/>\n<meta property=\"article:modified_time\" content=\"2024-01-15T18:29:48+00:00\" \/>\n<meta property=\"og:image\" content=\"https:\/\/www.grand-hotel-de-normandie.com\/wp-content\/uploads\/2017\/06\/twin-header.jpg\" \/>\n\t<meta property=\"og:image:width\" content=\"2000\" \/>\n\t<meta property=\"og:image:height\" content=\"1333\" \/>\n\t<meta property=\"og:image:type\" content=\"image\/jpeg\" \/>\n<meta name=\"twitter:card\" content=\"summary_large_image\" \/>\n<meta name=\"twitter:label1\" content=\"Tiempo de lectura\" \/>\n\t<meta name=\"twitter:data1\" content=\"1 minuto\" \/>\n<script type=\"application\/ld+json\" class=\"yoast-schema-graph\">{\"@context\":\"https:\/\/schema.org\",\"@graph\":[{\"@type\":\"WebPage\",\"@id\":\"https:\/\/www.grand-hotel-de-normandie.com\/es\/habitacion-twin\/\",\"url\":\"https:\/\/www.grand-hotel-de-normandie.com\/es\/habitacion-twin\/\",\"name\":\"Habitaci\u00f3n twin - Grand H\u00f4tel de Normandie ****\",\"isPartOf\":{\"@id\":\"https:\/\/www.grand-hotel-de-normandie.com\/#website\"},\"primaryImageOfPage\":{\"@id\":\"https:\/\/www.grand-hotel-de-normandie.com\/es\/habitacion-twin\/#primaryimage\"},\"image\":{\"@id\":\"https:\/\/www.grand-hotel-de-normandie.com\/es\/habitacion-twin\/#primaryimage\"},\"thumbnailUrl\":\"https:\/\/www.grand-hotel-de-normandie.com\/wp-content\/uploads\/2017\/06\/twin-header.jpg\",\"datePublished\":\"2017-06-13T06:58:07+00:00\",\"dateModified\":\"2024-01-15T18:29:48+00:00\",\"breadcrumb\":{\"@id\":\"https:\/\/www.grand-hotel-de-normandie.com\/es\/habitacion-twin\/#breadcrumb\"},\"inLanguage\":\"es\",\"potentialAction\":[{\"@type\":\"ReadAction\",\"target\":[\"https:\/\/www.grand-hotel-de-normandie.com\/es\/habitacion-twin\/\"]}]},{\"@type\":\"ImageObject\",\"inLanguage\":\"es\",\"@id\":\"https:\/\/www.grand-hotel-de-normandie.com\/es\/habitacion-twin\/#primaryimage\",\"url\":\"https:\/\/www.grand-hotel-de-normandie.com\/wp-content\/uploads\/2017\/06\/twin-header.jpg\",\"contentUrl\":\"https:\/\/www.grand-hotel-de-normandie.com\/wp-content\/uploads\/2017\/06\/twin-header.jpg\",\"width\":2000,\"height\":1333},{\"@type\":\"BreadcrumbList\",\"@id\":\"https:\/\/www.grand-hotel-de-normandie.com\/es\/habitacion-twin\/#breadcrumb\",\"itemListElement\":[{\"@type\":\"ListItem\",\"position\":1,\"name\":\"Accueil\",\"item\":\"https:\/\/www.grand-hotel-de-normandie.com\/es\/\"},{\"@type\":\"ListItem\",\"position\":2,\"name\":\"Habitaci\u00f3n twin\"}]},{\"@type\":\"WebSite\",\"@id\":\"https:\/\/www.grand-hotel-de-normandie.com\/#website\",\"url\":\"https:\/\/www.grand-hotel-de-normandie.com\/\",\"name\":\"Grand H\u00f4tel de Normandie ****\",\"description\":\"\",\"publisher\":{\"@id\":\"https:\/\/www.grand-hotel-de-normandie.com\/#organization\"},\"potentialAction\":[{\"@type\":\"SearchAction\",\"target\":{\"@type\":\"EntryPoint\",\"urlTemplate\":\"https:\/\/www.grand-hotel-de-normandie.com\/?s={search_term_string}\"},\"query-input\":{\"@type\":\"PropertyValueSpecification\",\"valueRequired\":true,\"valueName\":\"search_term_string\"}}],\"inLanguage\":\"es\"},{\"@type\":\"Organization\",\"@id\":\"https:\/\/www.grand-hotel-de-normandie.com\/#organization\",\"name\":\"Grand H\u00f4tel de Normandie\",\"url\":\"https:\/\/www.grand-hotel-de-normandie.com\/\",\"logo\":{\"@type\":\"ImageObject\",\"inLanguage\":\"es\",\"@id\":\"https:\/\/www.grand-hotel-de-normandie.com\/#\/schema\/logo\/image\/\",\"url\":\"https:\/\/www.grand-hotel-de-normandie.com\/wp-content\/uploads\/2018\/08\/logo.png\",\"contentUrl\":\"https:\/\/www.grand-hotel-de-normandie.com\/wp-content\/uploads\/2018\/08\/logo.png\",\"width\":1200,\"height\":1193,\"caption\":\"Grand H\u00f4tel de Normandie\"},\"image\":{\"@id\":\"https:\/\/www.grand-hotel-de-normandie.com\/#\/schema\/logo\/image\/\"}}]}<\/script>\n<!-- \/ Yoast SEO plugin. -->","yoast_head_json":{"title":"Habitaci\u00f3n twin - Grand H\u00f4tel de Normandie ****","robots":{"index":"index","follow":"follow","max-snippet":"max-snippet:-1","max-image-preview":"max-image-preview:large","max-video-preview":"max-video-preview:-1"},"og_locale":"es_ES","og_type":"article","og_title":"Habitaci\u00f3n twin - Grand H\u00f4tel de Normandie ****","og_url":"https:\/\/www.grand-hotel-de-normandie.com\/es\/habitacion-twin\/","og_site_name":"Grand H\u00f4tel de Normandie ****","article_modified_time":"2024-01-15T18:29:48+00:00","og_image":[{"width":2000,"height":1333,"url":"https:\/\/www.grand-hotel-de-normandie.com\/wp-content\/uploads\/2017\/06\/twin-header.jpg","type":"image\/jpeg"}],"twitter_card":"summary_large_image","twitter_misc":{"Tiempo de lectura":"1 minuto"},"schema":{"@context":"https:\/\/schema.org","@graph":[{"@type":"WebPage","@id":"https:\/\/www.grand-hotel-de-normandie.com\/es\/habitacion-twin\/","url":"https:\/\/www.grand-hotel-de-normandie.com\/es\/habitacion-twin\/","name":"Habitaci\u00f3n twin - Grand H\u00f4tel de Normandie ****","isPartOf":{"@id":"https:\/\/www.grand-hotel-de-normandie.com\/#website"},"primaryImageOfPage":{"@id":"https:\/\/www.grand-hotel-de-normandie.com\/es\/habitacion-twin\/#primaryimage"},"image":{"@id":"https:\/\/www.grand-hotel-de-normandie.com\/es\/habitacion-twin\/#primaryimage"},"thumbnailUrl":"https:\/\/www.grand-hotel-de-normandie.com\/wp-content\/uploads\/2017\/06\/twin-header.jpg","datePublished":"2017-06-13T06:58:07+00:00","dateModified":"2024-01-15T18:29:48+00:00","breadcrumb":{"@id":"https:\/\/www.grand-hotel-de-normandie.com\/es\/habitacion-twin\/#breadcrumb"},"inLanguage":"es","potentialAction":[{"@type":"ReadAction","target":["https:\/\/www.grand-hotel-de-normandie.com\/es\/habitacion-twin\/"]}]},{"@type":"ImageObject","inLanguage":"es","@id":"https:\/\/www.grand-hotel-de-normandie.com\/es\/habitacion-twin\/#primaryimage","url":"https:\/\/www.grand-hotel-de-normandie.com\/wp-content\/uploads\/2017\/06\/twin-header.jpg","contentUrl":"https:\/\/www.grand-hotel-de-normandie.com\/wp-content\/uploads\/2017\/06\/twin-header.jpg","width":2000,"height":1333},{"@type":"BreadcrumbList","@id":"https:\/\/www.grand-hotel-de-normandie.com\/es\/habitacion-twin\/#breadcrumb","itemListElement":[{"@type":"ListItem","position":1,"name":"Accueil","item":"https:\/\/www.grand-hotel-de-normandie.com\/es\/"},{"@type":"ListItem","position":2,"name":"Habitaci\u00f3n twin"}]},{"@type":"WebSite","@id":"https:\/\/www.grand-hotel-de-normandie.com\/#website","url":"https:\/\/www.grand-hotel-de-normandie.com\/","name":"Grand H\u00f4tel de Normandie ****","description":"","publisher":{"@id":"https:\/\/www.grand-hotel-de-normandie.com\/#organization"},"potentialAction":[{"@type":"SearchAction","target":{"@type":"EntryPoint","urlTemplate":"https:\/\/www.grand-hotel-de-normandie.com\/?s={search_term_string}"},"query-input":{"@type":"PropertyValueSpecification","valueRequired":true,"valueName":"search_term_string"}}],"inLanguage":"es"},{"@type":"Organization","@id":"https:\/\/www.grand-hotel-de-normandie.com\/#organization","name":"Grand H\u00f4tel de Normandie","url":"https:\/\/www.grand-hotel-de-normandie.com\/","logo":{"@type":"ImageObject","inLanguage":"es","@id":"https:\/\/www.grand-hotel-de-normandie.com\/#\/schema\/logo\/image\/","url":"https:\/\/www.grand-hotel-de-normandie.com\/wp-content\/uploads\/2018\/08\/logo.png","contentUrl":"https:\/\/www.grand-hotel-de-normandie.com\/wp-content\/uploads\/2018\/08\/logo.png","width":1200,"height":1193,"caption":"Grand H\u00f4tel de Normandie"},"image":{"@id":"https:\/\/www.grand-hotel-de-normandie.com\/#\/schema\/logo\/image\/"}}]}},"_links":{"self":[{"href":"https:\/\/www.grand-hotel-de-normandie.com\/es\/wp-json\/wp\/v2\/pages\/1799\/"}],"collection":[{"href":"https:\/\/www.grand-hotel-de-normandie.com\/es\/wp-json\/wp\/v2\/pages\/"}],"about":[{"href":"https:\/\/www.grand-hotel-de-normandie.com\/es\/wp-json\/wp\/v2\/types\/page\/"}],"author":[{"embeddable":true,"href":"https:\/\/www.grand-hotel-de-normandie.com\/es\/wp-json\/wp\/v2\/users\/1\/"}],"replies":[{"embeddable":true,"href":"https:\/\/www.grand-hotel-de-normandie.com\/es\/wp-json\/wp\/v2\/comments\/?post=1799"}],"version-history":[{"count":2,"href":"https:\/\/www.grand-hotel-de-normandie.com\/es\/wp-json\/wp\/v2\/pages\/1799\/revisions\/"}],"predecessor-version":[{"id":1997,"href":"https:\/\/www.grand-hotel-de-normandie.com\/es\/wp-json\/wp\/v2\/pages\/1799\/revisions\/1997\/"}],"wp:featuredmedia":[{"embeddable":true,"href":"https:\/\/www.grand-hotel-de-normandie.com\/es\/wp-json\/wp\/v2\/media\/1800\/"}],"wp:attachment":[{"href":"https:\/\/www.grand-hotel-de-normandie.com\/es\/wp-json\/wp\/v2\/media\/?parent=1799"}],"curies":[{"name":"wp","href":"https:\/\/api.w.org\/{rel}","templated":true}]}}