{"id":1850,"date":"2017-09-04T10:51:28","date_gmt":"2017-09-04T08:51:28","guid":{"rendered":"https:\/\/www.grand-hotel-de-normandie.com\/salle-reunion-seminaires\/"},"modified":"2024-01-16T08:12:53","modified_gmt":"2024-01-16T07:12:53","slug":"sala-de-reuniones","status":"publish","type":"page","link":"https:\/\/www.grand-hotel-de-normandie.com\/es\/sala-de-reuniones\/","title":{"rendered":"Sala de reuniones"},"content":{"rendered":"\t<div class=\"pixcode  pixcode--grid  grid\" >\n\t\t\t<div class=\"island grid__item six-twelfths palm-one-whole\" >\n\t\t\n\n\t\t\t<div class=\"content--gallery-slideshow\">\n\t\t\t\t<div class=\"pixslider  pixslider--gallery-slideshow  js-pixslider\"\n\t\t\t\t     data-arrows\n\t\t\t\t     data-imagescale=\"none\"\n\t\t\t\t     data-slidertransition=\"fade\"\n\t\t\t\t     data-autoheight\n\t\t\t\t     ><div class=\"gallery-item\" itemscope\n\t\t\t\t\t\t     itemtype=\"http:\/\/schema.org\/ImageObject\"\n\t\t\t\t\t\t     data-caption=\"\"\n\t\t\t\t\t\t     data-description=\"\">\n\t\t\t\t\t\t\t<img decoding=\"async\" src=\"https:\/\/www.grand-hotel-de-normandie.com\/wp-content\/uploads\/2017\/09\/salle-reunion-1-1.jpg\" class=\"attachment-blog-big rsImg\"\n\t\t\t\t\t\t\t     alt=\"\"\n\t\t\t\t\t\t\t     itemprop=\"contentURL\"  \/>\n\t\t\t\t\t\t<\/div><div class=\"gallery-item\" itemscope\n\t\t\t\t\t\t     itemtype=\"http:\/\/schema.org\/ImageObject\"\n\t\t\t\t\t\t     data-caption=\"\"\n\t\t\t\t\t\t     data-description=\"\">\n\t\t\t\t\t\t\t<img decoding=\"async\" src=\"https:\/\/www.grand-hotel-de-normandie.com\/wp-content\/uploads\/2017\/09\/salle-reunion-2-1.jpg\" class=\"attachment-blog-big rsImg\"\n\t\t\t\t\t\t\t     alt=\"\"\n\t\t\t\t\t\t\t     itemprop=\"contentURL\"  \/>\n\t\t\t\t\t\t<\/div><\/div>\n\t\t<\/div><!-- .content .content--gallery-slideshow -->\n\t<\/div>\n\n\t<div class=\"island grid__item six-twelfths palm-one-whole\" >\n\t\t\n<h3>SALA DE REUNIONES<\/h3>\n<p>Una sala de reuniones con centro de negocios tambi\u00e9n est\u00e1 disponible sujeto a reservaci\u00f3n o para sus desayunos empresariales.<\/p>\n<p>No dude en contactarnos para cualquier solicitud de reserva a:  fom@ghn-paris.com<\/p>\n<p><strong>Detalles:<\/strong><\/p>\n<p>Nuestra sala de reuniones privada tiene capacidad para 12 personas, el precio para alquilar esta sala es de 300 \u20ac m\u00e1s impuestos por un d\u00eda. El precio var\u00eda seg\u00fan la temporada y se proporciona mediante una estimaci\u00f3n.<\/p>\n<p>El horario normal es de 10:00 a 18:00, pero puede ajustarse seg\u00fan sus necesidades.<\/p>\n<p>La sala est\u00e1 equipada con un televisor de pantalla plana al cual puede conectarse una computadora, la sala tambi\u00e9n cuenta con conexi\u00f3n a Internet por Wifi; tambi\u00e9n se puede activar una l\u00ednea telef\u00f3nica por un costo adicional.<\/p>\n<p>Los refrigerios y las bebidas calientes no est\u00e1n incluidos, pero se pueden agregar por un costo adicional seg\u00fan sus necesidades.<\/p>\n<p>&nbsp;<\/p>\n<p>&nbsp;<\/p>\n<p>&nbsp;<\/p>\n<p>&nbsp;<\/p>\n\t<\/div>\n\t<\/div>\n\n<p>&nbsp;<\/p>\n<p>&nbsp;<\/p>\n<p>&nbsp;<\/p>\n<p>&nbsp;<\/p>\n<p>&nbsp;<\/p>\n","protected":false},"excerpt":{"rendered":"<p>&nbsp; &nbsp; &nbsp; &nbsp; &nbsp;<\/p>\n","protected":false},"author":1,"featured_media":1852,"parent":0,"menu_order":0,"comment_status":"closed","ping_status":"closed","template":"","meta":{"footnotes":""},"class_list":["post-1850","page","type-page","status-publish","has-post-thumbnail","hentry"],"yoast_head":"<!-- This site is optimized with the Yoast SEO plugin v25.9 - https:\/\/yoast.com\/wordpress\/plugins\/seo\/ -->\n<title>Sala de reuniones - Grand H\u00f4tel de Normandie ****<\/title>\n<meta name=\"robots\" content=\"index, follow, max-snippet:-1, max-image-preview:large, max-video-preview:-1\" \/>\n<meta property=\"og:locale\" content=\"es_ES\" \/>\n<meta property=\"og:type\" content=\"article\" \/>\n<meta property=\"og:title\" content=\"Sala de reuniones - Grand H\u00f4tel de Normandie ****\" \/>\n<meta property=\"og:description\" content=\"&nbsp; &nbsp; &nbsp; &nbsp; &nbsp;\" \/>\n<meta property=\"og:url\" content=\"https:\/\/www.grand-hotel-de-normandie.com\/es\/sala-de-reuniones\/\" \/>\n<meta property=\"og:site_name\" content=\"Grand H\u00f4tel de Normandie ****\" \/>\n<meta property=\"article:modified_time\" content=\"2024-01-16T07:12:53+00:00\" \/>\n<meta property=\"og:image\" content=\"https:\/\/www.grand-hotel-de-normandie.com\/wp-content\/uploads\/2017\/09\/salle-seminaire_2.jpg\" \/>\n\t<meta property=\"og:image:width\" content=\"2000\" \/>\n\t<meta property=\"og:image:height\" content=\"1333\" \/>\n\t<meta property=\"og:image:type\" content=\"image\/jpeg\" \/>\n<meta name=\"twitter:card\" content=\"summary_large_image\" \/>\n<meta name=\"twitter:label1\" content=\"Tiempo de lectura\" \/>\n\t<meta name=\"twitter:data1\" content=\"2 minutos\" \/>\n<script type=\"application\/ld+json\" class=\"yoast-schema-graph\">{\"@context\":\"https:\/\/schema.org\",\"@graph\":[{\"@type\":\"WebPage\",\"@id\":\"https:\/\/www.grand-hotel-de-normandie.com\/es\/sala-de-reuniones\/\",\"url\":\"https:\/\/www.grand-hotel-de-normandie.com\/es\/sala-de-reuniones\/\",\"name\":\"Sala de reuniones - Grand H\u00f4tel de Normandie ****\",\"isPartOf\":{\"@id\":\"https:\/\/www.grand-hotel-de-normandie.com\/#website\"},\"primaryImageOfPage\":{\"@id\":\"https:\/\/www.grand-hotel-de-normandie.com\/es\/sala-de-reuniones\/#primaryimage\"},\"image\":{\"@id\":\"https:\/\/www.grand-hotel-de-normandie.com\/es\/sala-de-reuniones\/#primaryimage\"},\"thumbnailUrl\":\"https:\/\/www.grand-hotel-de-normandie.com\/wp-content\/uploads\/2017\/09\/salle-seminaire_2.jpg\",\"datePublished\":\"2017-09-04T08:51:28+00:00\",\"dateModified\":\"2024-01-16T07:12:53+00:00\",\"breadcrumb\":{\"@id\":\"https:\/\/www.grand-hotel-de-normandie.com\/es\/sala-de-reuniones\/#breadcrumb\"},\"inLanguage\":\"es\",\"potentialAction\":[{\"@type\":\"ReadAction\",\"target\":[\"https:\/\/www.grand-hotel-de-normandie.com\/es\/sala-de-reuniones\/\"]}]},{\"@type\":\"ImageObject\",\"inLanguage\":\"es\",\"@id\":\"https:\/\/www.grand-hotel-de-normandie.com\/es\/sala-de-reuniones\/#primaryimage\",\"url\":\"https:\/\/www.grand-hotel-de-normandie.com\/wp-content\/uploads\/2017\/09\/salle-seminaire_2.jpg\",\"contentUrl\":\"https:\/\/www.grand-hotel-de-normandie.com\/wp-content\/uploads\/2017\/09\/salle-seminaire_2.jpg\",\"width\":2000,\"height\":1333},{\"@type\":\"BreadcrumbList\",\"@id\":\"https:\/\/www.grand-hotel-de-normandie.com\/es\/sala-de-reuniones\/#breadcrumb\",\"itemListElement\":[{\"@type\":\"ListItem\",\"position\":1,\"name\":\"Accueil\",\"item\":\"https:\/\/www.grand-hotel-de-normandie.com\/es\/\"},{\"@type\":\"ListItem\",\"position\":2,\"name\":\"Sala de reuniones\"}]},{\"@type\":\"WebSite\",\"@id\":\"https:\/\/www.grand-hotel-de-normandie.com\/#website\",\"url\":\"https:\/\/www.grand-hotel-de-normandie.com\/\",\"name\":\"Grand H\u00f4tel de Normandie ****\",\"description\":\"\",\"publisher\":{\"@id\":\"https:\/\/www.grand-hotel-de-normandie.com\/#organization\"},\"potentialAction\":[{\"@type\":\"SearchAction\",\"target\":{\"@type\":\"EntryPoint\",\"urlTemplate\":\"https:\/\/www.grand-hotel-de-normandie.com\/?s={search_term_string}\"},\"query-input\":{\"@type\":\"PropertyValueSpecification\",\"valueRequired\":true,\"valueName\":\"search_term_string\"}}],\"inLanguage\":\"es\"},{\"@type\":\"Organization\",\"@id\":\"https:\/\/www.grand-hotel-de-normandie.com\/#organization\",\"name\":\"Grand H\u00f4tel de Normandie\",\"url\":\"https:\/\/www.grand-hotel-de-normandie.com\/\",\"logo\":{\"@type\":\"ImageObject\",\"inLanguage\":\"es\",\"@id\":\"https:\/\/www.grand-hotel-de-normandie.com\/#\/schema\/logo\/image\/\",\"url\":\"https:\/\/www.grand-hotel-de-normandie.com\/wp-content\/uploads\/2018\/08\/logo.png\",\"contentUrl\":\"https:\/\/www.grand-hotel-de-normandie.com\/wp-content\/uploads\/2018\/08\/logo.png\",\"width\":1200,\"height\":1193,\"caption\":\"Grand H\u00f4tel de Normandie\"},\"image\":{\"@id\":\"https:\/\/www.grand-hotel-de-normandie.com\/#\/schema\/logo\/image\/\"}}]}<\/script>\n<!-- \/ Yoast SEO plugin. -->","yoast_head_json":{"title":"Sala de reuniones - Grand H\u00f4tel de Normandie ****","robots":{"index":"index","follow":"follow","max-snippet":"max-snippet:-1","max-image-preview":"max-image-preview:large","max-video-preview":"max-video-preview:-1"},"og_locale":"es_ES","og_type":"article","og_title":"Sala de reuniones - Grand H\u00f4tel de Normandie ****","og_description":"&nbsp; &nbsp; &nbsp; &nbsp; &nbsp;","og_url":"https:\/\/www.grand-hotel-de-normandie.com\/es\/sala-de-reuniones\/","og_site_name":"Grand H\u00f4tel de Normandie ****","article_modified_time":"2024-01-16T07:12:53+00:00","og_image":[{"width":2000,"height":1333,"url":"https:\/\/www.grand-hotel-de-normandie.com\/wp-content\/uploads\/2017\/09\/salle-seminaire_2.jpg","type":"image\/jpeg"}],"twitter_card":"summary_large_image","twitter_misc":{"Tiempo de lectura":"2 minutos"},"schema":{"@context":"https:\/\/schema.org","@graph":[{"@type":"WebPage","@id":"https:\/\/www.grand-hotel-de-normandie.com\/es\/sala-de-reuniones\/","url":"https:\/\/www.grand-hotel-de-normandie.com\/es\/sala-de-reuniones\/","name":"Sala de reuniones - Grand H\u00f4tel de Normandie ****","isPartOf":{"@id":"https:\/\/www.grand-hotel-de-normandie.com\/#website"},"primaryImageOfPage":{"@id":"https:\/\/www.grand-hotel-de-normandie.com\/es\/sala-de-reuniones\/#primaryimage"},"image":{"@id":"https:\/\/www.grand-hotel-de-normandie.com\/es\/sala-de-reuniones\/#primaryimage"},"thumbnailUrl":"https:\/\/www.grand-hotel-de-normandie.com\/wp-content\/uploads\/2017\/09\/salle-seminaire_2.jpg","datePublished":"2017-09-04T08:51:28+00:00","dateModified":"2024-01-16T07:12:53+00:00","breadcrumb":{"@id":"https:\/\/www.grand-hotel-de-normandie.com\/es\/sala-de-reuniones\/#breadcrumb"},"inLanguage":"es","potentialAction":[{"@type":"ReadAction","target":["https:\/\/www.grand-hotel-de-normandie.com\/es\/sala-de-reuniones\/"]}]},{"@type":"ImageObject","inLanguage":"es","@id":"https:\/\/www.grand-hotel-de-normandie.com\/es\/sala-de-reuniones\/#primaryimage","url":"https:\/\/www.grand-hotel-de-normandie.com\/wp-content\/uploads\/2017\/09\/salle-seminaire_2.jpg","contentUrl":"https:\/\/www.grand-hotel-de-normandie.com\/wp-content\/uploads\/2017\/09\/salle-seminaire_2.jpg","width":2000,"height":1333},{"@type":"BreadcrumbList","@id":"https:\/\/www.grand-hotel-de-normandie.com\/es\/sala-de-reuniones\/#breadcrumb","itemListElement":[{"@type":"ListItem","position":1,"name":"Accueil","item":"https:\/\/www.grand-hotel-de-normandie.com\/es\/"},{"@type":"ListItem","position":2,"name":"Sala de reuniones"}]},{"@type":"WebSite","@id":"https:\/\/www.grand-hotel-de-normandie.com\/#website","url":"https:\/\/www.grand-hotel-de-normandie.com\/","name":"Grand H\u00f4tel de Normandie ****","description":"","publisher":{"@id":"https:\/\/www.grand-hotel-de-normandie.com\/#organization"},"potentialAction":[{"@type":"SearchAction","target":{"@type":"EntryPoint","urlTemplate":"https:\/\/www.grand-hotel-de-normandie.com\/?s={search_term_string}"},"query-input":{"@type":"PropertyValueSpecification","valueRequired":true,"valueName":"search_term_string"}}],"inLanguage":"es"},{"@type":"Organization","@id":"https:\/\/www.grand-hotel-de-normandie.com\/#organization","name":"Grand H\u00f4tel de Normandie","url":"https:\/\/www.grand-hotel-de-normandie.com\/","logo":{"@type":"ImageObject","inLanguage":"es","@id":"https:\/\/www.grand-hotel-de-normandie.com\/#\/schema\/logo\/image\/","url":"https:\/\/www.grand-hotel-de-normandie.com\/wp-content\/uploads\/2018\/08\/logo.png","contentUrl":"https:\/\/www.grand-hotel-de-normandie.com\/wp-content\/uploads\/2018\/08\/logo.png","width":1200,"height":1193,"caption":"Grand H\u00f4tel de Normandie"},"image":{"@id":"https:\/\/www.grand-hotel-de-normandie.com\/#\/schema\/logo\/image\/"}}]}},"_links":{"self":[{"href":"https:\/\/www.grand-hotel-de-normandie.com\/es\/wp-json\/wp\/v2\/pages\/1850\/"}],"collection":[{"href":"https:\/\/www.grand-hotel-de-normandie.com\/es\/wp-json\/wp\/v2\/pages\/"}],"about":[{"href":"https:\/\/www.grand-hotel-de-normandie.com\/es\/wp-json\/wp\/v2\/types\/page\/"}],"author":[{"embeddable":true,"href":"https:\/\/www.grand-hotel-de-normandie.com\/es\/wp-json\/wp\/v2\/users\/1\/"}],"replies":[{"embeddable":true,"href":"https:\/\/www.grand-hotel-de-normandie.com\/es\/wp-json\/wp\/v2\/comments\/?post=1850"}],"version-history":[{"count":2,"href":"https:\/\/www.grand-hotel-de-normandie.com\/es\/wp-json\/wp\/v2\/pages\/1850\/revisions\/"}],"predecessor-version":[{"id":2143,"href":"https:\/\/www.grand-hotel-de-normandie.com\/es\/wp-json\/wp\/v2\/pages\/1850\/revisions\/2143\/"}],"wp:featuredmedia":[{"embeddable":true,"href":"https:\/\/www.grand-hotel-de-normandie.com\/es\/wp-json\/wp\/v2\/media\/1852\/"}],"wp:attachment":[{"href":"https:\/\/www.grand-hotel-de-normandie.com\/es\/wp-json\/wp\/v2\/media\/?parent=1850"}],"curies":[{"name":"wp","href":"https:\/\/api.w.org\/{rel}","templated":true}]}}