{"id":1867,"date":"2017-06-13T07:45:27","date_gmt":"2017-06-13T05:45:27","guid":{"rendered":"https:\/\/www.grand-hotel-de-normandie.com\/services\/"},"modified":"2024-01-16T08:18:20","modified_gmt":"2024-01-16T07:18:20","slug":"servicios","status":"publish","type":"page","link":"https:\/\/www.grand-hotel-de-normandie.com\/es\/servicios\/","title":{"rendered":"Servicios"},"content":{"rendered":"\t<div class=\"pixcode  pixcode--grid  grid\" >\n\t\t\t<div class=\"island grid__item six-twelfths palm-one-whole\" >\n\t\t\n<h3>NUESTROS SERVICIOS<\/h3>\n<ul>\n<li>WIFI gratuito en todo el hotel (1 acceso por habitaci\u00f3n)<\/li>\n<li>Recepci\u00f3n abierta las 24 horas<\/li>\n<li>Salida a m\u00e1s tardar a las 12:00; Llegada a partir de las 15:00<\/li>\n<li>El consumo de tabaco est\u00e1 totalmente prohibido en el hotel<\/li>\n<li>Habitaciones adaptadas para personas con movilidad reducida a petici\u00f3n del cliente<\/li>\n<li>Consigna de equipaje gratuito en caso de llegada anticipada o salida tard\u00eda<\/li>\n<li>Desayuno buffet servido a partir de las 6:30 de la ma\u00f1ana<\/li>\n<li>Reservaci\u00f3n de transporte al aeropuerto<\/li>\n<li>Caja fuerte gratuita<\/li>\n<li>Televisor de pantalla plana con canales internacionales por sat\u00e9lite<\/li>\n<li>Pr\u00e9stamo de adaptadores de corriente universal, planchas, paraguas, etc.<\/li>\n<li>Productos adicionales disponibles a petici\u00f3n (set de costura, afeitado, dental, etc.)<\/li>\n<li>Servicio de despertador (Wake up call)<\/li>\n<li>Cuna gratuita sujeto a reservaci\u00f3n previa (para beb\u00e9s de hasta 2 a\u00f1os)<\/li>\n<li>Servicio de conserjer\u00eda, excursiones&#8230;<\/li>\n<li>Centro de negocios y sala de reuniones<\/li>\n<li>Fax en la recepci\u00f3n<\/li>\n<li>Hotel accesible para personas con movilidad reducida y no videntes<\/li>\n<li>Tasa tur\u00edstica adicional de 2.88 \u20ac por persona y noche<\/li>\n<li>No se admiten mascotas<\/li>\n<\/ul>\n<p style=\"text-align: center;\"><a  class=\"pixcode  pixcode--btn  btn  btn--text\" href=\"https:\/\/www.secure-hotel-booking.com\/le-grand-hotel-de-normandie\/29HQ\/es\/dateselection\" >RESERVAR<\/a>\n\t<\/div>\n\n\t<div class=\"island grid__item six-twelfths palm-one-whole\" >\n\t\t\n<p>&nbsp;<\/p>\n\n\t\t\t<div class=\"content--gallery-slideshow\">\n\t\t\t\t<div class=\"pixslider  pixslider--gallery-slideshow  js-pixslider\"\n\t\t\t\t     data-arrows\n\t\t\t\t     data-imagescale=\"none\"\n\t\t\t\t     data-slidertransition=\"fade\"\n\t\t\t\t     data-autoheight\n\t\t\t\t     ><div class=\"gallery-item\" itemscope\n\t\t\t\t\t\t     itemtype=\"http:\/\/schema.org\/ImageObject\"\n\t\t\t\t\t\t     data-caption=\"\"\n\t\t\t\t\t\t     data-description=\"\">\n\t\t\t\t\t\t\t<img decoding=\"async\" src=\"https:\/\/www.grand-hotel-de-normandie.com\/wp-content\/uploads\/2014\/07\/pc-internet.jpg\" class=\"attachment-blog-big rsImg\"\n\t\t\t\t\t\t\t     alt=\"\"\n\t\t\t\t\t\t\t     itemprop=\"contentURL\"  \/>\n\t\t\t\t\t\t<\/div><div class=\"gallery-item\" itemscope\n\t\t\t\t\t\t     itemtype=\"http:\/\/schema.org\/ImageObject\"\n\t\t\t\t\t\t     data-caption=\"\"\n\t\t\t\t\t\t     data-description=\"\">\n\t\t\t\t\t\t\t<img decoding=\"async\" src=\"https:\/\/www.grand-hotel-de-normandie.com\/wp-content\/uploads\/2014\/07\/3.jpg\" class=\"attachment-blog-big rsImg\"\n\t\t\t\t\t\t\t     alt=\"\"\n\t\t\t\t\t\t\t     itemprop=\"contentURL\"  \/>\n\t\t\t\t\t\t<\/div><div class=\"gallery-item\" itemscope\n\t\t\t\t\t\t     itemtype=\"http:\/\/schema.org\/ImageObject\"\n\t\t\t\t\t\t     data-caption=\"\"\n\t\t\t\t\t\t     data-description=\"\">\n\t\t\t\t\t\t\t<img decoding=\"async\" src=\"https:\/\/www.grand-hotel-de-normandie.com\/wp-content\/uploads\/2017\/06\/porte-brochure.jpg\" class=\"attachment-blog-big rsImg\"\n\t\t\t\t\t\t\t     alt=\"\"\n\t\t\t\t\t\t\t     itemprop=\"contentURL\"  \/>\n\t\t\t\t\t\t<\/div><div class=\"gallery-item\" itemscope\n\t\t\t\t\t\t     itemtype=\"http:\/\/schema.org\/ImageObject\"\n\t\t\t\t\t\t     data-caption=\"\"\n\t\t\t\t\t\t     data-description=\"\">\n\t\t\t\t\t\t\t<img decoding=\"async\" src=\"https:\/\/www.grand-hotel-de-normandie.com\/wp-content\/uploads\/2014\/07\/6.jpg\" class=\"attachment-blog-big rsImg\"\n\t\t\t\t\t\t\t     alt=\"\"\n\t\t\t\t\t\t\t     itemprop=\"contentURL\"  \/>\n\t\t\t\t\t\t<\/div><div class=\"gallery-item\" itemscope\n\t\t\t\t\t\t     itemtype=\"http:\/\/schema.org\/ImageObject\"\n\t\t\t\t\t\t     data-caption=\"\"\n\t\t\t\t\t\t     data-description=\"\">\n\t\t\t\t\t\t\t<img decoding=\"async\" src=\"https:\/\/www.grand-hotel-de-normandie.com\/wp-content\/uploads\/2017\/06\/services-bouilloire.jpg\" class=\"attachment-blog-big rsImg\"\n\t\t\t\t\t\t\t     alt=\"\"\n\t\t\t\t\t\t\t     itemprop=\"contentURL\"  \/>\n\t\t\t\t\t\t<\/div><div class=\"gallery-item\" itemscope\n\t\t\t\t\t\t     itemtype=\"http:\/\/schema.org\/ImageObject\"\n\t\t\t\t\t\t     data-caption=\"\"\n\t\t\t\t\t\t     data-description=\"\">\n\t\t\t\t\t\t\t<img decoding=\"async\" src=\"https:\/\/www.grand-hotel-de-normandie.com\/wp-content\/uploads\/2017\/06\/services-minibar.jpg\" class=\"attachment-blog-big rsImg\"\n\t\t\t\t\t\t\t     alt=\"\"\n\t\t\t\t\t\t\t     itemprop=\"contentURL\"  \/>\n\t\t\t\t\t\t<\/div><\/div>\n\t\t<\/div><!-- .content .content--gallery-slideshow -->\n<p>Para hacer su estad\u00eda en Par\u00eds lo m\u00e1s agradable posible, nuestros recepcionistas est\u00e1n a su disposici\u00f3n las 24 horas del d\u00eda, los 7 d\u00edas de la semana, para atender todas sus necesidades. <\/p>\n<p>Nuestro personal pol\u00edglota est\u00e1 a su disposici\u00f3n en todo momento: para recomendarle un restaurante, un museo o una excursi\u00f3n, indicarle una direcci\u00f3n, organizar sus traslados a los diferentes aeropuertos o simplemente imprimir un pase de abordar;<\/p>\n<p>En la recepci\u00f3n, hay un espacio de Internet gratuito con computadoras que tienen una conexi\u00f3n de banda ancha ADSL.<\/p>\n<p>Adem\u00e1s de esta terminal de Internet, la conexi\u00f3n Wifi segura y gratuita est\u00e1 disponible en todo el hotel, incluyendo, por supuesto, en su habitaci\u00f3n.<\/p>\n<p>&nbsp;<\/p>\n\t<\/div>\n\t<\/div>\n\n<p>&nbsp;<\/p>\n<p>&nbsp;<\/p>\n<p>&nbsp;<\/p>\n","protected":false},"excerpt":{"rendered":"<p>&nbsp; &nbsp; &nbsp;<\/p>\n","protected":false},"author":1,"featured_media":1830,"parent":0,"menu_order":0,"comment_status":"closed","ping_status":"closed","template":"","meta":{"footnotes":""},"class_list":["post-1867","page","type-page","status-publish","has-post-thumbnail","hentry"],"yoast_head":"<!-- This site is optimized with the Yoast SEO plugin v25.9 - https:\/\/yoast.com\/wordpress\/plugins\/seo\/ -->\n<title>Servicios - Grand H\u00f4tel de Normandie ****<\/title>\n<meta name=\"description\" content=\"D\u00e9couvrez les services du Grand Hotel de Normandie, h\u00f4tel 4 \u00e9toiles en plein coeur de Paris. B\u00e9n\u00e9ficiez de 15% de r\u00e9duction en direct.\" \/>\n<meta name=\"robots\" content=\"index, follow, max-snippet:-1, max-image-preview:large, max-video-preview:-1\" \/>\n<meta property=\"og:locale\" content=\"es_ES\" \/>\n<meta property=\"og:type\" content=\"article\" \/>\n<meta property=\"og:title\" content=\"Servicios - Grand H\u00f4tel de Normandie ****\" \/>\n<meta property=\"og:description\" content=\"D\u00e9couvrez les services du Grand Hotel de Normandie, h\u00f4tel 4 \u00e9toiles en plein coeur de Paris. B\u00e9n\u00e9ficiez de 15% de r\u00e9duction en direct.\" \/>\n<meta property=\"og:url\" content=\"https:\/\/www.grand-hotel-de-normandie.com\/es\/servicios\/\" \/>\n<meta property=\"og:site_name\" content=\"Grand H\u00f4tel de Normandie ****\" \/>\n<meta property=\"article:modified_time\" content=\"2024-01-16T07:18:20+00:00\" \/>\n<meta property=\"og:image\" content=\"https:\/\/www.grand-hotel-de-normandie.com\/wp-content\/uploads\/2014\/07\/lobby_3.jpg\" \/>\n\t<meta property=\"og:image:width\" content=\"2000\" \/>\n\t<meta property=\"og:image:height\" content=\"1333\" \/>\n\t<meta property=\"og:image:type\" content=\"image\/jpeg\" \/>\n<meta name=\"twitter:card\" content=\"summary_large_image\" \/>\n<meta name=\"twitter:label1\" content=\"Tiempo de lectura\" \/>\n\t<meta name=\"twitter:data1\" content=\"2 minutos\" \/>\n<script type=\"application\/ld+json\" class=\"yoast-schema-graph\">{\"@context\":\"https:\/\/schema.org\",\"@graph\":[{\"@type\":\"WebPage\",\"@id\":\"https:\/\/www.grand-hotel-de-normandie.com\/es\/servicios\/\",\"url\":\"https:\/\/www.grand-hotel-de-normandie.com\/es\/servicios\/\",\"name\":\"Servicios - Grand H\u00f4tel de Normandie ****\",\"isPartOf\":{\"@id\":\"https:\/\/www.grand-hotel-de-normandie.com\/#website\"},\"primaryImageOfPage\":{\"@id\":\"https:\/\/www.grand-hotel-de-normandie.com\/es\/servicios\/#primaryimage\"},\"image\":{\"@id\":\"https:\/\/www.grand-hotel-de-normandie.com\/es\/servicios\/#primaryimage\"},\"thumbnailUrl\":\"https:\/\/www.grand-hotel-de-normandie.com\/wp-content\/uploads\/2014\/07\/lobby_3.jpg\",\"datePublished\":\"2017-06-13T05:45:27+00:00\",\"dateModified\":\"2024-01-16T07:18:20+00:00\",\"description\":\"D\u00e9couvrez les services du Grand Hotel de Normandie, h\u00f4tel 4 \u00e9toiles en plein coeur de Paris. B\u00e9n\u00e9ficiez de 15% de r\u00e9duction en direct.\",\"breadcrumb\":{\"@id\":\"https:\/\/www.grand-hotel-de-normandie.com\/es\/servicios\/#breadcrumb\"},\"inLanguage\":\"es\",\"potentialAction\":[{\"@type\":\"ReadAction\",\"target\":[\"https:\/\/www.grand-hotel-de-normandie.com\/es\/servicios\/\"]}]},{\"@type\":\"ImageObject\",\"inLanguage\":\"es\",\"@id\":\"https:\/\/www.grand-hotel-de-normandie.com\/es\/servicios\/#primaryimage\",\"url\":\"https:\/\/www.grand-hotel-de-normandie.com\/wp-content\/uploads\/2014\/07\/lobby_3.jpg\",\"contentUrl\":\"https:\/\/www.grand-hotel-de-normandie.com\/wp-content\/uploads\/2014\/07\/lobby_3.jpg\",\"width\":2000,\"height\":1333},{\"@type\":\"BreadcrumbList\",\"@id\":\"https:\/\/www.grand-hotel-de-normandie.com\/es\/servicios\/#breadcrumb\",\"itemListElement\":[{\"@type\":\"ListItem\",\"position\":1,\"name\":\"Accueil\",\"item\":\"https:\/\/www.grand-hotel-de-normandie.com\/es\/\"},{\"@type\":\"ListItem\",\"position\":2,\"name\":\"Servicios\"}]},{\"@type\":\"WebSite\",\"@id\":\"https:\/\/www.grand-hotel-de-normandie.com\/#website\",\"url\":\"https:\/\/www.grand-hotel-de-normandie.com\/\",\"name\":\"Grand H\u00f4tel de Normandie ****\",\"description\":\"\",\"publisher\":{\"@id\":\"https:\/\/www.grand-hotel-de-normandie.com\/#organization\"},\"potentialAction\":[{\"@type\":\"SearchAction\",\"target\":{\"@type\":\"EntryPoint\",\"urlTemplate\":\"https:\/\/www.grand-hotel-de-normandie.com\/?s={search_term_string}\"},\"query-input\":{\"@type\":\"PropertyValueSpecification\",\"valueRequired\":true,\"valueName\":\"search_term_string\"}}],\"inLanguage\":\"es\"},{\"@type\":\"Organization\",\"@id\":\"https:\/\/www.grand-hotel-de-normandie.com\/#organization\",\"name\":\"Grand H\u00f4tel de Normandie\",\"url\":\"https:\/\/www.grand-hotel-de-normandie.com\/\",\"logo\":{\"@type\":\"ImageObject\",\"inLanguage\":\"es\",\"@id\":\"https:\/\/www.grand-hotel-de-normandie.com\/#\/schema\/logo\/image\/\",\"url\":\"https:\/\/www.grand-hotel-de-normandie.com\/wp-content\/uploads\/2018\/08\/logo.png\",\"contentUrl\":\"https:\/\/www.grand-hotel-de-normandie.com\/wp-content\/uploads\/2018\/08\/logo.png\",\"width\":1200,\"height\":1193,\"caption\":\"Grand H\u00f4tel de Normandie\"},\"image\":{\"@id\":\"https:\/\/www.grand-hotel-de-normandie.com\/#\/schema\/logo\/image\/\"}}]}<\/script>\n<!-- \/ Yoast SEO plugin. -->","yoast_head_json":{"title":"Servicios - Grand H\u00f4tel de Normandie ****","description":"D\u00e9couvrez les services du Grand Hotel de Normandie, h\u00f4tel 4 \u00e9toiles en plein coeur de Paris. B\u00e9n\u00e9ficiez de 15% de r\u00e9duction en direct.","robots":{"index":"index","follow":"follow","max-snippet":"max-snippet:-1","max-image-preview":"max-image-preview:large","max-video-preview":"max-video-preview:-1"},"og_locale":"es_ES","og_type":"article","og_title":"Servicios - Grand H\u00f4tel de Normandie ****","og_description":"D\u00e9couvrez les services du Grand Hotel de Normandie, h\u00f4tel 4 \u00e9toiles en plein coeur de Paris. B\u00e9n\u00e9ficiez de 15% de r\u00e9duction en direct.","og_url":"https:\/\/www.grand-hotel-de-normandie.com\/es\/servicios\/","og_site_name":"Grand H\u00f4tel de Normandie ****","article_modified_time":"2024-01-16T07:18:20+00:00","og_image":[{"width":2000,"height":1333,"url":"https:\/\/www.grand-hotel-de-normandie.com\/wp-content\/uploads\/2014\/07\/lobby_3.jpg","type":"image\/jpeg"}],"twitter_card":"summary_large_image","twitter_misc":{"Tiempo de lectura":"2 minutos"},"schema":{"@context":"https:\/\/schema.org","@graph":[{"@type":"WebPage","@id":"https:\/\/www.grand-hotel-de-normandie.com\/es\/servicios\/","url":"https:\/\/www.grand-hotel-de-normandie.com\/es\/servicios\/","name":"Servicios - Grand H\u00f4tel de Normandie ****","isPartOf":{"@id":"https:\/\/www.grand-hotel-de-normandie.com\/#website"},"primaryImageOfPage":{"@id":"https:\/\/www.grand-hotel-de-normandie.com\/es\/servicios\/#primaryimage"},"image":{"@id":"https:\/\/www.grand-hotel-de-normandie.com\/es\/servicios\/#primaryimage"},"thumbnailUrl":"https:\/\/www.grand-hotel-de-normandie.com\/wp-content\/uploads\/2014\/07\/lobby_3.jpg","datePublished":"2017-06-13T05:45:27+00:00","dateModified":"2024-01-16T07:18:20+00:00","description":"D\u00e9couvrez les services du Grand Hotel de Normandie, h\u00f4tel 4 \u00e9toiles en plein coeur de Paris. B\u00e9n\u00e9ficiez de 15% de r\u00e9duction en direct.","breadcrumb":{"@id":"https:\/\/www.grand-hotel-de-normandie.com\/es\/servicios\/#breadcrumb"},"inLanguage":"es","potentialAction":[{"@type":"ReadAction","target":["https:\/\/www.grand-hotel-de-normandie.com\/es\/servicios\/"]}]},{"@type":"ImageObject","inLanguage":"es","@id":"https:\/\/www.grand-hotel-de-normandie.com\/es\/servicios\/#primaryimage","url":"https:\/\/www.grand-hotel-de-normandie.com\/wp-content\/uploads\/2014\/07\/lobby_3.jpg","contentUrl":"https:\/\/www.grand-hotel-de-normandie.com\/wp-content\/uploads\/2014\/07\/lobby_3.jpg","width":2000,"height":1333},{"@type":"BreadcrumbList","@id":"https:\/\/www.grand-hotel-de-normandie.com\/es\/servicios\/#breadcrumb","itemListElement":[{"@type":"ListItem","position":1,"name":"Accueil","item":"https:\/\/www.grand-hotel-de-normandie.com\/es\/"},{"@type":"ListItem","position":2,"name":"Servicios"}]},{"@type":"WebSite","@id":"https:\/\/www.grand-hotel-de-normandie.com\/#website","url":"https:\/\/www.grand-hotel-de-normandie.com\/","name":"Grand H\u00f4tel de Normandie ****","description":"","publisher":{"@id":"https:\/\/www.grand-hotel-de-normandie.com\/#organization"},"potentialAction":[{"@type":"SearchAction","target":{"@type":"EntryPoint","urlTemplate":"https:\/\/www.grand-hotel-de-normandie.com\/?s={search_term_string}"},"query-input":{"@type":"PropertyValueSpecification","valueRequired":true,"valueName":"search_term_string"}}],"inLanguage":"es"},{"@type":"Organization","@id":"https:\/\/www.grand-hotel-de-normandie.com\/#organization","name":"Grand H\u00f4tel de Normandie","url":"https:\/\/www.grand-hotel-de-normandie.com\/","logo":{"@type":"ImageObject","inLanguage":"es","@id":"https:\/\/www.grand-hotel-de-normandie.com\/#\/schema\/logo\/image\/","url":"https:\/\/www.grand-hotel-de-normandie.com\/wp-content\/uploads\/2018\/08\/logo.png","contentUrl":"https:\/\/www.grand-hotel-de-normandie.com\/wp-content\/uploads\/2018\/08\/logo.png","width":1200,"height":1193,"caption":"Grand H\u00f4tel de Normandie"},"image":{"@id":"https:\/\/www.grand-hotel-de-normandie.com\/#\/schema\/logo\/image\/"}}]}},"_links":{"self":[{"href":"https:\/\/www.grand-hotel-de-normandie.com\/es\/wp-json\/wp\/v2\/pages\/1867\/"}],"collection":[{"href":"https:\/\/www.grand-hotel-de-normandie.com\/es\/wp-json\/wp\/v2\/pages\/"}],"about":[{"href":"https:\/\/www.grand-hotel-de-normandie.com\/es\/wp-json\/wp\/v2\/types\/page\/"}],"author":[{"embeddable":true,"href":"https:\/\/www.grand-hotel-de-normandie.com\/es\/wp-json\/wp\/v2\/users\/1\/"}],"replies":[{"embeddable":true,"href":"https:\/\/www.grand-hotel-de-normandie.com\/es\/wp-json\/wp\/v2\/comments\/?post=1867"}],"version-history":[{"count":2,"href":"https:\/\/www.grand-hotel-de-normandie.com\/es\/wp-json\/wp\/v2\/pages\/1867\/revisions\/"}],"predecessor-version":[{"id":2157,"href":"https:\/\/www.grand-hotel-de-normandie.com\/es\/wp-json\/wp\/v2\/pages\/1867\/revisions\/2157\/"}],"wp:featuredmedia":[{"embeddable":true,"href":"https:\/\/www.grand-hotel-de-normandie.com\/es\/wp-json\/wp\/v2\/media\/1830\/"}],"wp:attachment":[{"href":"https:\/\/www.grand-hotel-de-normandie.com\/es\/wp-json\/wp\/v2\/media\/?parent=1867"}],"curies":[{"name":"wp","href":"https:\/\/api.w.org\/{rel}","templated":true}]}}