{"id":1871,"date":"2014-05-30T14:17:08","date_gmt":"2014-05-30T14:17:08","guid":{"rendered":"https:\/\/www.grand-hotel-de-normandie.com\/situation\/"},"modified":"2025-09-19T10:55:50","modified_gmt":"2025-09-19T08:55:50","slug":"ubicacion","status":"publish","type":"page","link":"https:\/\/www.grand-hotel-de-normandie.com\/es\/ubicacion\/","title":{"rendered":"Ubicacion"},"content":{"rendered":"\t<div class=\"pixcode  pixcode--grid  grid\" >\n\t\t\t<div class=\"grid__item six-twelfths palm-one-whole\" >\n\t\t\n<h3>EL GRAND HOTEL DE NORMANDIE<\/h3>\n<p style=\"text-align: justify;\">Justo en el centro de Par\u00eds, ubicado a unos pasos de una de las estaciones m\u00e1s transitadas de Europa, acceso directo en tren al Palacio de Versalles, RER E Haussmann St-Lazare, a solo una estaci\u00f3n deL Eurostar para ir a  Londres, solo tiene que cruzar la calle para tener acceso a 5 l\u00edneas de metro.<\/p>\n<p style=\"text-align: justify;\">Central de taxis justo enfrente, autob\u00fas Open Tour a 2 minutos a pie y la estaci\u00f3n expr\u00e9s de Roissy Bus para ir al aeropuerto Charles de Gaules a menos de 5 minutos.<\/p>\n<h4>DIRECCI\u00d3N EN TRANSPORTE P\u00daBLICO DESDE EL AEROPUERTO HASTA EL GRAND HOTEL DE NORMANDIE:<\/h4>\n<p style=\"text-align: justify;\"><strong>CDG\u00a0:<\/strong> RER B hasta la estaci\u00f3n Gare du Nord; Tome el RER E que va de la estaci\u00f3n Magenta baje en la estaci\u00f3n Haussmann St-Lazare.<\/p>\n<p style=\"text-align: justify;\"><strong>ORLY\u00a0:<\/strong> RER B hasta Ch\u00e2telet Les Halles; Tome la l\u00ednea 14 del metro de la estaci\u00f3n Ch\u00e2telet a la estaci\u00f3n St-Lazare.<\/p>\n<p style=\"text-align: justify;\"><strong>BEAUVAIS:<\/strong> Conexi\u00f3n por Bus Express hacia Porte Maillot; tomar la l\u00ednea 1 del metro hacia la estaci\u00f3n Champs Elys\u00e9es Clemenceau y luego la l\u00ednea 13 del metro hasta la estaci\u00f3n St-Lazare..<\/p>\n<p style=\"text-align: justify;\"><strong>En Bus\u00a0:<\/strong><\/p>\n<p style=\"text-align: justify;\"><strong>CDG\u00a0:<\/strong> Conexi\u00f3n Opera\/CDG con Roissy Bus<br \/>\nPrecio: 16.6\u20ac\/persona; salidas aproximadamente cada 15 minutos, los 7 d\u00edas de la semana<br \/>\nEl hotel est\u00e1 a 5 minutos a pie desde la estaci\u00f3n Opera..<\/p>\n<p style=\"text-align: justify;\"><strong>Aeropuerto BEAUVAIS\u00a0:<\/strong><br \/>\nBeauvais Bus Express desde o hacia Porte Maillot<br \/>\nLuego tomar la l\u00ednea 1 del metro hacia la estaci\u00f3n Champs Elys\u00e9es Clemenceau; donde deber\u00e1 tomar la l\u00ednea 13 del metro hasta St-Lazare.<\/p>\n<p>&nbsp;<\/p>\n<p><strong>En carro:<\/strong><\/p>\n<p>Trabajamos con el estacionamiento Effia ubicado a 2 minutos a pie del Hotel en 29 Rue de Londre, 75009 PARIS.<\/p>\n<p><script src=\"https:\/\/www.effia.com\/libraries_ext\/booking_widget_library_ext.js \"><\/script><\/p>\n<div id=\"effia_widget\" data-language=\"fr\" data-widget-key=\"b5a46f73-2a7f-4283-8da6-08edb952e379\"><\/div>\n<\/p>\n\t<\/div>\n\n\t<div class=\"grid__item six-twelfths palm-one-whole\" >\n\t\t\n<h3>Contactenos<\/h3>\n<p>4 RUE D\u2019AMSTERDAM | 75009 PARIS<br \/>\nT\u00e9l. +33 1 48 78 76 70<br \/>\nFax: +33 1 48 78 76 32<br \/>\nEmail : contact@ghn-paris.com<\/p>\n<p><iframe loading=\"lazy\" style=\"border: 0; height: 550px;\" src=\"https:\/\/www.google.com\/maps\/embed?pb=!1m18!1m12!1m3!1d17653.91925112293!2d2.3042689905117832!3d48.872114023179705!2m3!1f0!2f0!3f0!3m2!1i1024!2i768!4f13.1!3m3!1m2!1s0x47e66e359a8114b3%3A0x9da083e66adb9c07!2s4+Rue+d'Amsterdam%2C+75009+Paris!5e0!3m2!1sfr!2sfr!4v1497329086039\" width=\"100%\" height=\"450\" frameborder=\"0\" allowfullscreen=\"allowfullscreen\"><\/iframe><\/p>\n<p><a href=\"http:\/\/www.grand-hotel-de-normandie.com\/new\/wp-content\/uploads\/2014\/05\/gare-saint-lazare-1.jpg\"><img loading=\"lazy\" decoding=\"async\" class=\"alignnone wp-image-776 size-full\" src=\"http:\/\/www.grand-hotel-de-normandie.com\/new\/wp-content\/uploads\/2014\/05\/gare-saint-lazare-1.jpg\" alt=\"\" width=\"2000\" height=\"1333\" srcset=\"https:\/\/www.grand-hotel-de-normandie.com\/wp-content\/uploads\/2014\/05\/gare-saint-lazare-1.jpg 2000w, https:\/\/www.grand-hotel-de-normandie.com\/wp-content\/uploads\/2014\/05\/gare-saint-lazare-1-300x200.jpg 300w, https:\/\/www.grand-hotel-de-normandie.com\/wp-content\/uploads\/2014\/05\/gare-saint-lazare-1-768x512.jpg 768w, https:\/\/www.grand-hotel-de-normandie.com\/wp-content\/uploads\/2014\/05\/gare-saint-lazare-1-1024x682.jpg 1024w, https:\/\/www.grand-hotel-de-normandie.com\/wp-content\/uploads\/2014\/05\/gare-saint-lazare-1-1200x800.jpg 1200w, https:\/\/www.grand-hotel-de-normandie.com\/wp-content\/uploads\/2014\/05\/gare-saint-lazare-1-900x600.jpg 900w, https:\/\/www.grand-hotel-de-normandie.com\/wp-content\/uploads\/2014\/05\/gare-saint-lazare-1-400x267.jpg 400w\" sizes=\"auto, (max-width: 2000px) 100vw, 2000px\" \/><\/a><\/p>\n\t<\/div>\n\t<\/div>\n\n","protected":false},"excerpt":{"rendered":"","protected":false},"author":1,"featured_media":1872,"parent":0,"menu_order":0,"comment_status":"closed","ping_status":"closed","template":"","meta":{"footnotes":""},"class_list":["post-1871","page","type-page","status-publish","has-post-thumbnail","hentry"],"yoast_head":"<!-- This site is optimized with the Yoast SEO plugin v25.9 - https:\/\/yoast.com\/wordpress\/plugins\/seo\/ -->\n<title>Ubicacion - Grand H\u00f4tel de Normandie ****<\/title>\n<meta name=\"robots\" content=\"index, follow, max-snippet:-1, max-image-preview:large, max-video-preview:-1\" \/>\n<meta property=\"og:locale\" content=\"es_ES\" \/>\n<meta property=\"og:type\" content=\"article\" \/>\n<meta property=\"og:title\" content=\"Ubicacion - Grand H\u00f4tel de Normandie ****\" \/>\n<meta property=\"og:url\" content=\"https:\/\/www.grand-hotel-de-normandie.com\/es\/ubicacion\/\" \/>\n<meta property=\"og:site_name\" content=\"Grand H\u00f4tel de Normandie ****\" \/>\n<meta property=\"article:modified_time\" content=\"2025-09-19T08:55:50+00:00\" \/>\n<meta property=\"og:image\" content=\"https:\/\/www.grand-hotel-de-normandie.com\/wp-content\/uploads\/2014\/05\/gare-saint-lazare-2.jpg\" \/>\n\t<meta property=\"og:image:width\" content=\"2000\" \/>\n\t<meta property=\"og:image:height\" content=\"1333\" \/>\n\t<meta property=\"og:image:type\" content=\"image\/jpeg\" \/>\n<meta name=\"twitter:card\" content=\"summary_large_image\" \/>\n<meta name=\"twitter:label1\" content=\"Tiempo de lectura\" \/>\n\t<meta name=\"twitter:data1\" content=\"2 minutos\" \/>\n<script type=\"application\/ld+json\" class=\"yoast-schema-graph\">{\"@context\":\"https:\/\/schema.org\",\"@graph\":[{\"@type\":\"WebPage\",\"@id\":\"https:\/\/www.grand-hotel-de-normandie.com\/es\/ubicacion\/\",\"url\":\"https:\/\/www.grand-hotel-de-normandie.com\/es\/ubicacion\/\",\"name\":\"Ubicacion - Grand H\u00f4tel de Normandie ****\",\"isPartOf\":{\"@id\":\"https:\/\/www.grand-hotel-de-normandie.com\/#website\"},\"primaryImageOfPage\":{\"@id\":\"https:\/\/www.grand-hotel-de-normandie.com\/es\/ubicacion\/#primaryimage\"},\"image\":{\"@id\":\"https:\/\/www.grand-hotel-de-normandie.com\/es\/ubicacion\/#primaryimage\"},\"thumbnailUrl\":\"https:\/\/www.grand-hotel-de-normandie.com\/wp-content\/uploads\/2014\/05\/gare-saint-lazare-2.jpg\",\"datePublished\":\"2014-05-30T14:17:08+00:00\",\"dateModified\":\"2025-09-19T08:55:50+00:00\",\"breadcrumb\":{\"@id\":\"https:\/\/www.grand-hotel-de-normandie.com\/es\/ubicacion\/#breadcrumb\"},\"inLanguage\":\"es\",\"potentialAction\":[{\"@type\":\"ReadAction\",\"target\":[\"https:\/\/www.grand-hotel-de-normandie.com\/es\/ubicacion\/\"]}]},{\"@type\":\"ImageObject\",\"inLanguage\":\"es\",\"@id\":\"https:\/\/www.grand-hotel-de-normandie.com\/es\/ubicacion\/#primaryimage\",\"url\":\"https:\/\/www.grand-hotel-de-normandie.com\/wp-content\/uploads\/2014\/05\/gare-saint-lazare-2.jpg\",\"contentUrl\":\"https:\/\/www.grand-hotel-de-normandie.com\/wp-content\/uploads\/2014\/05\/gare-saint-lazare-2.jpg\",\"width\":2000,\"height\":1333},{\"@type\":\"BreadcrumbList\",\"@id\":\"https:\/\/www.grand-hotel-de-normandie.com\/es\/ubicacion\/#breadcrumb\",\"itemListElement\":[{\"@type\":\"ListItem\",\"position\":1,\"name\":\"Accueil\",\"item\":\"https:\/\/www.grand-hotel-de-normandie.com\/es\/\"},{\"@type\":\"ListItem\",\"position\":2,\"name\":\"Ubicacion\"}]},{\"@type\":\"WebSite\",\"@id\":\"https:\/\/www.grand-hotel-de-normandie.com\/#website\",\"url\":\"https:\/\/www.grand-hotel-de-normandie.com\/\",\"name\":\"Grand H\u00f4tel de Normandie ****\",\"description\":\"\",\"publisher\":{\"@id\":\"https:\/\/www.grand-hotel-de-normandie.com\/#organization\"},\"potentialAction\":[{\"@type\":\"SearchAction\",\"target\":{\"@type\":\"EntryPoint\",\"urlTemplate\":\"https:\/\/www.grand-hotel-de-normandie.com\/?s={search_term_string}\"},\"query-input\":{\"@type\":\"PropertyValueSpecification\",\"valueRequired\":true,\"valueName\":\"search_term_string\"}}],\"inLanguage\":\"es\"},{\"@type\":\"Organization\",\"@id\":\"https:\/\/www.grand-hotel-de-normandie.com\/#organization\",\"name\":\"Grand H\u00f4tel de Normandie\",\"url\":\"https:\/\/www.grand-hotel-de-normandie.com\/\",\"logo\":{\"@type\":\"ImageObject\",\"inLanguage\":\"es\",\"@id\":\"https:\/\/www.grand-hotel-de-normandie.com\/#\/schema\/logo\/image\/\",\"url\":\"https:\/\/www.grand-hotel-de-normandie.com\/wp-content\/uploads\/2018\/08\/logo.png\",\"contentUrl\":\"https:\/\/www.grand-hotel-de-normandie.com\/wp-content\/uploads\/2018\/08\/logo.png\",\"width\":1200,\"height\":1193,\"caption\":\"Grand H\u00f4tel de Normandie\"},\"image\":{\"@id\":\"https:\/\/www.grand-hotel-de-normandie.com\/#\/schema\/logo\/image\/\"}}]}<\/script>\n<!-- \/ Yoast SEO plugin. -->","yoast_head_json":{"title":"Ubicacion - Grand H\u00f4tel de Normandie ****","robots":{"index":"index","follow":"follow","max-snippet":"max-snippet:-1","max-image-preview":"max-image-preview:large","max-video-preview":"max-video-preview:-1"},"og_locale":"es_ES","og_type":"article","og_title":"Ubicacion - Grand H\u00f4tel de Normandie ****","og_url":"https:\/\/www.grand-hotel-de-normandie.com\/es\/ubicacion\/","og_site_name":"Grand H\u00f4tel de Normandie ****","article_modified_time":"2025-09-19T08:55:50+00:00","og_image":[{"width":2000,"height":1333,"url":"https:\/\/www.grand-hotel-de-normandie.com\/wp-content\/uploads\/2014\/05\/gare-saint-lazare-2.jpg","type":"image\/jpeg"}],"twitter_card":"summary_large_image","twitter_misc":{"Tiempo de lectura":"2 minutos"},"schema":{"@context":"https:\/\/schema.org","@graph":[{"@type":"WebPage","@id":"https:\/\/www.grand-hotel-de-normandie.com\/es\/ubicacion\/","url":"https:\/\/www.grand-hotel-de-normandie.com\/es\/ubicacion\/","name":"Ubicacion - Grand H\u00f4tel de Normandie ****","isPartOf":{"@id":"https:\/\/www.grand-hotel-de-normandie.com\/#website"},"primaryImageOfPage":{"@id":"https:\/\/www.grand-hotel-de-normandie.com\/es\/ubicacion\/#primaryimage"},"image":{"@id":"https:\/\/www.grand-hotel-de-normandie.com\/es\/ubicacion\/#primaryimage"},"thumbnailUrl":"https:\/\/www.grand-hotel-de-normandie.com\/wp-content\/uploads\/2014\/05\/gare-saint-lazare-2.jpg","datePublished":"2014-05-30T14:17:08+00:00","dateModified":"2025-09-19T08:55:50+00:00","breadcrumb":{"@id":"https:\/\/www.grand-hotel-de-normandie.com\/es\/ubicacion\/#breadcrumb"},"inLanguage":"es","potentialAction":[{"@type":"ReadAction","target":["https:\/\/www.grand-hotel-de-normandie.com\/es\/ubicacion\/"]}]},{"@type":"ImageObject","inLanguage":"es","@id":"https:\/\/www.grand-hotel-de-normandie.com\/es\/ubicacion\/#primaryimage","url":"https:\/\/www.grand-hotel-de-normandie.com\/wp-content\/uploads\/2014\/05\/gare-saint-lazare-2.jpg","contentUrl":"https:\/\/www.grand-hotel-de-normandie.com\/wp-content\/uploads\/2014\/05\/gare-saint-lazare-2.jpg","width":2000,"height":1333},{"@type":"BreadcrumbList","@id":"https:\/\/www.grand-hotel-de-normandie.com\/es\/ubicacion\/#breadcrumb","itemListElement":[{"@type":"ListItem","position":1,"name":"Accueil","item":"https:\/\/www.grand-hotel-de-normandie.com\/es\/"},{"@type":"ListItem","position":2,"name":"Ubicacion"}]},{"@type":"WebSite","@id":"https:\/\/www.grand-hotel-de-normandie.com\/#website","url":"https:\/\/www.grand-hotel-de-normandie.com\/","name":"Grand H\u00f4tel de Normandie ****","description":"","publisher":{"@id":"https:\/\/www.grand-hotel-de-normandie.com\/#organization"},"potentialAction":[{"@type":"SearchAction","target":{"@type":"EntryPoint","urlTemplate":"https:\/\/www.grand-hotel-de-normandie.com\/?s={search_term_string}"},"query-input":{"@type":"PropertyValueSpecification","valueRequired":true,"valueName":"search_term_string"}}],"inLanguage":"es"},{"@type":"Organization","@id":"https:\/\/www.grand-hotel-de-normandie.com\/#organization","name":"Grand H\u00f4tel de Normandie","url":"https:\/\/www.grand-hotel-de-normandie.com\/","logo":{"@type":"ImageObject","inLanguage":"es","@id":"https:\/\/www.grand-hotel-de-normandie.com\/#\/schema\/logo\/image\/","url":"https:\/\/www.grand-hotel-de-normandie.com\/wp-content\/uploads\/2018\/08\/logo.png","contentUrl":"https:\/\/www.grand-hotel-de-normandie.com\/wp-content\/uploads\/2018\/08\/logo.png","width":1200,"height":1193,"caption":"Grand H\u00f4tel de Normandie"},"image":{"@id":"https:\/\/www.grand-hotel-de-normandie.com\/#\/schema\/logo\/image\/"}}]}},"_links":{"self":[{"href":"https:\/\/www.grand-hotel-de-normandie.com\/es\/wp-json\/wp\/v2\/pages\/1871\/"}],"collection":[{"href":"https:\/\/www.grand-hotel-de-normandie.com\/es\/wp-json\/wp\/v2\/pages\/"}],"about":[{"href":"https:\/\/www.grand-hotel-de-normandie.com\/es\/wp-json\/wp\/v2\/types\/page\/"}],"author":[{"embeddable":true,"href":"https:\/\/www.grand-hotel-de-normandie.com\/es\/wp-json\/wp\/v2\/users\/1\/"}],"replies":[{"embeddable":true,"href":"https:\/\/www.grand-hotel-de-normandie.com\/es\/wp-json\/wp\/v2\/comments\/?post=1871"}],"version-history":[{"count":4,"href":"https:\/\/www.grand-hotel-de-normandie.com\/es\/wp-json\/wp\/v2\/pages\/1871\/revisions\/"}],"predecessor-version":[{"id":2419,"href":"https:\/\/www.grand-hotel-de-normandie.com\/es\/wp-json\/wp\/v2\/pages\/1871\/revisions\/2419\/"}],"wp:featuredmedia":[{"embeddable":true,"href":"https:\/\/www.grand-hotel-de-normandie.com\/es\/wp-json\/wp\/v2\/media\/1872\/"}],"wp:attachment":[{"href":"https:\/\/www.grand-hotel-de-normandie.com\/es\/wp-json\/wp\/v2\/media\/?parent=1871"}],"curies":[{"name":"wp","href":"https:\/\/api.w.org\/{rel}","templated":true}]}}