{"id":1773,"date":"2018-03-22T18:20:41","date_gmt":"2018-03-22T17:20:41","guid":{"rendered":"https:\/\/www.grand-hotel-de-normandie.com\/activites-a-proximite-de-lhotel\/"},"modified":"2024-01-16T09:02:48","modified_gmt":"2024-01-16T08:02:48","slug":"activites-a-proximite-de-lhotel","status":"publish","type":"page","link":"https:\/\/www.grand-hotel-de-normandie.com\/zh-hans\/activites-a-proximite-de-lhotel\/","title":{"rendered":"Activit\u00e9 \u00e0 proximit\u00e9 de l&#8217;h\u00f4tel"},"content":{"rendered":"\t<div class=\"pixcode  pixcode--grid  grid\" >\n\t\t\t<div class=\"grid__item six-twelfths palm-one-whole\" >\n\t\t\n<p style=\"text-align: justify;\"><span style=\"font-family: inherit; font-weight: inherit;\">\u535a\u7269\u9986\u3001\u5267\u9662\u3001\u5386\u53f2\u53e4\u8ff9\u548c\u4e3b\u8981\u666f\u70b9\u5747\u5728\u6b65\u884c\u8303\u56f4\u5185\uff0c\u6216\u4e58\u5750\u77ed\u9014\u5730\u94c1\u8f7b\u677e\u5230\u8fbe\u3002<\/span><\/p>\n<p style=\"text-align: justify;\">\u8ddd\u79bb\u767e\u8d27\u516c\u53f8\uff08\u8001\u4f5b\u7237\u767e\u8d27\u548c\u5df4\u9ece\u6625\u5929\u767e\u8d27\uff09\u4ec5\u4e94\u5206\u949f\u6b65\u884c\u8def\u7a0b\uff0c\u5730\u7406\u4f4d\u7f6e\u4f18\u8d8a\uff0c\u4f4d\u4e8e\u5267\u9662\u548c\u6b4c\u5267\u9662\u533a\u7684\u4e2d\u5fc3\u5730\u5e26\uff0c\u662f\u60a8\u5728\u5df4\u9ece\u5a31\u4e50\u3001\u8d2d\u7269\u7684\u7406\u60f3\u9009\u62e9\u3002<\/p>\n<p style=\"text-align: center;\">\u6211\u4eec\u7684\u6d3b\u52a8\u63a8\u8350\uff1a<\/p>\n<div class=\"pixcode  pixcode--grid  grid\" >\n<div class=\"grid__item six-twelfths palm-one-whole\" >\n<p style=\"text-align: center;\"><a href=\"https:\/\/www.pariscityvision.com\/fr\/paris-opentour-pass-1-jour?a_aid=5aad4e10d890b\" target=\"_blank\" rel=\"noopener noreferrer\">\u968f\u4e0a\u968f\u4e0b\u89c2\u5149\u5df4\u58eb<\/a><\/p>\n<p><a href=\"https:\/\/www.pariscityvision.com\/fr\/paris-opentour-pass-1-jour?a_aid=5aad4e10d890b\" target=\"_blank\" rel=\"noopener noreferrer\"><img loading=\"lazy\" decoding=\"async\" class=\"aligncenter wp-image-1155 size-medium\" src=\"http:\/\/www.grand-hotel-de-normandie.com\/wp-content\/uploads\/2018\/03\/open-tour-300x225.jpg\" alt=\"\" width=\"300\" height=\"225\" srcset=\"https:\/\/www.grand-hotel-de-normandie.com\/wp-content\/uploads\/2018\/03\/open-tour-300x225.jpg 300w, https:\/\/www.grand-hotel-de-normandie.com\/wp-content\/uploads\/2018\/03\/open-tour-768x576.jpg 768w, https:\/\/www.grand-hotel-de-normandie.com\/wp-content\/uploads\/2018\/03\/open-tour.jpg 1024w, https:\/\/www.grand-hotel-de-normandie.com\/wp-content\/uploads\/2018\/03\/open-tour-900x675.jpg 900w, https:\/\/www.grand-hotel-de-normandie.com\/wp-content\/uploads\/2018\/03\/open-tour-400x300.jpg 400w\" sizes=\"auto, (max-width: 300px) 100vw, 300px\" \/><\/a><\/p><\/div>\n<div class=\"grid__item six-twelfths palm-one-whole\" >\n<p><a href=\"https:\/\/www.pariscityvision.com\/fr\/visite-audioguide-versailles-1-jour?a_aid=5aad4e10d890b\" target=\"_blank\" rel=\"noopener noreferrer\">\u524d\u5f80\u51e1\u5c14\u8d5b\u5bab\u5e76\u53c2\u89c2\u57ce\u5821\u7684\u73ed\u8f66<\/a><a href=\"https:\/\/www.pariscityvision.com\/fr\/visite-audioguide-versailles-1-jour?a_aid=5aad4e10d890b\" target=\"_blank\" rel=\"noopener noreferrer\"><img loading=\"lazy\" decoding=\"async\" class=\"aligncenter wp-image-1170 size-medium\" src=\"http:\/\/www.grand-hotel-de-normandie.com\/wp-content\/uploads\/2018\/03\/vue_aerienne_du_domaine_de_versailles_par_toucanwings_-_creative_commons_by_sa_3.0_-_083-300x225.jpg\" alt=\"\" width=\"300\" height=\"225\" srcset=\"https:\/\/www.grand-hotel-de-normandie.com\/wp-content\/uploads\/2018\/03\/vue_aerienne_du_domaine_de_versailles_par_toucanwings_-_creative_commons_by_sa_3.0_-_083-300x225.jpg 300w, https:\/\/www.grand-hotel-de-normandie.com\/wp-content\/uploads\/2018\/03\/vue_aerienne_du_domaine_de_versailles_par_toucanwings_-_creative_commons_by_sa_3.0_-_083-768x576.jpg 768w, https:\/\/www.grand-hotel-de-normandie.com\/wp-content\/uploads\/2018\/03\/vue_aerienne_du_domaine_de_versailles_par_toucanwings_-_creative_commons_by_sa_3.0_-_083-1024x768.jpg 1024w, https:\/\/www.grand-hotel-de-normandie.com\/wp-content\/uploads\/2018\/03\/vue_aerienne_du_domaine_de_versailles_par_toucanwings_-_creative_commons_by_sa_3.0_-_083.jpg 1200w, https:\/\/www.grand-hotel-de-normandie.com\/wp-content\/uploads\/2018\/03\/vue_aerienne_du_domaine_de_versailles_par_toucanwings_-_creative_commons_by_sa_3.0_-_083-900x675.jpg 900w, https:\/\/www.grand-hotel-de-normandie.com\/wp-content\/uploads\/2018\/03\/vue_aerienne_du_domaine_de_versailles_par_toucanwings_-_creative_commons_by_sa_3.0_-_083-400x300.jpg 400w\" sizes=\"auto, (max-width: 300px) 100vw, 300px\" \/><br \/>\n<\/a><\/p><\/div>\n<\/p><\/div>\n<p>&nbsp;<\/p>\n<p>&nbsp;<\/p>\n<div class=\"pixcode  pixcode--grid  grid\" >\n<div class=\"grid__item six-twelfths palm-one-whole\" >\n<p style=\"text-align: center;\"><a href=\"https:\/\/www.pariscityvision.com\/fr\/ticket-tour-eiffel-acces-prioritaire?a_aid=5aad4e10d890b\" target=\"_blank\" rel=\"noopener noreferrer\">\u4f18\u5148\u901a\u9053\u8fdb\u5165\u57c3\u83f2\u5c14\u94c1\u5854\u7684\u7b2c\u4e8c\u5c42<\/a><\/p>\n<p><a href=\"https:\/\/www.pariscityvision.com\/fr\/ticket-tour-eiffel-acces-prioritaire?a_aid=5aad4e10d890b\"><img loading=\"lazy\" decoding=\"async\" class=\"aligncenter wp-image-1161 size-medium\" src=\"http:\/\/www.grand-hotel-de-normandie.com\/wp-content\/uploads\/2018\/03\/tea-01-eiffel-tower-seine-300x172.jpg\" alt=\"\" width=\"300\" height=\"172\" srcset=\"https:\/\/www.grand-hotel-de-normandie.com\/wp-content\/uploads\/2018\/03\/tea-01-eiffel-tower-seine-300x172.jpg 300w, https:\/\/www.grand-hotel-de-normandie.com\/wp-content\/uploads\/2018\/03\/tea-01-eiffel-tower-seine-400x229.jpg 400w, https:\/\/www.grand-hotel-de-normandie.com\/wp-content\/uploads\/2018\/03\/tea-01-eiffel-tower-seine.jpg 755w\" sizes=\"auto, (max-width: 300px) 100vw, 300px\" \/><\/a><\/p><\/div>\n<div class=\"grid__item six-twelfths palm-one-whole\" >\n<p><a href=\"https:\/\/www.pariscityvision.com\/fr\/dejeuner-tour-eiffel?a_aid=5aad4e10d890b\" target=\"_blank\" rel=\"noopener noreferrer\">\u5728\u57c3\u83f2\u5c14\u94c1\u5854\u7b2c\u4e00\u5c42\u4eab\u7528\u5348\u9910\uff0c\u5df2\u5305\u542b\u4f18\u5148\u5165\u573a\u901a\u9053<\/a><\/p>\n<p style=\"text-align: center;\"><a href=\"https:\/\/www.pariscityvision.com\/fr\/dejeuner-tour-eiffel?a_aid=5aad4e10d890b\" target=\"_blank\" rel=\"noopener noreferrer\"><img loading=\"lazy\" decoding=\"async\" class=\"alignnone wp-image-1162 size-medium\" src=\"http:\/\/www.grand-hotel-de-normandie.com\/wp-content\/uploads\/2018\/03\/djte-04-restaurant-eiffel-300x172.jpg\" alt=\"\" width=\"300\" height=\"172\" srcset=\"https:\/\/www.grand-hotel-de-normandie.com\/wp-content\/uploads\/2018\/03\/djte-04-restaurant-eiffel-300x172.jpg 300w, https:\/\/www.grand-hotel-de-normandie.com\/wp-content\/uploads\/2018\/03\/djte-04-restaurant-eiffel-400x229.jpg 400w, https:\/\/www.grand-hotel-de-normandie.com\/wp-content\/uploads\/2018\/03\/djte-04-restaurant-eiffel.jpg 755w\" sizes=\"auto, (max-width: 300px) 100vw, 300px\" \/><br \/>\n<\/a><\/p>\n<\/p><\/div>\n<\/p><\/div>\n<p>&nbsp;<\/p>\n<p>&nbsp;<\/p>\n<div class=\"pixcode  pixcode--grid  grid\" >\n<div class=\"grid__item six-twelfths palm-one-whole\" >\n<p style=\"text-align: center;\"><a href=\"https:\/\/www.pariscityvision.com\/fr\/tour-illuminations-paris-croisiere?a_aid=5aad4e10d890b\" target=\"_blank\" rel=\"noopener noreferrer\">\u5df4\u9ece\u57ce\u5e02\u89c2\u5149\u548c\u585e\u7eb3\u6cb3\u508d\u665a\u6e38\u8239<\/a><a href=\"https:\/\/www.pariscityvision.com\/fr\/tour-illuminations-paris-croisiere?a_aid=5aad4e10d890b\" target=\"_blank\" rel=\"noopener noreferrer\"><img loading=\"lazy\" decoding=\"async\" class=\"alignnone wp-image-1169 size-medium\" src=\"http:\/\/www.grand-hotel-de-normandie.com\/wp-content\/uploads\/2018\/03\/ci-01-night-cruise-300x172.jpg\" alt=\"\" width=\"300\" height=\"172\" srcset=\"https:\/\/www.grand-hotel-de-normandie.com\/wp-content\/uploads\/2018\/03\/ci-01-night-cruise-300x172.jpg 300w, https:\/\/www.grand-hotel-de-normandie.com\/wp-content\/uploads\/2018\/03\/ci-01-night-cruise-400x229.jpg 400w, https:\/\/www.grand-hotel-de-normandie.com\/wp-content\/uploads\/2018\/03\/ci-01-night-cruise.jpg 755w\" sizes=\"auto, (max-width: 300px) 100vw, 300px\" \/><\/a><\/p>\n<\/p><\/div>\n<div class=\"grid__item six-twelfths palm-one-whole\" >\n<p><a href=\"https:\/\/www.pariscityvision.com\/fr\/paris\/musees\/musee-du-louvre?a_aid=5aad4e10d890b\" target=\"_blank\" rel=\"noopener noreferrer\">\u4f7f\u7528\u8bed\u97f3\u5bfc\u89c8\u53c2\u89c2\u5362\u6d6e\u5bab<\/a><\/p>\n<p style=\"text-align: center;\"><a href=\"https:\/\/www.pariscityvision.com\/fr\/paris\/musees\/musee-du-louvre?a_aid=5aad4e10d890b\" target=\"_blank\" rel=\"noopener noreferrer\"><img loading=\"lazy\" decoding=\"async\" class=\"alignnone wp-image-1182 size-medium\" src=\"http:\/\/www.grand-hotel-de-normandie.com\/wp-content\/uploads\/2018\/04\/gl-01-joconde-louvre_1_1-300x172.jpg\" alt=\"\" width=\"300\" height=\"172\" srcset=\"https:\/\/www.grand-hotel-de-normandie.com\/wp-content\/uploads\/2018\/04\/gl-01-joconde-louvre_1_1-300x172.jpg 300w, https:\/\/www.grand-hotel-de-normandie.com\/wp-content\/uploads\/2018\/04\/gl-01-joconde-louvre_1_1.jpg 398w\" sizes=\"auto, (max-width: 300px) 100vw, 300px\" \/><\/a><\/p>\n<p>&nbsp;<\/p><\/div>\n<\/p><\/div>\n<p>&nbsp;<\/p>\n<p>\u66f4\u591a\u6d3b\u52a8\u8be6\u60c5\u8bf7\u8bbf\u95ee\u6211\u4eec\u7684\u5408\u4f5c\u4f19\u4f34 <a href=\"https:\/\/www.pariscityvision.com\/?a_aid=5aad4e10d890b\" target=\"_blank\" rel=\"noopener noreferrer\">City Vision<\/a> \u7f51\u7ad9\u3002<\/p>\n\t<\/div>\n\n\t<div class=\"grid__item six-twelfths palm-one-whole\" >\n\t\t\n<iframe loading=\"lazy\" style=\"border: 0; height: 550px;\" src=\"https:\/\/www.google.com\/maps\/embed?pb=!1m18!1m12!1m3!1d17653.91925112293!2d2.3042689905117832!3d48.872114023179705!2m3!1f0!2f0!3f0!3m2!1i1024!2i768!4f13.1!3m3!1m2!1s0x47e66e359a8114b3%3A0x9da083e66adb9c07!2s4+Rue+d'Amsterdam%2C+75009+Paris!5e0!3m2!1sfr!2sfr!4v1497329086039\" width=\"100%\" height=\"450\" frameborder=\"0\" allowfullscreen=\"allowfullscreen\"><\/iframe>\t<\/div>\n\t<\/div>\n\n<p>&nbsp;<\/p>\n<p>&nbsp;<\/p>\n<p>&nbsp;<\/p>\n<p>&nbsp;<\/p>\n<p>&nbsp;<\/p>\n<p>&nbsp;<\/p>\n","protected":false},"excerpt":{"rendered":"<p>&nbsp; &nbsp; &nbsp; &nbsp; &nbsp; \u66f4\u591a\u6d3b\u52a8\u8be6\u60c5\u8bf7\u8bbf\u95ee\u6211\u4eec\u7684\u5408\u4f5c\u4f19\u4f34 Cit..<\/p>\n","protected":false},"author":1,"featured_media":1775,"parent":0,"menu_order":0,"comment_status":"closed","ping_status":"closed","template":"","meta":{"footnotes":""},"class_list":["post-1773","page","type-page","status-publish","has-post-thumbnail","hentry"],"yoast_head":"<!-- This site is optimized with the Yoast SEO plugin v25.9 - https:\/\/yoast.com\/wordpress\/plugins\/seo\/ -->\n<title>Activit\u00e9 \u00e0 proximit\u00e9 de l&#039;h\u00f4tel - Grand H\u00f4tel de Normandie ****<\/title>\n<meta name=\"description\" content=\"Le Grand H\u00f4tel de Normandie est au coeur de Paris. Par sa position central, vous pouvez acc\u00e8der rapidement a toutes les activit\u00e9s disponible sur Paris.\" \/>\n<meta name=\"robots\" content=\"index, follow, max-snippet:-1, max-image-preview:large, max-video-preview:-1\" \/>\n<meta property=\"og:locale\" content=\"zh_CN\" \/>\n<meta property=\"og:type\" content=\"article\" \/>\n<meta property=\"og:title\" content=\"Activit\u00e9 \u00e0 proximit\u00e9 de l&#039;h\u00f4tel - Grand H\u00f4tel de Normandie ****\" \/>\n<meta property=\"og:description\" content=\"Le Grand H\u00f4tel de Normandie est au coeur de Paris. Par sa position central, vous pouvez acc\u00e8der rapidement a toutes les activit\u00e9s disponible sur Paris.\" \/>\n<meta property=\"og:url\" content=\"https:\/\/www.grand-hotel-de-normandie.com\/zh-hans\/activites-a-proximite-de-lhotel\/\" \/>\n<meta property=\"og:site_name\" content=\"Grand H\u00f4tel de Normandie ****\" \/>\n<meta property=\"article:modified_time\" content=\"2024-01-16T08:02:48+00:00\" \/>\n<meta property=\"og:image\" content=\"https:\/\/www.grand-hotel-de-normandie.com\/wp-content\/uploads\/2017\/09\/autour-de-nous-printemps.jpg\" \/>\n\t<meta property=\"og:image:width\" content=\"2000\" \/>\n\t<meta property=\"og:image:height\" content=\"1333\" \/>\n\t<meta property=\"og:image:type\" content=\"image\/jpeg\" \/>\n<meta name=\"twitter:card\" content=\"summary_large_image\" \/>\n<meta name=\"twitter:label1\" content=\"\u9884\u8ba1\u9605\u8bfb\u65f6\u95f4\" \/>\n\t<meta name=\"twitter:data1\" content=\"3 \u5206\" \/>\n<script type=\"application\/ld+json\" class=\"yoast-schema-graph\">{\"@context\":\"https:\/\/schema.org\",\"@graph\":[{\"@type\":\"WebPage\",\"@id\":\"https:\/\/www.grand-hotel-de-normandie.com\/zh-hans\/activites-a-proximite-de-lhotel\/\",\"url\":\"https:\/\/www.grand-hotel-de-normandie.com\/zh-hans\/activites-a-proximite-de-lhotel\/\",\"name\":\"Activit\u00e9 \u00e0 proximit\u00e9 de l'h\u00f4tel - Grand H\u00f4tel de Normandie ****\",\"isPartOf\":{\"@id\":\"https:\/\/www.grand-hotel-de-normandie.com\/#website\"},\"primaryImageOfPage\":{\"@id\":\"https:\/\/www.grand-hotel-de-normandie.com\/zh-hans\/activites-a-proximite-de-lhotel\/#primaryimage\"},\"image\":{\"@id\":\"https:\/\/www.grand-hotel-de-normandie.com\/zh-hans\/activites-a-proximite-de-lhotel\/#primaryimage\"},\"thumbnailUrl\":\"https:\/\/www.grand-hotel-de-normandie.com\/wp-content\/uploads\/2017\/09\/autour-de-nous-printemps.jpg\",\"datePublished\":\"2018-03-22T17:20:41+00:00\",\"dateModified\":\"2024-01-16T08:02:48+00:00\",\"description\":\"Le Grand H\u00f4tel de Normandie est au coeur de Paris. Par sa position central, vous pouvez acc\u00e8der rapidement a toutes les activit\u00e9s disponible sur Paris.\",\"breadcrumb\":{\"@id\":\"https:\/\/www.grand-hotel-de-normandie.com\/zh-hans\/activites-a-proximite-de-lhotel\/#breadcrumb\"},\"inLanguage\":\"zh-Hans\",\"potentialAction\":[{\"@type\":\"ReadAction\",\"target\":[\"https:\/\/www.grand-hotel-de-normandie.com\/zh-hans\/activites-a-proximite-de-lhotel\/\"]}]},{\"@type\":\"ImageObject\",\"inLanguage\":\"zh-Hans\",\"@id\":\"https:\/\/www.grand-hotel-de-normandie.com\/zh-hans\/activites-a-proximite-de-lhotel\/#primaryimage\",\"url\":\"https:\/\/www.grand-hotel-de-normandie.com\/wp-content\/uploads\/2017\/09\/autour-de-nous-printemps.jpg\",\"contentUrl\":\"https:\/\/www.grand-hotel-de-normandie.com\/wp-content\/uploads\/2017\/09\/autour-de-nous-printemps.jpg\",\"width\":2000,\"height\":1333},{\"@type\":\"BreadcrumbList\",\"@id\":\"https:\/\/www.grand-hotel-de-normandie.com\/zh-hans\/activites-a-proximite-de-lhotel\/#breadcrumb\",\"itemListElement\":[{\"@type\":\"ListItem\",\"position\":1,\"name\":\"Accueil\",\"item\":\"https:\/\/www.grand-hotel-de-normandie.com\/zh-hans\/\"},{\"@type\":\"ListItem\",\"position\":2,\"name\":\"Activit\u00e9 \u00e0 proximit\u00e9 de l&rsquo;h\u00f4tel\"}]},{\"@type\":\"WebSite\",\"@id\":\"https:\/\/www.grand-hotel-de-normandie.com\/#website\",\"url\":\"https:\/\/www.grand-hotel-de-normandie.com\/\",\"name\":\"Grand H\u00f4tel de Normandie ****\",\"description\":\"\",\"publisher\":{\"@id\":\"https:\/\/www.grand-hotel-de-normandie.com\/#organization\"},\"potentialAction\":[{\"@type\":\"SearchAction\",\"target\":{\"@type\":\"EntryPoint\",\"urlTemplate\":\"https:\/\/www.grand-hotel-de-normandie.com\/?s={search_term_string}\"},\"query-input\":{\"@type\":\"PropertyValueSpecification\",\"valueRequired\":true,\"valueName\":\"search_term_string\"}}],\"inLanguage\":\"zh-Hans\"},{\"@type\":\"Organization\",\"@id\":\"https:\/\/www.grand-hotel-de-normandie.com\/#organization\",\"name\":\"Grand H\u00f4tel de Normandie\",\"url\":\"https:\/\/www.grand-hotel-de-normandie.com\/\",\"logo\":{\"@type\":\"ImageObject\",\"inLanguage\":\"zh-Hans\",\"@id\":\"https:\/\/www.grand-hotel-de-normandie.com\/#\/schema\/logo\/image\/\",\"url\":\"https:\/\/www.grand-hotel-de-normandie.com\/wp-content\/uploads\/2018\/08\/logo.png\",\"contentUrl\":\"https:\/\/www.grand-hotel-de-normandie.com\/wp-content\/uploads\/2018\/08\/logo.png\",\"width\":1200,\"height\":1193,\"caption\":\"Grand H\u00f4tel de Normandie\"},\"image\":{\"@id\":\"https:\/\/www.grand-hotel-de-normandie.com\/#\/schema\/logo\/image\/\"}}]}<\/script>\n<!-- \/ Yoast SEO plugin. -->","yoast_head_json":{"title":"Activit\u00e9 \u00e0 proximit\u00e9 de l'h\u00f4tel - Grand H\u00f4tel de Normandie ****","description":"Le Grand H\u00f4tel de Normandie est au coeur de Paris. Par sa position central, vous pouvez acc\u00e8der rapidement a toutes les activit\u00e9s disponible sur Paris.","robots":{"index":"index","follow":"follow","max-snippet":"max-snippet:-1","max-image-preview":"max-image-preview:large","max-video-preview":"max-video-preview:-1"},"og_locale":"zh_CN","og_type":"article","og_title":"Activit\u00e9 \u00e0 proximit\u00e9 de l'h\u00f4tel - Grand H\u00f4tel de Normandie ****","og_description":"Le Grand H\u00f4tel de Normandie est au coeur de Paris. Par sa position central, vous pouvez acc\u00e8der rapidement a toutes les activit\u00e9s disponible sur Paris.","og_url":"https:\/\/www.grand-hotel-de-normandie.com\/zh-hans\/activites-a-proximite-de-lhotel\/","og_site_name":"Grand H\u00f4tel de Normandie ****","article_modified_time":"2024-01-16T08:02:48+00:00","og_image":[{"width":2000,"height":1333,"url":"https:\/\/www.grand-hotel-de-normandie.com\/wp-content\/uploads\/2017\/09\/autour-de-nous-printemps.jpg","type":"image\/jpeg"}],"twitter_card":"summary_large_image","twitter_misc":{"\u9884\u8ba1\u9605\u8bfb\u65f6\u95f4":"3 \u5206"},"schema":{"@context":"https:\/\/schema.org","@graph":[{"@type":"WebPage","@id":"https:\/\/www.grand-hotel-de-normandie.com\/zh-hans\/activites-a-proximite-de-lhotel\/","url":"https:\/\/www.grand-hotel-de-normandie.com\/zh-hans\/activites-a-proximite-de-lhotel\/","name":"Activit\u00e9 \u00e0 proximit\u00e9 de l'h\u00f4tel - Grand H\u00f4tel de Normandie ****","isPartOf":{"@id":"https:\/\/www.grand-hotel-de-normandie.com\/#website"},"primaryImageOfPage":{"@id":"https:\/\/www.grand-hotel-de-normandie.com\/zh-hans\/activites-a-proximite-de-lhotel\/#primaryimage"},"image":{"@id":"https:\/\/www.grand-hotel-de-normandie.com\/zh-hans\/activites-a-proximite-de-lhotel\/#primaryimage"},"thumbnailUrl":"https:\/\/www.grand-hotel-de-normandie.com\/wp-content\/uploads\/2017\/09\/autour-de-nous-printemps.jpg","datePublished":"2018-03-22T17:20:41+00:00","dateModified":"2024-01-16T08:02:48+00:00","description":"Le Grand H\u00f4tel de Normandie est au coeur de Paris. Par sa position central, vous pouvez acc\u00e8der rapidement a toutes les activit\u00e9s disponible sur Paris.","breadcrumb":{"@id":"https:\/\/www.grand-hotel-de-normandie.com\/zh-hans\/activites-a-proximite-de-lhotel\/#breadcrumb"},"inLanguage":"zh-Hans","potentialAction":[{"@type":"ReadAction","target":["https:\/\/www.grand-hotel-de-normandie.com\/zh-hans\/activites-a-proximite-de-lhotel\/"]}]},{"@type":"ImageObject","inLanguage":"zh-Hans","@id":"https:\/\/www.grand-hotel-de-normandie.com\/zh-hans\/activites-a-proximite-de-lhotel\/#primaryimage","url":"https:\/\/www.grand-hotel-de-normandie.com\/wp-content\/uploads\/2017\/09\/autour-de-nous-printemps.jpg","contentUrl":"https:\/\/www.grand-hotel-de-normandie.com\/wp-content\/uploads\/2017\/09\/autour-de-nous-printemps.jpg","width":2000,"height":1333},{"@type":"BreadcrumbList","@id":"https:\/\/www.grand-hotel-de-normandie.com\/zh-hans\/activites-a-proximite-de-lhotel\/#breadcrumb","itemListElement":[{"@type":"ListItem","position":1,"name":"Accueil","item":"https:\/\/www.grand-hotel-de-normandie.com\/zh-hans\/"},{"@type":"ListItem","position":2,"name":"Activit\u00e9 \u00e0 proximit\u00e9 de l&rsquo;h\u00f4tel"}]},{"@type":"WebSite","@id":"https:\/\/www.grand-hotel-de-normandie.com\/#website","url":"https:\/\/www.grand-hotel-de-normandie.com\/","name":"Grand H\u00f4tel de Normandie ****","description":"","publisher":{"@id":"https:\/\/www.grand-hotel-de-normandie.com\/#organization"},"potentialAction":[{"@type":"SearchAction","target":{"@type":"EntryPoint","urlTemplate":"https:\/\/www.grand-hotel-de-normandie.com\/?s={search_term_string}"},"query-input":{"@type":"PropertyValueSpecification","valueRequired":true,"valueName":"search_term_string"}}],"inLanguage":"zh-Hans"},{"@type":"Organization","@id":"https:\/\/www.grand-hotel-de-normandie.com\/#organization","name":"Grand H\u00f4tel de Normandie","url":"https:\/\/www.grand-hotel-de-normandie.com\/","logo":{"@type":"ImageObject","inLanguage":"zh-Hans","@id":"https:\/\/www.grand-hotel-de-normandie.com\/#\/schema\/logo\/image\/","url":"https:\/\/www.grand-hotel-de-normandie.com\/wp-content\/uploads\/2018\/08\/logo.png","contentUrl":"https:\/\/www.grand-hotel-de-normandie.com\/wp-content\/uploads\/2018\/08\/logo.png","width":1200,"height":1193,"caption":"Grand H\u00f4tel de Normandie"},"image":{"@id":"https:\/\/www.grand-hotel-de-normandie.com\/#\/schema\/logo\/image\/"}}]}},"_links":{"self":[{"href":"https:\/\/www.grand-hotel-de-normandie.com\/zh-hans\/wp-json\/wp\/v2\/pages\/1773\/"}],"collection":[{"href":"https:\/\/www.grand-hotel-de-normandie.com\/zh-hans\/wp-json\/wp\/v2\/pages\/"}],"about":[{"href":"https:\/\/www.grand-hotel-de-normandie.com\/zh-hans\/wp-json\/wp\/v2\/types\/page\/"}],"author":[{"embeddable":true,"href":"https:\/\/www.grand-hotel-de-normandie.com\/zh-hans\/wp-json\/wp\/v2\/users\/1\/"}],"replies":[{"embeddable":true,"href":"https:\/\/www.grand-hotel-de-normandie.com\/zh-hans\/wp-json\/wp\/v2\/comments\/?post=1773"}],"version-history":[{"count":2,"href":"https:\/\/www.grand-hotel-de-normandie.com\/zh-hans\/wp-json\/wp\/v2\/pages\/1773\/revisions\/"}],"predecessor-version":[{"id":2202,"href":"https:\/\/www.grand-hotel-de-normandie.com\/zh-hans\/wp-json\/wp\/v2\/pages\/1773\/revisions\/2202\/"}],"wp:featuredmedia":[{"embeddable":true,"href":"https:\/\/www.grand-hotel-de-normandie.com\/zh-hans\/wp-json\/wp\/v2\/media\/1775\/"}],"wp:attachment":[{"href":"https:\/\/www.grand-hotel-de-normandie.com\/zh-hans\/wp-json\/wp\/v2\/media\/?parent=1773"}],"curies":[{"name":"wp","href":"https:\/\/api.w.org\/{rel}","templated":true}]}}