{"id":1865,"date":"2017-06-13T07:45:27","date_gmt":"2017-06-13T05:45:27","guid":{"rendered":"https:\/\/www.grand-hotel-de-normandie.com\/services\/"},"modified":"2024-01-16T10:10:44","modified_gmt":"2024-01-16T09:10:44","slug":"services","status":"publish","type":"page","link":"https:\/\/www.grand-hotel-de-normandie.com\/zh-hans\/services\/","title":{"rendered":"Services"},"content":{"rendered":"\t<div class=\"pixcode  pixcode--grid  grid\" >\n\t\t\t<div class=\"island grid__item six-twelfths palm-one-whole\" >\n\t\t\n<h3>\u6211\u4eec\u7684\u670d\u52a1<\/h3>\n<ul>\n<li>\u5168\u9152\u5e97\u63d0\u4f9b\u514d\u8d39\u65e0\u7ebf\u7f51\u7edc\uff08\u6bcf\u95f4\u5ba2\u623f 1 \u4e2a\u63a5\u5165\u70b9\uff09<\/li>\n<li>\u524d\u53f0 24 \u5c0f\u65f6\u5f00\u653e<\/li>\n<li>\u4e2d\u5348 12 \u70b9\u4e4b\u524d\u9000\u623f\uff0c\u4e0b\u5348 3 \u70b9\u5f00\u59cb\u529e\u7406\u5165\u4f4f<\/li>\n<li>\u9152\u5e97\u5168\u9762\u7981\u70df<\/li>\n<li>\u53ef\u6839\u636e\u8981\u6c42\u4e3a\u884c\u4e3a\u4e0d\u4fbf\u4eba\u58eb\u63d0\u4f9b\u7279\u522b\u8bbe\u8ba1\u7684\u623f\u95f4<\/li>\n<li>\u4e3a\u63d0\u524d\u62b5\u8fbe\u548c\u5ef6\u8fdf\u79bb\u5f00\u7684\u65c5\u5ba2\u63d0\u4f9b\u514d\u8d39\u884c\u674e\u5bc4\u5b58\u670d\u52a1<\/li>\n<li>\u81ea\u52a9\u65e9\u9910\u4ece\u65e9\u4e0a 6\uff1a30 \u5f00\u59cb\u4f9b\u5e94<\/li>\n<li>\u63d0\u4f9b\u673a\u573a\u4ea4\u901a\u9884\u8ba2\u670d\u52a1<\/li>\n<li>\u514d\u8d39\u4fdd\u9669\u67dc<\/li>\n<li>\u53ef\u6536\u770b\u56fd\u9645\u536b\u661f\u9891\u9053\u7684\u5e73\u677f\u7535\u89c6<\/li>\n<li>\u63d0\u4f9b\u901a\u7528\u7535\u6e90\u9002\u914d\u5668\u3001\u71a8\u6597\u3001\u96e8\u4f1e\u7b49\u8bbe\u5907\u501f\u7528\u670d\u52a1<\/li>\n<li>\u6839\u636e\u9700\u6c42\u63d0\u4f9b\u989d\u5916\u751f\u6d3b\u7528\u54c1\uff08\u9488\u7ebf\u5305\u3001\u5243\u987b\u7528\u54c1\u3001\u7259\u9f7f\u62a4\u7406\u7528\u54c1\u7b49\uff09<\/li>\n<li>\u63d0\u4f9b\u5524\u9192\u670d\u52a1<\/li>\n<li>\u53ef\u6839\u636e\u4e8b\u5148\u8981\u6c42\u514d\u8d39\u63d0\u4f9b\u5a74\u513f\u5e8a\uff082 \u5c81\u4ee5\u4e0b\u5a74\u513f\uff09<\/li>\n<li>\u793c\u5bbe\u670d\u52a1\u3001\u77ed\u9014\u65c5\u884c\u7b49<\/li>\n<li>\u5546\u52a1\u4e2d\u5fc3\u548c\u4f1a\u8bae\u5ba4<\/li>\n<li>\u524d\u53f0\u63d0\u4f9b\u4f20\u771f\u670d\u52a1<\/li>\n<li>\u5bf9\u884c\u52a8\u4e0d\u4fbf\u548c\u89c6\u969c\u4eba\u58eb\u53cb\u597d<\/li>\n<li>\u6bcf\u4eba\u6bcf\u665a\u9700\u53e6\u5916\u652f\u4ed85.13\u6b27\u5143\u7684\u4f4f\u5bbf\u7a0e<\/li>\n<li>\u4e0d\u5141\u8bb8\u643a\u5e26\u5ba0\u7269<\/li>\n<\/ul>\n<p style=\"text-align: center;\"><a  class=\"pixcode  pixcode--btn  btn  btn--text\" href=\"https:\/\/www.secure-hotel-booking.com\/le-grand-hotel-de-normandie\/29HQ\/zh-cn\/dateselection\" >\u9884\u8ba2<\/a>\n\t<\/div>\n\n\t<div class=\"island grid__item six-twelfths palm-one-whole\" >\n\t\t\n<p>&nbsp;<\/p>\n\n\t\t\t<div class=\"content--gallery-slideshow\">\n\t\t\t\t<div class=\"pixslider  pixslider--gallery-slideshow  js-pixslider\"\n\t\t\t\t     data-arrows\n\t\t\t\t     data-imagescale=\"none\"\n\t\t\t\t     data-slidertransition=\"fade\"\n\t\t\t\t     data-autoheight\n\t\t\t\t     ><div class=\"gallery-item\" itemscope\n\t\t\t\t\t\t     itemtype=\"http:\/\/schema.org\/ImageObject\"\n\t\t\t\t\t\t     data-caption=\"\"\n\t\t\t\t\t\t     data-description=\"\">\n\t\t\t\t\t\t\t<img decoding=\"async\" src=\"https:\/\/www.grand-hotel-de-normandie.com\/wp-content\/uploads\/2014\/07\/pc-internet.jpg\" class=\"attachment-blog-big rsImg\"\n\t\t\t\t\t\t\t     alt=\"\"\n\t\t\t\t\t\t\t     itemprop=\"contentURL\"  \/>\n\t\t\t\t\t\t<\/div><div class=\"gallery-item\" itemscope\n\t\t\t\t\t\t     itemtype=\"http:\/\/schema.org\/ImageObject\"\n\t\t\t\t\t\t     data-caption=\"\"\n\t\t\t\t\t\t     data-description=\"\">\n\t\t\t\t\t\t\t<img decoding=\"async\" src=\"https:\/\/www.grand-hotel-de-normandie.com\/wp-content\/uploads\/2014\/07\/3.jpg\" class=\"attachment-blog-big rsImg\"\n\t\t\t\t\t\t\t     alt=\"\"\n\t\t\t\t\t\t\t     itemprop=\"contentURL\"  \/>\n\t\t\t\t\t\t<\/div><div class=\"gallery-item\" itemscope\n\t\t\t\t\t\t     itemtype=\"http:\/\/schema.org\/ImageObject\"\n\t\t\t\t\t\t     data-caption=\"\"\n\t\t\t\t\t\t     data-description=\"\">\n\t\t\t\t\t\t\t<img decoding=\"async\" src=\"https:\/\/www.grand-hotel-de-normandie.com\/wp-content\/uploads\/2017\/06\/porte-brochure.jpg\" class=\"attachment-blog-big rsImg\"\n\t\t\t\t\t\t\t     alt=\"\"\n\t\t\t\t\t\t\t     itemprop=\"contentURL\"  \/>\n\t\t\t\t\t\t<\/div><div class=\"gallery-item\" itemscope\n\t\t\t\t\t\t     itemtype=\"http:\/\/schema.org\/ImageObject\"\n\t\t\t\t\t\t     data-caption=\"\"\n\t\t\t\t\t\t     data-description=\"\">\n\t\t\t\t\t\t\t<img decoding=\"async\" src=\"https:\/\/www.grand-hotel-de-normandie.com\/wp-content\/uploads\/2014\/07\/6.jpg\" class=\"attachment-blog-big rsImg\"\n\t\t\t\t\t\t\t     alt=\"\"\n\t\t\t\t\t\t\t     itemprop=\"contentURL\"  \/>\n\t\t\t\t\t\t<\/div><div class=\"gallery-item\" itemscope\n\t\t\t\t\t\t     itemtype=\"http:\/\/schema.org\/ImageObject\"\n\t\t\t\t\t\t     data-caption=\"\"\n\t\t\t\t\t\t     data-description=\"\">\n\t\t\t\t\t\t\t<img decoding=\"async\" src=\"https:\/\/www.grand-hotel-de-normandie.com\/wp-content\/uploads\/2017\/06\/services-bouilloire.jpg\" class=\"attachment-blog-big rsImg\"\n\t\t\t\t\t\t\t     alt=\"\"\n\t\t\t\t\t\t\t     itemprop=\"contentURL\"  \/>\n\t\t\t\t\t\t<\/div><div class=\"gallery-item\" itemscope\n\t\t\t\t\t\t     itemtype=\"http:\/\/schema.org\/ImageObject\"\n\t\t\t\t\t\t     data-caption=\"\"\n\t\t\t\t\t\t     data-description=\"\">\n\t\t\t\t\t\t\t<img decoding=\"async\" src=\"https:\/\/www.grand-hotel-de-normandie.com\/wp-content\/uploads\/2017\/06\/services-minibar.jpg\" class=\"attachment-blog-big rsImg\"\n\t\t\t\t\t\t\t     alt=\"\"\n\t\t\t\t\t\t\t     itemprop=\"contentURL\"  \/>\n\t\t\t\t\t\t<\/div><\/div>\n\t\t<\/div><!-- .content .content--gallery-slideshow -->\n<p>\u4e3a\u4e86\u8ba9\u60a8\u5728\u5df4\u9ece\u7684\u9017\u7559\u5c3d\u53ef\u80fd\u6109\u60a6\uff0c\u6211\u4eec\u7684\u63a5\u5f85\u4eba\u5458\u6bcf\u5468 7 \u5929\u3001\u6bcf\u5929 24 \u5c0f\u65f6\u968f\u65f6\u4e3a\u60a8\u670d\u52a1\uff0c\u6ee1\u8db3\u60a8\u7684\u6240\u6709\u9700\u6c42\u3002<\/p>\n<p>\u7cbe\u901a\u591a\u56fd\u8bed\u8a00\u7684\u5de5\u4f5c\u4eba\u5458\u968f\u65f6\u51c6\u5907\u4e3a\u60a8\u63d0\u4f9b\u5e2e\u52a9\uff1a\u63a8\u8350\u9910\u5385\u3001\u535a\u7269\u9986\u6216\u77ed\u9014\u65c5\u884c\uff0c\u4e3a\u60a8\u6307\u5f15\u8def\u7ebf\uff0c\u5b89\u6392\u4e0d\u540c\u673a\u573a\u7684\u63a5\u9001\u670d\u52a1\uff0c\u6216\u4e3a\u60a8\u6253\u5370\u767b\u673a\u724c\uff1b<\/p>\n<p>\u524d\u53f0\u8bbe\u6709\u514d\u8d39\u4e0a\u7f51\u533a\u57df\uff0c\u914d\u5907\u5177\u6709\u9ad8\u901f\u5bbd\u5e26\u8fde\u63a5\u7684\u7535\u8111\u3002<\/p>\n<p>\u9664\u4e86\u8fd9\u4e2a\u4e92\u8054\u7f51\u7ec8\u7aef\uff0c\u9152\u5e97\u5404\u5904\u90fd\u63d0\u4f9b\u514d\u8d39\u3001\u5b89\u5168\u7684\u65e0\u7ebf\u7f51\u7edc\u8fde\u63a5\uff0c\u5f53\u7136\u4e5f\u5305\u62ec\u60a8\u7684\u5ba2\u623f\u3002<\/p>\n<p>&nbsp;<\/p>\n\t<\/div>\n\t<\/div>\n\n<p>&nbsp;<\/p>\n<p>&nbsp;<\/p>\n<p>&nbsp;<\/p>\n","protected":false},"excerpt":{"rendered":"<p>&nbsp; &nbsp; &nbsp;<\/p>\n","protected":false},"author":1,"featured_media":1827,"parent":0,"menu_order":0,"comment_status":"closed","ping_status":"closed","template":"","meta":{"footnotes":""},"class_list":["post-1865","page","type-page","status-publish","has-post-thumbnail","hentry"],"yoast_head":"<!-- This site is optimized with the Yoast SEO plugin v25.9 - https:\/\/yoast.com\/wordpress\/plugins\/seo\/ -->\n<title>Services - Grand H\u00f4tel de Normandie ****<\/title>\n<meta name=\"description\" content=\"D\u00e9couvrez les services du Grand Hotel de Normandie, h\u00f4tel 4 \u00e9toiles en plein coeur de Paris. B\u00e9n\u00e9ficiez de 15% de r\u00e9duction en direct.\" \/>\n<meta name=\"robots\" content=\"index, follow, max-snippet:-1, max-image-preview:large, max-video-preview:-1\" \/>\n<meta property=\"og:locale\" content=\"zh_CN\" \/>\n<meta property=\"og:type\" content=\"article\" \/>\n<meta property=\"og:title\" content=\"Services - Grand H\u00f4tel de Normandie ****\" \/>\n<meta property=\"og:description\" content=\"D\u00e9couvrez les services du Grand Hotel de Normandie, h\u00f4tel 4 \u00e9toiles en plein coeur de Paris. B\u00e9n\u00e9ficiez de 15% de r\u00e9duction en direct.\" \/>\n<meta property=\"og:url\" content=\"https:\/\/www.grand-hotel-de-normandie.com\/zh-hans\/services\/\" \/>\n<meta property=\"og:site_name\" content=\"Grand H\u00f4tel de Normandie ****\" \/>\n<meta property=\"article:modified_time\" content=\"2024-01-16T09:10:44+00:00\" \/>\n<meta property=\"og:image\" content=\"https:\/\/www.grand-hotel-de-normandie.com\/wp-content\/uploads\/2014\/07\/lobby_3.jpg\" \/>\n\t<meta property=\"og:image:width\" content=\"2000\" \/>\n\t<meta property=\"og:image:height\" content=\"1333\" \/>\n\t<meta property=\"og:image:type\" content=\"image\/jpeg\" \/>\n<meta name=\"twitter:card\" content=\"summary_large_image\" \/>\n<meta name=\"twitter:label1\" content=\"\u9884\u8ba1\u9605\u8bfb\u65f6\u95f4\" \/>\n\t<meta name=\"twitter:data1\" content=\"2 \u5206\" \/>\n<script type=\"application\/ld+json\" class=\"yoast-schema-graph\">{\"@context\":\"https:\/\/schema.org\",\"@graph\":[{\"@type\":\"WebPage\",\"@id\":\"https:\/\/www.grand-hotel-de-normandie.com\/zh-hans\/services\/\",\"url\":\"https:\/\/www.grand-hotel-de-normandie.com\/zh-hans\/services\/\",\"name\":\"Services - Grand H\u00f4tel de Normandie ****\",\"isPartOf\":{\"@id\":\"https:\/\/www.grand-hotel-de-normandie.com\/#website\"},\"primaryImageOfPage\":{\"@id\":\"https:\/\/www.grand-hotel-de-normandie.com\/zh-hans\/services\/#primaryimage\"},\"image\":{\"@id\":\"https:\/\/www.grand-hotel-de-normandie.com\/zh-hans\/services\/#primaryimage\"},\"thumbnailUrl\":\"https:\/\/www.grand-hotel-de-normandie.com\/wp-content\/uploads\/2014\/07\/lobby_3.jpg\",\"datePublished\":\"2017-06-13T05:45:27+00:00\",\"dateModified\":\"2024-01-16T09:10:44+00:00\",\"description\":\"D\u00e9couvrez les services du Grand Hotel de Normandie, h\u00f4tel 4 \u00e9toiles en plein coeur de Paris. B\u00e9n\u00e9ficiez de 15% de r\u00e9duction en direct.\",\"breadcrumb\":{\"@id\":\"https:\/\/www.grand-hotel-de-normandie.com\/zh-hans\/services\/#breadcrumb\"},\"inLanguage\":\"zh-Hans\",\"potentialAction\":[{\"@type\":\"ReadAction\",\"target\":[\"https:\/\/www.grand-hotel-de-normandie.com\/zh-hans\/services\/\"]}]},{\"@type\":\"ImageObject\",\"inLanguage\":\"zh-Hans\",\"@id\":\"https:\/\/www.grand-hotel-de-normandie.com\/zh-hans\/services\/#primaryimage\",\"url\":\"https:\/\/www.grand-hotel-de-normandie.com\/wp-content\/uploads\/2014\/07\/lobby_3.jpg\",\"contentUrl\":\"https:\/\/www.grand-hotel-de-normandie.com\/wp-content\/uploads\/2014\/07\/lobby_3.jpg\",\"width\":2000,\"height\":1333},{\"@type\":\"BreadcrumbList\",\"@id\":\"https:\/\/www.grand-hotel-de-normandie.com\/zh-hans\/services\/#breadcrumb\",\"itemListElement\":[{\"@type\":\"ListItem\",\"position\":1,\"name\":\"Accueil\",\"item\":\"https:\/\/www.grand-hotel-de-normandie.com\/zh-hans\/\"},{\"@type\":\"ListItem\",\"position\":2,\"name\":\"Services\"}]},{\"@type\":\"WebSite\",\"@id\":\"https:\/\/www.grand-hotel-de-normandie.com\/#website\",\"url\":\"https:\/\/www.grand-hotel-de-normandie.com\/\",\"name\":\"Grand H\u00f4tel de Normandie ****\",\"description\":\"\",\"publisher\":{\"@id\":\"https:\/\/www.grand-hotel-de-normandie.com\/#organization\"},\"potentialAction\":[{\"@type\":\"SearchAction\",\"target\":{\"@type\":\"EntryPoint\",\"urlTemplate\":\"https:\/\/www.grand-hotel-de-normandie.com\/?s={search_term_string}\"},\"query-input\":{\"@type\":\"PropertyValueSpecification\",\"valueRequired\":true,\"valueName\":\"search_term_string\"}}],\"inLanguage\":\"zh-Hans\"},{\"@type\":\"Organization\",\"@id\":\"https:\/\/www.grand-hotel-de-normandie.com\/#organization\",\"name\":\"Grand H\u00f4tel de Normandie\",\"url\":\"https:\/\/www.grand-hotel-de-normandie.com\/\",\"logo\":{\"@type\":\"ImageObject\",\"inLanguage\":\"zh-Hans\",\"@id\":\"https:\/\/www.grand-hotel-de-normandie.com\/#\/schema\/logo\/image\/\",\"url\":\"https:\/\/www.grand-hotel-de-normandie.com\/wp-content\/uploads\/2018\/08\/logo.png\",\"contentUrl\":\"https:\/\/www.grand-hotel-de-normandie.com\/wp-content\/uploads\/2018\/08\/logo.png\",\"width\":1200,\"height\":1193,\"caption\":\"Grand H\u00f4tel de Normandie\"},\"image\":{\"@id\":\"https:\/\/www.grand-hotel-de-normandie.com\/#\/schema\/logo\/image\/\"}}]}<\/script>\n<!-- \/ Yoast SEO plugin. -->","yoast_head_json":{"title":"Services - Grand H\u00f4tel de Normandie ****","description":"D\u00e9couvrez les services du Grand Hotel de Normandie, h\u00f4tel 4 \u00e9toiles en plein coeur de Paris. B\u00e9n\u00e9ficiez de 15% de r\u00e9duction en direct.","robots":{"index":"index","follow":"follow","max-snippet":"max-snippet:-1","max-image-preview":"max-image-preview:large","max-video-preview":"max-video-preview:-1"},"og_locale":"zh_CN","og_type":"article","og_title":"Services - Grand H\u00f4tel de Normandie ****","og_description":"D\u00e9couvrez les services du Grand Hotel de Normandie, h\u00f4tel 4 \u00e9toiles en plein coeur de Paris. B\u00e9n\u00e9ficiez de 15% de r\u00e9duction en direct.","og_url":"https:\/\/www.grand-hotel-de-normandie.com\/zh-hans\/services\/","og_site_name":"Grand H\u00f4tel de Normandie ****","article_modified_time":"2024-01-16T09:10:44+00:00","og_image":[{"width":2000,"height":1333,"url":"https:\/\/www.grand-hotel-de-normandie.com\/wp-content\/uploads\/2014\/07\/lobby_3.jpg","type":"image\/jpeg"}],"twitter_card":"summary_large_image","twitter_misc":{"\u9884\u8ba1\u9605\u8bfb\u65f6\u95f4":"2 \u5206"},"schema":{"@context":"https:\/\/schema.org","@graph":[{"@type":"WebPage","@id":"https:\/\/www.grand-hotel-de-normandie.com\/zh-hans\/services\/","url":"https:\/\/www.grand-hotel-de-normandie.com\/zh-hans\/services\/","name":"Services - Grand H\u00f4tel de Normandie ****","isPartOf":{"@id":"https:\/\/www.grand-hotel-de-normandie.com\/#website"},"primaryImageOfPage":{"@id":"https:\/\/www.grand-hotel-de-normandie.com\/zh-hans\/services\/#primaryimage"},"image":{"@id":"https:\/\/www.grand-hotel-de-normandie.com\/zh-hans\/services\/#primaryimage"},"thumbnailUrl":"https:\/\/www.grand-hotel-de-normandie.com\/wp-content\/uploads\/2014\/07\/lobby_3.jpg","datePublished":"2017-06-13T05:45:27+00:00","dateModified":"2024-01-16T09:10:44+00:00","description":"D\u00e9couvrez les services du Grand Hotel de Normandie, h\u00f4tel 4 \u00e9toiles en plein coeur de Paris. B\u00e9n\u00e9ficiez de 15% de r\u00e9duction en direct.","breadcrumb":{"@id":"https:\/\/www.grand-hotel-de-normandie.com\/zh-hans\/services\/#breadcrumb"},"inLanguage":"zh-Hans","potentialAction":[{"@type":"ReadAction","target":["https:\/\/www.grand-hotel-de-normandie.com\/zh-hans\/services\/"]}]},{"@type":"ImageObject","inLanguage":"zh-Hans","@id":"https:\/\/www.grand-hotel-de-normandie.com\/zh-hans\/services\/#primaryimage","url":"https:\/\/www.grand-hotel-de-normandie.com\/wp-content\/uploads\/2014\/07\/lobby_3.jpg","contentUrl":"https:\/\/www.grand-hotel-de-normandie.com\/wp-content\/uploads\/2014\/07\/lobby_3.jpg","width":2000,"height":1333},{"@type":"BreadcrumbList","@id":"https:\/\/www.grand-hotel-de-normandie.com\/zh-hans\/services\/#breadcrumb","itemListElement":[{"@type":"ListItem","position":1,"name":"Accueil","item":"https:\/\/www.grand-hotel-de-normandie.com\/zh-hans\/"},{"@type":"ListItem","position":2,"name":"Services"}]},{"@type":"WebSite","@id":"https:\/\/www.grand-hotel-de-normandie.com\/#website","url":"https:\/\/www.grand-hotel-de-normandie.com\/","name":"Grand H\u00f4tel de Normandie ****","description":"","publisher":{"@id":"https:\/\/www.grand-hotel-de-normandie.com\/#organization"},"potentialAction":[{"@type":"SearchAction","target":{"@type":"EntryPoint","urlTemplate":"https:\/\/www.grand-hotel-de-normandie.com\/?s={search_term_string}"},"query-input":{"@type":"PropertyValueSpecification","valueRequired":true,"valueName":"search_term_string"}}],"inLanguage":"zh-Hans"},{"@type":"Organization","@id":"https:\/\/www.grand-hotel-de-normandie.com\/#organization","name":"Grand H\u00f4tel de Normandie","url":"https:\/\/www.grand-hotel-de-normandie.com\/","logo":{"@type":"ImageObject","inLanguage":"zh-Hans","@id":"https:\/\/www.grand-hotel-de-normandie.com\/#\/schema\/logo\/image\/","url":"https:\/\/www.grand-hotel-de-normandie.com\/wp-content\/uploads\/2018\/08\/logo.png","contentUrl":"https:\/\/www.grand-hotel-de-normandie.com\/wp-content\/uploads\/2018\/08\/logo.png","width":1200,"height":1193,"caption":"Grand H\u00f4tel de Normandie"},"image":{"@id":"https:\/\/www.grand-hotel-de-normandie.com\/#\/schema\/logo\/image\/"}}]}},"_links":{"self":[{"href":"https:\/\/www.grand-hotel-de-normandie.com\/zh-hans\/wp-json\/wp\/v2\/pages\/1865\/"}],"collection":[{"href":"https:\/\/www.grand-hotel-de-normandie.com\/zh-hans\/wp-json\/wp\/v2\/pages\/"}],"about":[{"href":"https:\/\/www.grand-hotel-de-normandie.com\/zh-hans\/wp-json\/wp\/v2\/types\/page\/"}],"author":[{"embeddable":true,"href":"https:\/\/www.grand-hotel-de-normandie.com\/zh-hans\/wp-json\/wp\/v2\/users\/1\/"}],"replies":[{"embeddable":true,"href":"https:\/\/www.grand-hotel-de-normandie.com\/zh-hans\/wp-json\/wp\/v2\/comments\/?post=1865"}],"version-history":[{"count":2,"href":"https:\/\/www.grand-hotel-de-normandie.com\/zh-hans\/wp-json\/wp\/v2\/pages\/1865\/revisions\/"}],"predecessor-version":[{"id":2395,"href":"https:\/\/www.grand-hotel-de-normandie.com\/zh-hans\/wp-json\/wp\/v2\/pages\/1865\/revisions\/2395\/"}],"wp:featuredmedia":[{"embeddable":true,"href":"https:\/\/www.grand-hotel-de-normandie.com\/zh-hans\/wp-json\/wp\/v2\/media\/1827\/"}],"wp:attachment":[{"href":"https:\/\/www.grand-hotel-de-normandie.com\/zh-hans\/wp-json\/wp\/v2\/media\/?parent=1865"}],"curies":[{"name":"wp","href":"https:\/\/api.w.org\/{rel}","templated":true}]}}